{"id":327,"date":"2020-04-25T15:47:52","date_gmt":"2020-04-25T12:47:52","guid":{"rendered":"https:\/\/kayapartner.com\/en\/?page_id=327"},"modified":"2020-05-31T14:59:15","modified_gmt":"2020-05-31T11:59:15","slug":"events","status":"publish","type":"page","link":"https:\/\/kayapartner.com\/ru\/events\/","title":{"rendered":"Events"},"content":{"rendered":"<p><a href=\"https:\/\/kayapartner.com\/en\/lawnet-conference-2019-wales\/\"><strong>LAWNET CONFERENCE 2019 WALES<\/strong><\/a><\/p>\n<p>The annual conference is the flagship event in the LawNet calendar each year, attracting world class speakers and bringing together senior partners and management teams from across the network to debate key industry issues.<\/p>\n<p>Awards 2019<\/p>\n<p>The presentation of the LawNet Awards 2019 took place on 8th November 2019 during the conference dinner at Celtic Manor Resort, Newport Wales \u2013 UK \u00a0Approximately 240 delegates attended, including Turkish solicitor and Turkish barrister A. Vahit Kaya, head of \u00a0Istanbul\u00a0 based law firm Kaya &amp; Partner, Eurojuris members , British barristers, English solicitors, senior management from all LawNet firms and key business partners and sponsors. During the evening the award winners were announced and invited on stage to collect their trophy. <a href=\"https:\/\/kayapartner.com\/en\/lawnet-conference-2019-wales\/\">More<\/a><\/p>\n<p><strong><a href=\"https:\/\/kayapartner.com\/en\/football-law-annual-review-2019\/\">FOOTBALL LAW ANNUAL REVIEW 2019<\/a><\/strong><\/p>\n<p>One of the <strong>fundamental pillars of FIFA 2.0 is the transparency <\/strong>of the organisation, its governance and the decision-making process.<\/p>\n<p>In recent years, the development of <strong>regulations and legal decisions <\/strong>in various areas of FIFA\u2019s work has become <strong>very relevant <\/strong>for professionals, national associations, leagues, clubs and players\u2019 unions. <a href=\"https:\/\/kayapartner.com\/en\/football-law-annual-review-2019\/\">More<\/a><\/p>\n<p><strong><a href=\"https:\/\/kayapartner.com\/en\/?page_id=622&amp;preview=true\">LAW AT HOME SEMINAR \u2013 6 TYPES OF MEDIATION AND BENEFITS OF THE MEDIATION<\/a><\/strong><\/p>\n<p>All of you are welcome to an interesting mediation Talks on Thursday ( Online Turkish.)<br \/>\nMediation is an extrajudicial and alternative dispute resolution procedure in which the parties -including Turkish citizens and foreigners \u2013 discuss their disputes and the disputes are resolved with the assistance of an objective and experienced third party (mediator).:<br \/>\nThe Mediator Mrs Dilsad Yelken , member of Istanbul Bar Association will be speaking on Mediation and Benefits of the Mediation.<br \/>\nTopics: <a href=\"https:\/\/kayapartner.com\/en\/?page_id=622&amp;preview=true\">More<\/a><\/p>\n<p><img loading=\"lazy\" class=\"alignnone wp-image-620\" src=\"https:\/\/kayapartner.com\/en\/wp-content\/uploads\/2020\/05\/e666a6b1-4851-4ab8-b6d8-38f0367997e3-1024x576-300x169.jpg\" alt=\"\" width=\"756\" height=\"426\" srcset=\"https:\/\/kayapartner.com\/ru\/wp-content\/uploads\/2020\/05\/e666a6b1-4851-4ab8-b6d8-38f0367997e3-1024x576-300x169.jpg 300w, https:\/\/kayapartner.com\/ru\/wp-content\/uploads\/2020\/05\/e666a6b1-4851-4ab8-b6d8-38f0367997e3-1024x576-768x432.jpg 768w, https:\/\/kayapartner.com\/ru\/wp-content\/uploads\/2020\/05\/e666a6b1-4851-4ab8-b6d8-38f0367997e3-1024x576.jpg 1024w\" sizes=\"(max-width: 756px) 100vw, 756px\" \/><\/p>\n<p><strong><a href=\"https:\/\/kayapartner.com\/en\/legal-guidance-seminar-via-zoom\/\">LEGAL GU\u0130DANCE SEM\u0130NAR V\u0130A ZOOM<\/a><\/strong><\/p>\n<p>All of us have this one thing in common &#8211; we live here in Turkey. Whether you have been living here for a long time, or you have recently arrived, many of us come a point where we are in need of legal advice, whether it\u2019s concerning your rental contracts, residence permits, or business.<\/p>\n<p>For those many reasons, we think it is bene\ufb01cial to host a seminar with attorneys who are highly respected, as well as ikamet and business experts who can answer your questions.\u00a0 <a href=\"https:\/\/kayapartner.com\/en\/legal-guidance-seminar-via-zoom\/\">More<\/a><\/p>\n<p>&nbsp;<\/p>\n<p><img loading=\"lazy\" class=\"alignnone wp-image-489\" src=\"https:\/\/kayapartner.com\/en\/wp-content\/uploads\/2020\/05\/GNN-legal-zoom-seminar-2-002-212x300.jpg\" alt=\"\" width=\"760\" height=\"1075\" srcset=\"https:\/\/kayapartner.com\/ru\/wp-content\/uploads\/2020\/05\/GNN-legal-zoom-seminar-2-002-212x300.jpg 212w, https:\/\/kayapartner.com\/ru\/wp-content\/uploads\/2020\/05\/GNN-legal-zoom-seminar-2-002-768x1086.jpg 768w, https:\/\/kayapartner.com\/ru\/wp-content\/uploads\/2020\/05\/GNN-legal-zoom-seminar-2-002-724x1024.jpg 724w, https:\/\/kayapartner.com\/ru\/wp-content\/uploads\/2020\/05\/GNN-legal-zoom-seminar-2-002.jpg 794w\" sizes=\"(max-width: 760px) 100vw, 760px\" \/><\/p>\n<p><a href=\"https:\/\/kayapartner.com\/en\/?page_id=458&amp;preview=true\"><strong>LAW AT HOME SEMINAR \u2013\u00a0 5 :\u00a0 MEDICAL MALPRACTICE AND COMPENSATION RELATED TO COVID-19<\/strong><\/a><\/p>\n<p><strong>Medical Malpractice and Compensation Claims related to COVID-19 Under Turkish Obligation and Tort Law \u00a0\u00a0\u00a0<\/strong><\/p>\n<p>The COVID-19 pandemic is likely to result in an increase in medical malpractice claims in Turkey and in Western World . We, Turkish medical malpractice and tort law lawyers, \u00a0consider what claims might arise &#8216;directly&#8217; and &#8216;indirectly&#8217; from the virus, and how unique issues may result in changes to the legal test on breach of duty and the assessment of causation.\u00a0 <a href=\"https:\/\/kayapartner.com\/en\/?page_id=458&amp;preview=true\">More<\/a><\/p>\n<p><img loading=\"lazy\" class=\"alignnone wp-image-456\" src=\"https:\/\/kayapartner.com\/en\/wp-content\/uploads\/2020\/05\/jale-keskin-Presentation-May-2020-300x175.jpg\" alt=\"\" width=\"765\" height=\"446\" srcset=\"https:\/\/kayapartner.com\/ru\/wp-content\/uploads\/2020\/05\/jale-keskin-Presentation-May-2020-300x175.jpg 300w, https:\/\/kayapartner.com\/ru\/wp-content\/uploads\/2020\/05\/jale-keskin-Presentation-May-2020-768x447.jpg 768w, https:\/\/kayapartner.com\/ru\/wp-content\/uploads\/2020\/05\/jale-keskin-Presentation-May-2020-1024x596.jpg 1024w, https:\/\/kayapartner.com\/ru\/wp-content\/uploads\/2020\/05\/jale-keskin-Presentation-May-2020.jpg 1267w\" sizes=\"(max-width: 765px) 100vw, 765px\" \/><\/p>\n<p><a href=\"https:\/\/kayapartner.com\/en\/law-at-home-seminar-4-international-debt-recovery-and-force-majeures-extraordinary-circumstances-during-covid-19\/\"><strong>LAW AT HOME SEMINAR &#8211;\u00a0 4 :\u00a0 INTERNATIONAL DEBT RECOVERY<\/strong>\u00a0 <strong>and\u00a0 FORCE MAJEURES (EXTRAORDINARY CIRCUMSTANCES DURING COVID 19)<\/strong><\/a><\/p>\n<p>In this online meeting we aim to explain the procedures regarding debt collection, Inkassso \u2013 Incasso\u00a0 in Turkey when creditor is foreigner or Turkish. We lawyers at Kaya Partner\u00a0 will be presenting papers\u00a0 about International debt recovery in foreign countries when creditor is Turkish individual and\/or company.\u00a0 <a href=\"https:\/\/kayapartner.com\/en\/law-at-home-seminar-4-international-debt-recovery-and-force-majeures-extraordinary-circumstances-during-covid-19\/\">More<\/a><\/p>\n<h4><img loading=\"lazy\" class=\"alignnone wp-image-422\" src=\"https:\/\/kayapartner.com\/en\/wp-content\/uploads\/2020\/05\/aee07fa9-b4cb-434a-9bd1-7a049268fd7f-768x432-300x169.jpg\" alt=\"\" width=\"765\" height=\"431\" srcset=\"https:\/\/kayapartner.com\/ru\/wp-content\/uploads\/2020\/05\/aee07fa9-b4cb-434a-9bd1-7a049268fd7f-768x432-300x169.jpg 300w, https:\/\/kayapartner.com\/ru\/wp-content\/uploads\/2020\/05\/aee07fa9-b4cb-434a-9bd1-7a049268fd7f-768x432.jpg 768w\" sizes=\"(max-width: 765px) 100vw, 765px\" \/><\/h4>\n<p><a href=\"https:\/\/kayapartner.com\/en\/law-at-home-seminar-3-short-term-work-allowance-and-prohibition-termination-of-employment-contract-during-covid-19\/\"><strong>LAW AT HOME SEMINAR &#8211;\u00a0 3 :\u00a0 <\/strong><strong>SHORT TERM WORK ALLOWANCE\u00a0 AND PROHIBITION TERMINATION OF EMPLOYMENT CONTRACT (DURING COVID 19)<\/strong><\/a><\/p>\n<p>In this virtual meeting , member of Istanbul Bar Association , Mr\u00a0 Orhun KAMAN , attorney -at law, specialised in Labour and Corperate law will be giving a short presentation on three topics ;<br \/>\n1) Short Term Work Allowance\u00a0 under Turkish Employment law,<br \/>\n2) Prohibition on Termination of Employment Contract during Pandemic Coronavirus in Turkey<br \/>\n3) Unpaid Leave under COVID 19 regulations in Turkey.\u00a0 <a href=\"https:\/\/kayapartner.com\/en\/law-at-home-seminar-3-short-term-work-allowance-and-prohibition-termination-of-employment-contract-during-covid-19\/\">More<\/a><\/p>\n<p><img loading=\"lazy\" class=\"alignnone wp-image-355\" src=\"https:\/\/kayapartner.com\/en\/wp-content\/uploads\/2020\/04\/orhun-kaman-evde-hukuk-3-afi\u015f-002-300x169.jpg\" alt=\"\" width=\"772\" height=\"435\" srcset=\"https:\/\/kayapartner.com\/ru\/wp-content\/uploads\/2020\/04\/orhun-kaman-evde-hukuk-3-afi\u015f-002-300x169.jpg 300w, https:\/\/kayapartner.com\/ru\/wp-content\/uploads\/2020\/04\/orhun-kaman-evde-hukuk-3-afi\u015f-002-768x432.jpg 768w, https:\/\/kayapartner.com\/ru\/wp-content\/uploads\/2020\/04\/orhun-kaman-evde-hukuk-3-afi\u015f-002-1024x576.jpg 1024w, https:\/\/kayapartner.com\/ru\/wp-content\/uploads\/2020\/04\/orhun-kaman-evde-hukuk-3-afi\u015f-002.jpg 1366w\" sizes=\"(max-width: 772px) 100vw, 772px\" \/><\/p>\n<p><a href=\"https:\/\/kayapartner.com\/en\/law-at-home-seminar-2-children-custody-and-child-poverty-allowance-alimony-in-turkey\/\"><strong>LAW AT HOME SEMINAR &#8211;\u00a0 2 :\u00a0 CHILDREN CUSTODY AND CHILD \u00a0POVERTY ALLOWANCE ( ALIMONY ) IN TURKEY<\/strong><\/a><\/p>\n<p>In this Turkish virtual meeting, a member of Istanbul Bar Association , Ms \u00c7a\u011fla \u00c7inili, attorney -at law, specialised in family law ( Divorce, Child Custody and Alimony) will be giving a short presentation on two topics ; Child Custody and financial support \/ maintenance and Poverty Allowance .<br \/>\nAccording to the family regulations in Turkey the judge must decide which parent takes the custody of the child at divorce cases. There are a few factors that will influence the decision. The major factor is the possibility of a parent to offer the child a better life, better education and living.\u00a0 <a href=\"https:\/\/kayapartner.com\/en\/law-at-home-seminar-2-children-custody-and-child-poverty-allowance-alimony-in-turkey\/\">More<\/a><\/p>\n<h4><img loading=\"lazy\" class=\"alignnone wp-image-437\" src=\"https:\/\/kayapartner.com\/en\/wp-content\/uploads\/2020\/05\/Evde-hukuk-2-Aile-Nisan-2020-768x432-300x169.jpg\" alt=\"\" width=\"813\" height=\"458\" srcset=\"https:\/\/kayapartner.com\/ru\/wp-content\/uploads\/2020\/05\/Evde-hukuk-2-Aile-Nisan-2020-768x432-300x169.jpg 300w, https:\/\/kayapartner.com\/ru\/wp-content\/uploads\/2020\/05\/Evde-hukuk-2-Aile-Nisan-2020-768x432.jpg 768w\" sizes=\"(max-width: 813px) 100vw, 813px\" \/><\/h4>\n<p><a href=\"https:\/\/kayapartner.com\/en\/?page_id=442&amp;preview=true\"><strong>LAW AT HOME SEMINAR \u00a01-\u00a0 \u00a0CIRCUMSTANCES REVISION OF RENTAL CONTACTS and COMMERCIAL AGREEMENTS DUE TO COVID -19\u00a0<\/strong><\/a><\/p>\n<p>According to the Turkish Cassation Court\u2019s ( Supreme Court of Appeal in Ankara\u00a0 ) precedent, parties\u2019 contractual obligations arising from rental contract\u00a0 and\u00a0 lease contracts may be suspended until the circumstances causing the impossibility are eliminated.\u00a0 <a href=\"https:\/\/kayapartner.com\/en\/?page_id=442&amp;preview=true\">More<\/a><\/p>\n<p><img loading=\"lazy\" class=\"alignnone wp-image-441\" src=\"https:\/\/kayapartner.com\/en\/wp-content\/uploads\/2020\/05\/1-300x169.jpg\" alt=\"\" width=\"832\" height=\"469\" srcset=\"https:\/\/kayapartner.com\/ru\/wp-content\/uploads\/2020\/05\/1-300x169.jpg 300w, https:\/\/kayapartner.com\/ru\/wp-content\/uploads\/2020\/05\/1.jpg 768w\" sizes=\"(max-width: 832px) 100vw, 832px\" \/><\/p>\n<p><strong><a href=\"https:\/\/kayapartner.com\/en\/?page_id=449&amp;preview=true\">TURKISH LAW SEMINAR ON CIRCUMSTANCES FOR REVISION OF AGREEMENTS DUE TO COVID -19<\/a><\/strong><\/p>\n<p>while all countries have been adopting various measures to combat the spread of COVID-19, the pandemic\u2019s effects have inevitably intensified. The virus\u2019s ongoing spread has become one of the biggest threats to global economy and financial markets.\u00a0 <a href=\"https:\/\/kayapartner.com\/en\/?page_id=449&amp;preview=true\">More<\/a><\/p>\n<p><a href=\"https:\/\/kayapartner.com\/en\/turkish-law-seminar-on-circumstances-for-revision-of-agreements-due-to-covid-19-2\/\"><strong>SEMINAR ON TURKISH LAW\u00a0 FOR\u00a0 FOREIGNERS AND\u00a0\u00a0 LEGAL DEFINITION OF EXPAT AND\u00a0 IMMIGRANT?<\/strong> <\/a><\/p>\n<p>In the last decade or so, many people, especially those of us from emerging economies have increasingly identified as not just citizens of one nation, but also as part of a global citizenry.<br \/>\nAre maids\u2019 expats? Yes they are. Are construction workers in Singapore that you see on the building sites expats?\u00a0 <a href=\"https:\/\/kayapartner.com\/en\/turkish-law-seminar-on-circumstances-for-revision-of-agreements-due-to-covid-19-2\/\">More<\/a><\/p>\n<p><a href=\"https:\/\/kayapartner.com\/en\/celebraiton-of-15th-year\/\"><strong>CELEBRAITON OF 15TH YEAR<\/strong><\/a><\/p>\n<p><img loading=\"lazy\" class=\"alignnone wp-image-807\" src=\"https:\/\/kayapartner.com\/en\/wp-content\/uploads\/2020\/05\/L1A0329-300x200.jpg\" alt=\"\" width=\"225\" height=\"150\" srcset=\"https:\/\/kayapartner.com\/ru\/wp-content\/uploads\/2020\/05\/L1A0329-300x200.jpg 300w, https:\/\/kayapartner.com\/ru\/wp-content\/uploads\/2020\/05\/L1A0329-768x512.jpg 768w, https:\/\/kayapartner.com\/ru\/wp-content\/uploads\/2020\/05\/L1A0329-1024x683.jpg 1024w\" sizes=\"(max-width: 225px) 100vw, 225px\" \/><img loading=\"lazy\" class=\"alignnone wp-image-806\" src=\"https:\/\/kayapartner.com\/en\/wp-content\/uploads\/2020\/05\/L1A0322-300x200.jpg\" alt=\"\" width=\"224\" height=\"149\" srcset=\"https:\/\/kayapartner.com\/ru\/wp-content\/uploads\/2020\/05\/L1A0322-300x200.jpg 300w, https:\/\/kayapartner.com\/ru\/wp-content\/uploads\/2020\/05\/L1A0322-768x512.jpg 768w, https:\/\/kayapartner.com\/ru\/wp-content\/uploads\/2020\/05\/L1A0322-1024x683.jpg 1024w\" sizes=\"(max-width: 224px) 100vw, 224px\" \/><img loading=\"lazy\" class=\"alignnone wp-image-805\" src=\"https:\/\/kayapartner.com\/en\/wp-content\/uploads\/2020\/05\/L1A0300-300x200.jpg\" alt=\"\" width=\"223\" height=\"149\" srcset=\"https:\/\/kayapartner.com\/ru\/wp-content\/uploads\/2020\/05\/L1A0300-300x200.jpg 300w, https:\/\/kayapartner.com\/ru\/wp-content\/uploads\/2020\/05\/L1A0300-768x512.jpg 768w, https:\/\/kayapartner.com\/ru\/wp-content\/uploads\/2020\/05\/L1A0300-1024x683.jpg 1024w\" sizes=\"(max-width: 223px) 100vw, 223px\" \/><\/p>\n<p>Kaya Partner Lawyers and Consultants Firm has celebrated it is 15th anniversary and the founder of the firm Mr Vahit Kaya\u2019s 25th anniversary in legal sector about 300 participants were at the coctail. Amoung the participans the domestic and international clients, Turkish barristers and solicitors, friends and staff from central district courts.<strong> 28.09.2019 <a href=\"https:\/\/kayapartner.com\/en\/celebraiton-of-15th-year\/\">More<\/a><\/strong><\/p>\n<p>&nbsp;<\/p>\n","protected":false},"excerpt":{"rendered":"<p>LAWNET CONFERENCE 2019 WALES The annual conference is the flagship event in the LawNet calendar each year, attracting world class speakers and bringing together senior partners and management teams from across the network to debate key industry issues. Awards 2019 The presentation of the LawNet Awards 2019 took place on 8th November 2019 during the [&hellip;]<\/p>\n","protected":false},"author":2,"featured_media":0,"parent":0,"menu_order":0,"comment_status":"closed","ping_status":"closed","template":"","meta":[],"_links":{"self":[{"href":"https:\/\/kayapartner.com\/ru\/wp-json\/wp\/v2\/pages\/327"}],"collection":[{"href":"https:\/\/kayapartner.com\/ru\/wp-json\/wp\/v2\/pages"}],"about":[{"href":"https:\/\/kayapartner.com\/ru\/wp-json\/wp\/v2\/types\/page"}],"author":[{"embeddable":true,"href":"https:\/\/kayapartner.com\/ru\/wp-json\/wp\/v2\/users\/2"}],"replies":[{"embeddable":true,"href":"https:\/\/kayapartner.com\/ru\/wp-json\/wp\/v2\/comments?post=327"}],"version-history":[{"count":39,"href":"https:\/\/kayapartner.com\/ru\/wp-json\/wp\/v2\/pages\/327\/revisions"}],"predecessor-version":[{"id":420,"href":"https:\/\/kayapartner.com\/ru\/wp-json\/wp\/v2\/pages\/327\/revisions\/420"}],"wp:attachment":[{"href":"https:\/\/kayapartner.com\/ru\/wp-json\/wp\/v2\/media?parent=327"}],"curies":[{"name":"wp","href":"https:\/\/api.w.org\/{rel}","templated":true}]}}