{"id":598,"date":"2023-03-03T15:04:57","date_gmt":"2023-03-03T12:04:57","guid":{"rendered":"https:\/\/kayapartner.com\/de\/?page_id=598"},"modified":"2023-03-03T15:04:57","modified_gmt":"2023-03-03T12:04:57","slug":"arztliche-kunstfehler-und-rechtsfolgen-nach-turkischem-recht","status":"publish","type":"page","link":"https:\/\/kayapartner.com\/de\/arztliche-kunstfehler-und-rechtsfolgen-nach-turkischem-recht\/","title":{"rendered":"\u00c4RZTLICHE KUNSTFEHLER UND RECHTSFOLGEN NACH T\u00dcRKISCHEM RECHT"},"content":{"rendered":"<p><strong>\u00c4RZTLICHE KUNSTFEHLER UND RECHTSFOLGEN NACH T\u00dcRKISCHEM RECHT<\/strong><\/p>\n<ul>\n<li><strong>Was ist ein Kunstfehler oder Behandlungsfehler?<\/strong><\/li>\n<\/ul>\n<p>Wenn wir es im Rahmen des t\u00fcrkischen Rechts bewerten; Behandlungsfehler oder medizinischer Fehler ist die Situation, in der der Patient im Falle verschiedener Verst\u00f6\u00dfe gegen medizinische Standards in einem der medizinischen Praxisprozesse wie Diagnose, Behandlung, organisatorische Verpflichtung des Arztes und des anderen Gesundheitspersonals Schaden erleidet.<\/p>\n<p>&nbsp;<\/p>\n<p>In \u00dcbereinstimmung mit dem 13. Artikel des Berufsethikkodex der t\u00fcrkischen \u00c4rztekammer wird der Begriff des Fehlverhaltens als <em>\u201eSch\u00e4digung des Patienten aufgrund von Unwissenheit, Unerfahrenheit oder eines \u00e4rztlichen Fehlers\u201c <\/em>definiert<em>.<\/em><\/p>\n<p>Die Person, die einen Behandlungsfehler verursacht, kann Gesundheitspersonal, Arzt, Zahnarzt, Krankenschwester, Hebamme, Rettungssanit\u00e4ter und anderes Gesundheitspersonal sein.<\/p>\n<ul>\n<li><strong>Auf welche Weise kann es zu Behandlungsfehlern kommen?<\/strong><\/li>\n<\/ul>\n<p><strong>Haftung im Falle einer Fehldiagnose<\/strong><\/p>\n<p><strong>Der Fehler des Arztes, der zu einem \u00e4rztlichen Kunstfehler f\u00fchrt, tritt in der Regel in Form einer Fehldiagnose der Krankheit auf. <\/strong><\/p>\n<p><strong>In diesem Fall ist es m\u00f6glich, Strafanzeige gegen den Arzt\/die \u00c4rztin zu erstatten und eine Schadensersatzklage wegen eines Arztfehlers aufgrund einer Fehldiagnose einzureichen. <\/strong><\/p>\n<p><strong>Haftung im Falle von Kunstfehlern<\/strong><\/p>\n<p><strong>In diesem Fall ist es m\u00f6glich, dass der Arzt\/die \u00c4rztin die falsche Behandlung oder die richtige Behandlung in der falschen Weise angewandt hat. Wie bei einer Fehldiagnose werden eine Strafanzeige und eine Entsch\u00e4digungsklage eingereicht und der Rechtsweg beschritten.<\/strong><\/p>\n<p><strong>Schadensersatzhaftung bei fehlerhaften \u00e4sthetischen Operationen und Zahnbehandlungen<\/strong><\/p>\n<p><strong>Der Umfang der Haftung variiert je nach der \u00e4sthetischen Operation, den zahn\u00e4rztlichen Behandlungen, die zu \u00e4sthetischen Zwecken und im Rahmen der Behandlung durchgef\u00fchrt werden.<\/strong><\/p>\n<p><strong>Da es sich bei den medizinischen Eingriffen zu \u00e4sthetischen Zwecken nicht mehr um ein Auftragsverh\u00e4ltnis zwischen Arzt und Patient handelt, sondern um ein Werkvertragsverh\u00e4ltnis, ist der Arzt\/die \u00c4rztin auch an das hier entstehende Ergebnis gebunden. Daher muss der Arzt\/die \u00c4rztin neben der Sorgfaltspflicht wie bei anderen Verantwortlichkeiten auch das Ergebnis \u00fcbernehmen und realisieren. Andernfalls wird der Arzt\/die \u00c4rztin wie in anderen F\u00e4llen rechtlich haftbar gemacht.<\/strong><\/p>\n<ul>\n<li><strong>&#8211; Der Zustand, der die \u00e4rztliche Verantwortung ausschlie\u00dft: Komplikation<\/strong><\/li>\n<\/ul>\n<p>Eine medizinische Komplikation ist das Auftreten unerw\u00fcnschter Ergebnisse bei medizinischen Verfahren, die der Arzt oder die medizinische Fachkraft unter rechtm\u00e4\u00dfigen Bedingungen durchgef\u00fchrt hat, obwohl sie ihrer Sorgfaltspflicht nachgekommen sind und den Patienten \u00fcber die Anwendung und ihre Folgen informiert haben. Der Unterschied zwischen Komplikation und Fehlverhalten h\u00e4ngt mit der Frage zusammen, ob der Angeh\u00f6rige der Gesundheitsberufe seine Pflichten im Rahmen seiner Aufgaben und Verantwortlichkeiten erf\u00fcllt hat.<\/p>\n<p>Die Unterscheidung, ob es sich um einen medizinischen Fehler oder eine Komplikation handelt, wird von den vom Gericht zu bestellenden Sachverst\u00e4ndigen oder auf der Grundlage des vom Institut f\u00fcr Rechtsmedizin zu erstellenden Gutachtens getroffen.<\/p>\n<ul>\n<li><strong>\u00c4rztliche Sorgfaltspflicht<\/strong><\/li>\n<\/ul>\n<p>Das Gesundheitspersonal ist f\u00fcr die Sorgfaltspflicht verantwortlich, die normalerweise von den \u00c4rzten bei der Aus\u00fcbung ihrer T\u00e4tigkeit erwartet wird, angefangen bei den pr\u00e4ventiven Ma\u00dfnahmen \u00fcber die Diagnose und die Behandlungsphasen bis hin zur Nachsorge des Patienten. Dabei sollte er\/sie seine\/ihre Aufgabe als Arzt\/\u00c4rztin mit der richtigen Diagnose und Behandlungsmethode f\u00fcr die Genesung des Patienten\/der Patientin erf\u00fcllen. Indem er\/sie alle M\u00f6glichkeiten abw\u00e4gt und die notwendigen und erwarteten Vorsichtsma\u00dfnahmen trifft, sollte er\/sie ein Verhalten an den Tag legen, das allen notwendigen Sorgfaltspflichten entspricht.<\/p>\n<ul>\n<li><strong>Rechtlicher Aspekt der Haftung<\/strong><\/li>\n<\/ul>\n<p>Nach den Bestimmungen des t\u00fcrkischen Obligationenrechts k\u00f6nnen gem\u00e4\u00df den Bestimmungen der unerlaubten Handlung, der Arbeit ohne Vollmacht, des Bevollm\u00e4chtigungsvertrags und des Arbeitsvertrags die folgenden Schadensersatz &#8211; Schmerzensgeld geltend gemacht werden.<\/p>\n<ul>\n<li><strong>Partei und Gericht, bei dem der Fall eingereicht wird<\/strong><\/li>\n<\/ul>\n<p>Handelt es sich bei der Einrichtung, in der der \u00e4rztliche Kunstfehler begangen wurde, um ein Privatkrankenhaus oder eine Universit\u00e4tsklinik, so wird gegen das Krankenhaus und den Arzt, der den Kunstfehler begangen hat, vor den Verbrauchergerichten des Gerichtsstands Klage erhoben.<\/p>\n<p>Handelt es sich um ein staatliches Krankenhaus oder ein Stiftungskrankenhaus, das die \u00e4rztliche T\u00e4tigkeit aus\u00fcbt, muss eine Klage vor dem Verwaltungsgericht gegen die Verwaltung und nicht direkt gegen den Arzt eingereicht werden. Dar\u00fcber hinaus sollte bei Kunstfehlern in \u00f6ffentlichen Krankenh\u00e4usern nicht der Arzt, sondern die Verwaltung verklagt werden, wenn kein nichtmedizinisches Fehlverhalten vorliegt.<\/p>\n<p>Zu beachten ist auch, dass \u00f6ffentliche und nicht stiftungsgebundene Krankenh\u00e4user und Kliniken gesamtschuldnerisch mit dem Arzt haften.<\/p>\n<ul>\n<li><strong>Schadensersatz &#8211; Schmerzensgeld im Rahmen von Kunstfehlern im Rahmen des \u00e4rztlichen Kunstfehlers<\/strong><\/li>\n<\/ul>\n<p>Im Falle unerw\u00fcnschter Folgen infolge einer nachl\u00e4ssigen, gleichg\u00fcltigen und unkundigen Anwendung medizinischer Ma\u00dfnahmen kann sowohl Schadenersatz als auch Schmerzensgeld verlangt werden. Dieser Anspruch kann vom Patienten selbst oder von denjenigen geltend gemacht werden, denen die Unterst\u00fctzung des Patienten entzogen wird, oder von Angeh\u00f6rigen, die durch den Schaden des Patienten moralisch beeintr\u00e4chtigt werden.<\/p>\n<p><strong>Arten von Schadensersatz &#8211; Schmerzensgeld, die geltend gemacht werden k\u00f6nnen:<\/strong><\/p>\n<ol>\n<li>Verdienstausf\u00e4lle und Behandlungskosten<\/li>\n<li>Verluste, die durch die Gef\u00e4hrdung der wirtschaftlichen Zukunft entstehen<\/li>\n<li>Schmerzensgeld f\u00fcr psychische Sch\u00e4den, die durch schwere Verletzungen, den Verlust von Gliedma\u00dfen, schwere Krankheiten, Depressionen usw. entstanden sind.<\/li>\n<li>Die H\u00f6he der Entsch\u00e4digung richtet sich nach dem Grad der Erwerbsminderung im Falle der Erwerbsminderung<\/li>\n<\/ol>\n<p><strong>Au\u00dferdem, wenn sie mit dem Tod des Patienten einhergeht;<\/strong><\/p>\n<ol>\n<li>die Beerdigungskosten<\/li>\n<li>eine Entsch\u00e4digung f\u00fcr entgangenen Unterhalt f\u00fcr diejenigen, denen der Unterhalt des Verstorbenen entzogen wurde<\/li>\n<li>Schmerzensgeld, das von den Angeh\u00f6rigen des Verstorbenen zu fordern ist.<\/li>\n<\/ol>\n<p><strong>\u00a0\u00a0\u00a0\u00a0\u00a0\u00a0\u00a0\u00a0\u00a0\u00a0 Verj\u00e4hrung bei \u00e4rztlichen Kunstfehlern<\/strong><\/p>\n<p>In F\u00e4llen wie Arztfehler, Fehler des Gesundheitspersonals, medizinischer Fehler, falsche Diagnose, falsche Operation wird die Verj\u00e4hrung auf zwei Arten beurteilt.<\/p>\n<p>Wenn ein unerw\u00fcnschtes Ergebnis, das durch einen medizinischen Fehler (Fehler des Gesundheitspersonals) verursacht wurde, aufgrund von medizinischen Praktiken in \u00f6ffentlichen Krankenh\u00e4usern eingetreten ist, muss es innerhalb eines Jahres nach Bekanntwerden des unerw\u00fcnschten Ergebnisses als volles Urteil vor dem Verwaltungsgericht eingereicht werden.<\/p>\n<p>Wenn es eine Verj\u00e4hrungsfrist f\u00fcr unbeabsichtigte Folgen von Praktiken in Privatkliniken und Universit\u00e4tskliniken gibt, muss eine Klage innerhalb von 5 Jahren nach Bekanntwerden des Fehlverhaltens vor dem Verbrauchergericht des Gerichtsstands eingereicht werden.<\/p>\n<p>Einer der Punkte, der nicht vergessen werden darf, ist, dass es einen Kausalzusammenhang zwischen den von den Angeh\u00f6rigen der Gesundheitsberufe ausge\u00fcbten medizinischen Praktiken und dem unerw\u00fcnschten Ergebnis, d. h. dem Kunstfehler, geben muss. Wenn die unerw\u00fcnschten Ergebnisse, die beim Patienten auftreten, nicht auf ein Verhalten des Arztes oder der medizinischen Fachkraft zur\u00fcckzuf\u00fchren sind, das gegen seine Berufspflicht verst\u00f6\u00dft, wie z. B. Unwissenheit, Nachl\u00e4ssigkeit, Unachtsamkeit, ist es nicht m\u00f6glich, in diesem Fall auf einen \u00e4rztlichen Kunstfehler oder die Verantwortung des Arztes zu verweisen, so dass die Inanspruchnahme einer fachkundigen Beratung f\u00fcr solche Fragen und alle anderen Einzelheiten einen gesunden Verlauf des Prozesses gew\u00e4hrleistet.<\/p>\n<p>&nbsp;<\/p>\n<p>Ra. A. Vahit KAYA &amp; Ra. Behram \u015eAH\u0130N<\/p>\n","protected":false},"excerpt":{"rendered":"<p>\u00c4RZTLICHE KUNSTFEHLER UND RECHTSFOLGEN NACH T\u00dcRKISCHEM RECHT Was ist ein Kunstfehler oder Behandlungsfehler? Wenn wir es im Rahmen des t\u00fcrkischen Rechts bewerten; Behandlungsfehler oder medizinischer Fehler ist die Situation, in der der Patient im Falle verschiedener Verst\u00f6\u00dfe gegen medizinische Standards in einem der medizinischen Praxisprozesse wie Diagnose, Behandlung, organisatorische Verpflichtung des Arztes und des anderen [&hellip;]<\/p>\n","protected":false},"author":2,"featured_media":0,"parent":0,"menu_order":0,"comment_status":"closed","ping_status":"closed","template":"","meta":[],"_links":{"self":[{"href":"https:\/\/kayapartner.com\/de\/wp-json\/wp\/v2\/pages\/598"}],"collection":[{"href":"https:\/\/kayapartner.com\/de\/wp-json\/wp\/v2\/pages"}],"about":[{"href":"https:\/\/kayapartner.com\/de\/wp-json\/wp\/v2\/types\/page"}],"author":[{"embeddable":true,"href":"https:\/\/kayapartner.com\/de\/wp-json\/wp\/v2\/users\/2"}],"replies":[{"embeddable":true,"href":"https:\/\/kayapartner.com\/de\/wp-json\/wp\/v2\/comments?post=598"}],"version-history":[{"count":1,"href":"https:\/\/kayapartner.com\/de\/wp-json\/wp\/v2\/pages\/598\/revisions"}],"predecessor-version":[{"id":599,"href":"https:\/\/kayapartner.com\/de\/wp-json\/wp\/v2\/pages\/598\/revisions\/599"}],"wp:attachment":[{"href":"https:\/\/kayapartner.com\/de\/wp-json\/wp\/v2\/media?parent=598"}],"curies":[{"name":"wp","href":"https:\/\/api.w.org\/{rel}","templated":true}]}}