{"id":557,"date":"2022-09-20T15:35:00","date_gmt":"2022-09-20T12:35:00","guid":{"rendered":"https:\/\/kayapartner.com\/de\/?page_id=557"},"modified":"2022-09-20T15:35:00","modified_gmt":"2022-09-20T12:35:00","slug":"scheidung","status":"publish","type":"page","link":"https:\/\/kayapartner.com\/de\/scheidung\/","title":{"rendered":"Scheidung"},"content":{"rendered":"<p><strong><u>SCHEIDUNGSVERFAHREN<\/u><\/strong><\/p>\n<p>Das t\u00fcrkische Zivilgesetzbuch sieht zwei Arten von Scheidungsverfahren vor. Das erste dieser Verfahren ist das Verfahren der &#8220;unbestrittenen Scheidung&#8221;. Sie wird dadurch verwirklicht, dass Vereinbarungen \u00fcber alle Fragen, die unter das Dach der ehelichen Gemeinschaft fallen k\u00f6nnen, in einem schriftlichen Protokoll festgehalten und vor dem Richter best\u00e4tigt werden. Das andere Verfahren ist die &#8220;streitige Scheidung&#8221;, die auf die Tagesordnung kommt, wenn sich die Parteien nicht auf eine gemeinsame Grundlage einigen k\u00f6nnen<strong>. Der Hauptunterschied zwischen den beiden Verfahren besteht darin, dass bei einer unbestrittenen Scheidung die Gr\u00fcnde f\u00fcr die Scheidung oder die Schuldfrage nicht in Frage gestellt werden, w\u00e4hrend bei einer streitigen Scheidung gepr\u00fcft wird, welche der vom Gesetz festgelegten Scheidungsgr\u00fcnde die Ehe beendet haben.<\/strong> Als Ergebnis dieser Pr\u00fcfung legt der Richter den Verschuldensgrad fest und bestimmt die materiellen und moralischen Entsch\u00e4digungsanspr\u00fcche der Parteien, falls vorhanden, nach diesem Grad. Der Hauptgrund f\u00fcr das langwierige Verfahren in streitigen Scheidungsf\u00e4llen ist, dass diese Pr\u00fcfung viel Zeit in Anspruch nimmt.<\/p>\n<p>Die &#8220;<strong>unbestrittene Scheidung<\/strong>&#8221; ist ein Verfahren, das von Paaren beantragt werden kann, die seit mindestens einem Jahr verheiratet sind. Um dieses Verfahren durchzuf\u00fchren, m\u00fcssen die Parteien zun\u00e4chst eine Vereinbarung \u00fcber alle Folgen treffen, die sich mit der Beendigung der ehelichen Gemeinschaft \u00e4ndern oder ergeben, und diese Vereinbarung in einem schriftlichen Protokoll niederlegen, das sp\u00e4testens am Tag der Anh\u00f6rung zu den Akten gelegt wird.\u00a0 <strong>Bei einer unbestrittenen Scheidung m\u00fcssen die Parteien pers\u00f6nlich zur Anh\u00f6rung erscheinen, auch wenn sie durch einen Anwalt vertreten sind, denn das unterzeichnete Protokoll ist ung\u00fcltig, wenn die Parteien nicht vor dem Richter best\u00e4tigen, dass &#8220;<\/strong> <strong>wir aus freiem Willen unterschrieben haben, stimme ich jedem einzelnen Punkt des Protokolls zu &#8220;.<\/strong><\/p>\n<p>Die &#8220;<strong>streitige Scheidung<\/strong>&#8221; ist das Scheidungsverfahren, das angewandt wird, wenn sich die Parteien in einer oder mehreren Fragen der Aufl\u00f6sung der Ehe nicht einigen k\u00f6nnen. Der wichtigste Punkt bei streitigen Scheidungen ist, dass der Scheidungsgrund auf einem der im Zivilrecht genannten Scheidungsgr\u00fcnde beruhen muss und dass dieser nachzuweisen ist. Diese Gr\u00fcnde lassen sich kurz in zwei Kategorien unterteilen: allgemeine und besondere. Ein allgemeiner Scheidungsgrund ist die schwere Unvereinbarkeit. Die Gr\u00fcnde daf\u00fcr sind vielf\u00e4ltig und reichen von Beleidigung bis Dem\u00fctigung, von sexueller Abneigung bis zu Schwei\u00dfgeruch. Die besonderen Scheidungsgr\u00fcnde sind im Gesetz einzeln aufgef\u00fchrt. Diese sind<\/p>\n<ol>\n<li>Ehescheidung wegen Ehebruchs (Art. 161 des Zivilgesetzbuchs) ,<\/li>\n<li>Scheidung wegen vors\u00e4tzlicher T\u00f6tung, grober Verfehlung oder unehrenhaftem Verhalten (Artikel 162 des Zivilgesetzbuchs),<\/li>\n<li>Scheidung wegen Begehung eines Verbrechens und unehrenhafter Lebensf\u00fchrung (Artikel 163 des Zivilgesetzbuchs),<\/li>\n<li>Scheidung wegen Verlassenheit (Artikel 164 des Zivilgesetzbuches),<\/li>\n<li>Ehescheidung wegen Geisteskrankheit (Artikel 165 des Zivilgesetzbuchs).<\/li>\n<\/ol>\n<p>Bei einer streitigen Ehescheidung wird nur \u00fcber die Ehescheidung und ihr Zubeh\u00f6r, d. h. die mit der Ehescheidung zusammenh\u00e4ngenden Fragen, entschieden. Aus diesem Grund werden die Anspr\u00fcche der Parteien auf finanzielle und nicht finanzielle Entsch\u00e4digung, Unterhaltsanspr\u00fcche, Sorgerechtsanspr\u00fcche und Anspr\u00fcche auf Hausrat gepr\u00fcft. Antr\u00e4ge, die den G\u00fcterstand und Schmuck betreffen, werden im Rahmen von Scheidungssachen nicht gepr\u00fcft. Der Richter entscheidet \u00fcber die Trennung der Akten im Hinblick auf diese Antr\u00e4ge, und der Scheidungsantrag f\u00fcr die getrennte Akte wird in Erwartung gestellt.<\/p>\n<p>&nbsp;<\/p>\n<p>Ra. A. Vahit KAYA, LLM- MBA<\/p>\n<p>Kaya &amp; Partner Rechtsberatung<\/p>\n<p>Istanbul \/ T\u00fcrkei<\/p>\n<p>&nbsp;<\/p>\n<p><strong>\u00a0<\/strong><\/p>\n<p>&nbsp;<\/p>\n<p>&nbsp;<\/p>\n","protected":false},"excerpt":{"rendered":"<p>SCHEIDUNGSVERFAHREN Das t\u00fcrkische Zivilgesetzbuch sieht zwei Arten von Scheidungsverfahren vor. Das erste dieser Verfahren ist das Verfahren der &#8220;unbestrittenen Scheidung&#8221;. Sie wird dadurch verwirklicht, dass Vereinbarungen \u00fcber alle Fragen, die unter das Dach der ehelichen Gemeinschaft fallen k\u00f6nnen, in einem schriftlichen Protokoll festgehalten und vor dem Richter best\u00e4tigt werden. Das andere Verfahren ist die &#8220;streitige [&hellip;]<\/p>\n","protected":false},"author":2,"featured_media":0,"parent":0,"menu_order":0,"comment_status":"closed","ping_status":"closed","template":"","meta":[],"_links":{"self":[{"href":"https:\/\/kayapartner.com\/de\/wp-json\/wp\/v2\/pages\/557"}],"collection":[{"href":"https:\/\/kayapartner.com\/de\/wp-json\/wp\/v2\/pages"}],"about":[{"href":"https:\/\/kayapartner.com\/de\/wp-json\/wp\/v2\/types\/page"}],"author":[{"embeddable":true,"href":"https:\/\/kayapartner.com\/de\/wp-json\/wp\/v2\/users\/2"}],"replies":[{"embeddable":true,"href":"https:\/\/kayapartner.com\/de\/wp-json\/wp\/v2\/comments?post=557"}],"version-history":[{"count":1,"href":"https:\/\/kayapartner.com\/de\/wp-json\/wp\/v2\/pages\/557\/revisions"}],"predecessor-version":[{"id":558,"href":"https:\/\/kayapartner.com\/de\/wp-json\/wp\/v2\/pages\/557\/revisions\/558"}],"wp:attachment":[{"href":"https:\/\/kayapartner.com\/de\/wp-json\/wp\/v2\/media?parent=557"}],"curies":[{"name":"wp","href":"https:\/\/api.w.org\/{rel}","templated":true}]}}