{"id":555,"date":"2022-09-20T15:34:20","date_gmt":"2022-09-20T12:34:20","guid":{"rendered":"https:\/\/kayapartner.com\/de\/?page_id=555"},"modified":"2022-09-20T15:34:20","modified_gmt":"2022-09-20T12:34:20","slug":"erbausschlagung","status":"publish","type":"page","link":"https:\/\/kayapartner.com\/de\/erbausschlagung\/","title":{"rendered":"Erbausschlagung"},"content":{"rendered":"<p>&nbsp;<\/p>\n<p>ABLEHNUNG DES ERBES (AUSGESCHLAGENE ERBSCHAFT)<\/p>\n<p>Die Ausschlagung der Erbschaft ist ein Rechtsinstrument, das es dem Erben erm\u00f6glicht, die Annahme des Erbscheins auszuschlagen. Mit anderen Worten bedeutet dies, dass die Erben auf die Verf\u00fcgung \u00fcber alle Verm\u00f6genswerte und Verbindlichkeiten (Schulden) des Nachlasses verzichten. Die Weigerung ergibt sich aus zwei Situationen. Die erste ist die tats\u00e4chliche Verweigerung, die sich aus dem Willen des Erben ergibt, und die zweite ist die stillschweigende, d.h. wertende Verweigerung, die sich aus der gesetzlichen Vermutung ergibt.<\/p>\n<p>In dieser Studie haben wir die Regelung zur Ausschlagung der Erbschaft in allgemeiner Form bewertet.<\/p>\n<ul>\n<li>WIE KANN DIE AUSSCHLAGUNG DER ERBSCHAFT ERFOLGEN?<\/li>\n<\/ul>\n<p>F\u00fcr die Ausschlagung muss der Erbe eine Willenserkl\u00e4rung abgeben. Es handelt sich um eine Willenserkl\u00e4rung, die zu einer reversiblen Innovation f\u00fchrt und keiner Form unterworfen ist. In der Ablehnungserkl\u00e4rung muss keine Rechtfertigung angegeben werden. Sie wird schriftlich oder m\u00fcndlich gegen\u00fcber dem Friedensgericht in der letzten Siedlung des Erben abgegeben. Wichtig ist dabei, dass die Ablehnung aus der Erkl\u00e4rung klar hervorgeht. Die abgegebene Erkl\u00e4rung wird vom Friedensgericht in einem Protokoll festgehalten und in das besondere Register des Gerichts eingetragen. Auf Antrag des ablehnenden Erben wird ihm ein Dokument ausgeh\u00e4ndigt, aus dem die Ablehnung hervorgeht.<\/p>\n<ul>\n<li>WER DIE AUSSCHLAGUNG DER ERBSCHAFT BEANTRAGEN KANN?<\/li>\n<\/ul>\n<p>Die Erben, die eine Erkl\u00e4rung \u00fcber die Ausschlagung der Erbschaft abgeben k\u00f6nnen, sind die gesetzlichen Erben und die eingesetzten Erben. Es ist zu beachten, dass der Erbe, der eine Ausschlagungserkl\u00e4rung abgibt, gesch\u00e4ftsf\u00e4hig sein muss. Da es sich bei der Verweigerungserkl\u00e4rung nicht um ein streng an die Person gebundenes Recht handelt, kann sie auf Wunsch auch von einem Vertreter abgegeben werden. Der Vertreter muss jedoch \u00fcber eine besondere Vollmacht verf\u00fcgen.<\/p>\n<p>Bei vollst\u00e4ndiger Gesch\u00e4ftsunf\u00e4higkeit gibt der gesetzliche Vertreter die Ablehnungserkl\u00e4rung ab. Steht die entm\u00fcndigte Person jedoch unter Vormundschaft, muss der Erkl\u00e4rung des Vormunds die Genehmigung des Friedensgerichts und des Gerichts erster Instanz beigef\u00fcgt werden. <em>(Art. 463 des t\u00fcrkischen Strafgesetzbuches)<\/em><\/p>\n<p>Besteht zwischen den Ehegatten G\u00fctergemeinschaft, kann keiner der Ehegatten eine Erbschaft, die in die Partnerschaft einflie\u00dft, ohne die Zustimmung des anderen ausschlagen. Wenn die andere Partei ohne triftigen Grund nicht zustimmt oder wenn es nicht m\u00f6glich ist, die Zustimmung zu erhalten, kann vor dem Friedensgericht eine Klage auf Zustimmung eingereicht werden (Artikel 265 des Zivilgesetzbuches). <em>(Art. 265 des t\u00fcrkischen Strafgesetzbuches)<\/em><\/p>\n<ul>\n<li>WER DIE AUSSCHLAGUNG DER ERBSCHAFT NICHT BEANTRAGEN KANN?<\/li>\n<\/ul>\n<p>Die folgenden Erben k\u00f6nnen das Erbe nicht ausschlagen:<\/p>\n<ul>\n<li>wenn er\/sie vor Ablauf der Ausschlagungsfrist ein Nachlassverfahren als &#8220;Erbe&#8221; eingeleitet hat<\/li>\n<li>wenn er\/sie Gesch\u00e4fte get\u00e4tigt hat, die nicht als ordentliche Nachlassverwaltung gelten<\/li>\n<li>Wenn er\/sie andere als die f\u00fcr die Erledigung der Angelegenheiten des Erben erforderlichen Arbeiten ausgef\u00fchrt hat<\/li>\n<li>wenn er\/sie das Verm\u00f6gen des Nachlasses versteckt oder sich angeeignet hat<\/li>\n<li>WIE LANG IST DIE FRIST F\u00dcR DIE AUSSCHLAGUNG DER ERBSCHAFT?<\/li>\n<\/ul>\n<p>Um das Erbe zu sch\u00fctzen und die Anspr\u00fcche auf das Erbe nicht ungerechtfertigt zu lassen, sieht das Gesetz f\u00fcr die Ausschlagung der Erbschaft eine dreimonatige Verwirkungsfrist vor. Da es sich um eine Verwirkungsfrist handelt, kann sie weder unterbrochen noch beendet werden. Der Beginn der Ausschlagungsfrist ist der Zeitpunkt, an dem die gesetzlichen Erben von dem Todesfall und ihrer eigenen Erbenstellung erfahren. F\u00fcr gesetzliche Erben beginnt die Frist in der Regel mit dem Tod des Erben zu laufen, um es deutlicher auszudr\u00fccken. Erf\u00e4hrt der gesetzliche Erbe jedoch erst nach dem Tod des Erben, dass er Erbe ist, beginnt die Frist mit dieser Kenntnisnahme und nicht mit dem Tod.<\/p>\n<p>Nach Artikel 597 des t\u00fcrkischen Zivilgesetzbuches beginnt die Frist f\u00fcr den testamentarisch eingesetzten Erben mit der amtlichen Bekanntgabe der Verf\u00fcgung zu seinen Gunsten. F\u00fcr diese Zustellung muss jedoch die letztwillige Verf\u00fcgung, d. h. das Testament, er\u00f6ffnet werden. Das Gesetz enth\u00e4lt keine Bestimmung dar\u00fcber, wann diese Frist f\u00fcr den durch den Erbvertrag eingesetzten Erben beginnt. Nach der herrschenden Meinung in der Lehre beginnt die Frist f\u00fcr den durch den Erbvertrag eingesetzten Erben jedoch mit dem Tod des Erben. Wenn diese Frist abl\u00e4uft und keine Erkl\u00e4rung \u00fcber die Ausschlagung der Erbschaft abgegeben wird, geht der Nachlass mit allen Aktiva und Passiva auf die Erben \u00fcber. Der Erbe, der die Erbschaft nicht innerhalb der Frist ausschl\u00e4gt, gilt als Erbe, der die Erbschaft bedingungslos angenommen hat. Schweigen soll hier eine positive Willenserkl\u00e4rung bedeuten.<\/p>\n<ul>\n<li>KANN DIE ERKL\u00c4RUNG DER AUSSCHLAGUNG DER ERBSCHAFT AUFGEHOBEN WERDEN?<\/li>\n<\/ul>\n<p>Grunds\u00e4tzlich ist die R\u00fccknahme einer Erbschaft nach der Ausschlagung nicht mehr m\u00f6glich. Erkl\u00e4rt der Erbe jedoch die Ausschlagung aufgrund eines Irrtums, einer T\u00e4uschung oder einer Einsch\u00fcchterung, so kann im Rahmen von Artikel 23 ff. des Obligationenrechts ein Antrag auf Annullierung der Ausschlagung gestellt werden. Der Erbe wird die Aufhebung der Verweigerungserkl\u00e4rung auf dem Rechtsweg verlangen.<\/p>\n<ul>\n<li>WELCHE FOLGEN HAT DIE AUSSCHLAGUNG DER ERBSCHAFT?<\/li>\n<\/ul>\n<p>&nbsp;<\/p>\n<ol>\n<li>die Folgen der Ausschlagung der Erbschaft durch die gesetzlichen Erben<\/li>\n<\/ol>\n<p>Nach Artikel 611 des t\u00fcrkischen Zivilgesetzbuches erlischt mit der Ausschlagung der Erbanspruch r\u00fcckwirkend zum Zeitpunkt des Todes des Erben. Das Erbe wird so aufgeteilt, als ob der Erbe, der das Erbe ausgeschlagen hat, vor dem Erben gestorben w\u00e4re. Hat der ausgeschlagene Erbe Nachkommen, geht der Erbteil auf diese \u00fcber, andernfalls erh\u00f6ht sich der Erbteil der Erben der gleichen Klasse.<\/p>\n<p>Wenn alle n\u00e4chsten gesetzlichen Erben die Erbschaft ausschlagen, wird der Nachlass gem\u00e4\u00df Art. 612\/l wird die Masse vom Friedensgericht nach den Vorschriften des Konkurses liquidiert. Das Erbe geht nicht auf die Erben \u00fcber, die an die Stelle des Erben treten, der das Erbe ausgeschlagen hat. Wird die Erbschaft von allen Abk\u00f6mmlingen ausgeschlagen, geht gem\u00e4\u00df Artikel 613 des Zivilgesetzbuchs der gesamte Erbteil der Abk\u00f6mmlinge auf den Ehegatten \u00fcber und der Ehegatte wird Alleinerbe. Wenn alle Nachkommen das Erbe ausschlagen, geht das Erbe nicht auf die zweite Gruppe \u00fcber und der Ehegatte wird Alleinerbe. Das Gesetz regelt auch die Ausschlagung der Erbschaft zugunsten des Nacherben. Dementsprechend schl\u00e4gt der Erbe, der die Erbschaft ausschl\u00e4gt, die Erbschaft unter der Bedingung aus, dass der oder die Nacherben aufgefordert werden, die Erbschaft anzunehmen oder auszuschlagen. Die Einladung erfolgt durch das Friedensgericht am letzten Wohnsitz des Erben. Das Gericht fordert den nachrangigen Erben auf, innerhalb eines Monats eine Entscheidung zu treffen. Das Verstreichen dieser Frist durch Schweigen wird als Ablehnung akzeptiert (t\u00fcrkisches Zivilgesetzbuch, 614\/ll).<\/p>\n<ol>\n<li>Folgen der Ausschlagung der Erbschaft durch die eingesetzten Erben<\/li>\n<\/ol>\n<p>Schlagen die eingesetzten Erben die Erbschaft aus, so kommt der ausgeschlagene Teil der Erbschaft nur den gesetzlichen Erben zugute, sofern nichts anderes bestimmt ist (Artikel 611\/ll des ZGB).<\/p>\n<ul>\n<li>WIE DIE RECHTE DER GL\u00c4UBIGER BEI DER AUSSCHLAGUNG DER ERBSCHAFT GESCH\u00dcTZT WERDEN?<\/li>\n<\/ul>\n<p>Hat der Erbe, der einen Nachlass ausschl\u00e4gt, dessen Verm\u00f6gen zur Deckung der Schulden nicht ausreicht, innerhalb von 5 Jahren vor dem Tod einen Ausgleichspflichtigen Zugewinn erhalten, so haftet er f\u00fcr diesen Betrag mit dem Wert, den er bei der Teilung gegen\u00fcber den Nachlassgl\u00e4ubigern herauszugeben hat (ZGB 618\/I). Ausgenommen hiervon sind jedoch die gew\u00f6hnlichen Erziehungs- und Ausbildungskosten und die Mitgift, ist die Mitgift, die \u00fcblicherweise gegeben wird.<\/p>\n<p>Dar\u00fcber hinaus sieht das Gesetz eine Begrenzung des Betrags vor, den der Erbe, der das Erbe ausschl\u00e4gt, f\u00fcr die Schulden zu zahlen hat. Demnach haftet der b\u00f6sgl\u00e4ubige Erbe f\u00fcr den vollen Wert des herauszugebenden Gewinns, w\u00e4hrend der gutgl\u00e4ubige Erbe nur f\u00fcr die ungerechtfertigte Bereicherung haftet.<\/p>\n<p><em>Juni 2020, Kad\u0131k\u00f6y<\/em><\/p>\n<p>Ra. Abdulvahit KAYA &amp; Ra. Dilay RE\u015e\u0130TO\u011eLU<\/p>\n<p>Kaya &amp; Partner Rechtsberatung<\/p>\n<p>Lawyers\u00a0 \u2013 \u00a0Rechtsberatung<\/p>\n<p>Istanbul \/ T\u00fcrkei<\/p>\n<p>&nbsp;<\/p>\n","protected":false},"excerpt":{"rendered":"<p>&nbsp; ABLEHNUNG DES ERBES (AUSGESCHLAGENE ERBSCHAFT) Die Ausschlagung der Erbschaft ist ein Rechtsinstrument, das es dem Erben erm\u00f6glicht, die Annahme des Erbscheins auszuschlagen. Mit anderen Worten bedeutet dies, dass die Erben auf die Verf\u00fcgung \u00fcber alle Verm\u00f6genswerte und Verbindlichkeiten (Schulden) des Nachlasses verzichten. Die Weigerung ergibt sich aus zwei Situationen. Die erste ist die tats\u00e4chliche [&hellip;]<\/p>\n","protected":false},"author":2,"featured_media":0,"parent":0,"menu_order":0,"comment_status":"closed","ping_status":"closed","template":"","meta":[],"_links":{"self":[{"href":"https:\/\/kayapartner.com\/de\/wp-json\/wp\/v2\/pages\/555"}],"collection":[{"href":"https:\/\/kayapartner.com\/de\/wp-json\/wp\/v2\/pages"}],"about":[{"href":"https:\/\/kayapartner.com\/de\/wp-json\/wp\/v2\/types\/page"}],"author":[{"embeddable":true,"href":"https:\/\/kayapartner.com\/de\/wp-json\/wp\/v2\/users\/2"}],"replies":[{"embeddable":true,"href":"https:\/\/kayapartner.com\/de\/wp-json\/wp\/v2\/comments?post=555"}],"version-history":[{"count":1,"href":"https:\/\/kayapartner.com\/de\/wp-json\/wp\/v2\/pages\/555\/revisions"}],"predecessor-version":[{"id":556,"href":"https:\/\/kayapartner.com\/de\/wp-json\/wp\/v2\/pages\/555\/revisions\/556"}],"wp:attachment":[{"href":"https:\/\/kayapartner.com\/de\/wp-json\/wp\/v2\/media?parent=555"}],"curies":[{"name":"wp","href":"https:\/\/api.w.org\/{rel}","templated":true}]}}