{"id":473,"date":"2020-07-29T11:28:53","date_gmt":"2020-07-29T08:28:53","guid":{"rendered":"https:\/\/kayapartner.com\/de\/?page_id=473"},"modified":"2020-07-29T11:28:53","modified_gmt":"2020-07-29T08:28:53","slug":"rechtsberatung-fur-reiserecht-in-der-turkei-und-anwalte-fur-reiserecht","status":"publish","type":"page","link":"https:\/\/kayapartner.com\/de\/rechtsberatung-fur-reiserecht-in-der-turkei-und-anwalte-fur-reiserecht\/","title":{"rendered":"RECHTSBERATUNG F\u00dcR REISERECHT IN DER T\u00dcRKEI UND ANW\u00c4LTE F\u00dcR REISERECHT"},"content":{"rendered":"<p><strong>RECHTSBERATUNG F\u00dcR REISERECHT IN DER T\u00dcRKEI UND ANW\u00c4LTE F\u00dcR REISERECHT <\/strong><\/p>\n<p>Unsere Rechtsanw\u00e4lte f\u00fcr internationale Schadensersatzanspr\u00fcche und Mitarbeiter f\u00fcr die Schadensbearbeitung kamen zusammen mit dem Ziel, den international Reisenden\u00a0 in den folgenden Bereichen das Leben zu erleichtern: internationales Arbeitsrecht, t\u00fcrkisches Reiserecht,\u00a0 t\u00fcrkisches Luftfahrtrecht, Rechtsschutzversicherung, t\u00fcrkische Br\u00e4uche, \u00a0Verkehrsunf\u00e4lle, Eigentumsverschaffung, K\u00f6rperverletzung, \u00a0Produkthaftung, Lebensmittelvergiftung, t\u00fcrkisches Gesundheitsrecht, medizinisches Fehlverhalten, Betrugsermittlungen, Geldw\u00e4sche, Kriminalit\u00e4t, Einwanderung, t\u00fcrkische Arbeitserlaubnis und Aufenthaltsgenehmigung sowie Eigentumsrecht. Die Rechtsanw\u00e4lte f\u00fcr t\u00fcrkisches Reiserecht und die t\u00fcrkischen Schadensmanager sind ebenfalls Weltreisende und wissen wie schwer es ist Antworten auf T\u00fcrkei spezifischen Reisefragen wie lokale t\u00fcrkische Vorschriften, lokale Gesetze und Br\u00e4uche zu erhalten.<\/p>\n<p><strong>\u00a0<\/strong><\/p>\n<p><strong>DEFINITION DES T\u00dcRK\u0130SCHEN REISERECHTS UND T\u00dcRK\u0130SCHE RECHTSANW\u00c4LTE F\u00dcR REISERECHT<\/strong><\/p>\n<p>Das t\u00fcrkische Reiserecht kann die Verfolgung von Anspr\u00fcchen sowohl in einer ausl\u00e4ndischen als auch in einer t\u00fcrkischen Gerichtsbarkeit beinhalten. Es ist ein sehr breites Gebiet und dazu geh\u00f6ren Unfallstreitigkeiten in \u00dcbersee, vertragliche R\u00fcckforderungsma\u00dfnahmen gegen ausl\u00e4ndische Lieferanten, Pauschalreisegesetz und die\u00a0 Einhaltung internationaler und nationaler t\u00fcrkischer Vorschriften.<\/p>\n<p>Die Rechtsanw\u00e4lte unserer Kanzlei f\u00fcr Reiserecht sind spezialisiert und f\u00fchren T\u00e4tigkeiten sowohl f\u00fcr Antragssteller als auch f\u00fcr Beklage durch. \u00a0Als Reiseversicherer\/Kl\u00e4ger ben\u00f6tigen Sie Beratung f\u00fcr Prozesskostenanspr\u00fcche und als Beklagter ben\u00f6tigen Sie Beratung f\u00fcr die pers\u00f6nlichen Haftungsanspr\u00fcche gegen einen Versicherungsvertrag. Die Rechtsanw\u00e4lte f\u00fcr Reiserecht sind Reiseveranstaltern bei der Regulierungs- und Vertragsberatung behilflich und bieten Unterst\u00fctzung bei der Formulierung der Gesch\u00e4ftsbedingungen und der damit verbundenen Verbindlichkeiten an. Ein weiterer Schwerpunkt sind die internationalen und t\u00fcrkischen Schadensersatzanspr\u00fcche im Zusammenhang mit Personensch\u00e4den im Ausland.<\/p>\n<p>Es gibt nur eine relativ kleine Anzahl t\u00fcrkischer Anwaltskanzleien, die sich auf t\u00fcrkisches Reiserecht spezialisiert haben. Im Reiserecht geh\u00f6ren die Rechtsanw\u00e4lte von Kaya &amp; Partner seit vielen Jahren zu den \u00a0st\u00e4rksten Anw\u00e4lten in der T\u00fcrkei.<\/p>\n<p><strong><br \/>\nRECHTSHILFE DURCH RECHTSANW\u00c4LTE F\u00dcR T\u00dcRK\u0130SCHES REISERECHT UND T\u00dcRKISCHES VERSICHERUNGSRECHT<\/strong><\/p>\n<p>Unf\u00e4lle im Ausland k\u00f6nnen nicht nur den Urlaub eines Menschen ruinieren. Er kann auch ihre zuk\u00fcnftigen Erwartungen beeinflussen. Aus diesem Grund sind Rechtshilfe und Beratung in dieser schwierigen Zeit sehr wichtig.<\/p>\n<p>In diesem Bereich des Reiserechts treten viele Gerichtsstand\u00fcbergreifende Probleme auf. Falls m\u00f6glich, wird bevorzugt, die Anspr\u00fcche in der T\u00fcrkei zu erheben, da die anfallenden Rechtskosten im Falle eines erfolgreichen Anspruchs erstattungsf\u00e4hig sind. Es ist wichtig, fr\u00fchzeitig zu pr\u00fcfen, ob es sinnvoll ist, ein Verfahren zu verfolgen. In einigen L\u00e4ndern ist die H\u00f6he des erstatteten Schadens so gering, dass es sich nicht lohnt, eine Klage zu erheben,\u00a0 insbesondere unter Ber\u00fccksichtigung der anfallenden Rechtskosten.<\/p>\n<p>Die Rechtsanw\u00e4lte f\u00fcr t\u00fcrkisches Reiserecht und Personensch\u00e4den befassen sich mit einer Vielzahl von Vorf\u00e4llen. Von Ski-, Ballon- und Gleitschirmunf\u00e4llen \u00fcber Flugunf\u00e4lle bis hin zu F\u00e4llen von Lebensmittelvergiftungen. Wir beraten Sie \u00fcber die lokalen Standards und Gepflogenheiten usw.<\/p>\n<p>Wir verf\u00fcgen \u00fcber umfassende Kenntnisse des t\u00fcrkischen Privatrechts der damit verbundenen Gesetze um unsere Mandanten ordnungsgem\u00e4\u00df zu beraten. Bei Auslandsunf\u00e4llen, die in der T\u00fcrkei reguliert werden ist es erforderlich die Regeln des Zivilrechts und des Strafverfahrens zu kennen und diese zu analysieren.<\/p>\n","protected":false},"excerpt":{"rendered":"<p>RECHTSBERATUNG F\u00dcR REISERECHT IN DER T\u00dcRKEI UND ANW\u00c4LTE F\u00dcR REISERECHT Unsere Rechtsanw\u00e4lte f\u00fcr internationale Schadensersatzanspr\u00fcche und Mitarbeiter f\u00fcr die Schadensbearbeitung kamen zusammen mit dem Ziel, den international Reisenden\u00a0 in den folgenden Bereichen das Leben zu erleichtern: internationales Arbeitsrecht, t\u00fcrkisches Reiserecht,\u00a0 t\u00fcrkisches Luftfahrtrecht, Rechtsschutzversicherung, t\u00fcrkische Br\u00e4uche, \u00a0Verkehrsunf\u00e4lle, Eigentumsverschaffung, K\u00f6rperverletzung, \u00a0Produkthaftung, Lebensmittelvergiftung, t\u00fcrkisches Gesundheitsrecht, medizinisches Fehlverhalten, Betrugsermittlungen, [&hellip;]<\/p>\n","protected":false},"author":2,"featured_media":0,"parent":0,"menu_order":0,"comment_status":"closed","ping_status":"closed","template":"","meta":[],"_links":{"self":[{"href":"https:\/\/kayapartner.com\/de\/wp-json\/wp\/v2\/pages\/473"}],"collection":[{"href":"https:\/\/kayapartner.com\/de\/wp-json\/wp\/v2\/pages"}],"about":[{"href":"https:\/\/kayapartner.com\/de\/wp-json\/wp\/v2\/types\/page"}],"author":[{"embeddable":true,"href":"https:\/\/kayapartner.com\/de\/wp-json\/wp\/v2\/users\/2"}],"replies":[{"embeddable":true,"href":"https:\/\/kayapartner.com\/de\/wp-json\/wp\/v2\/comments?post=473"}],"version-history":[{"count":1,"href":"https:\/\/kayapartner.com\/de\/wp-json\/wp\/v2\/pages\/473\/revisions"}],"predecessor-version":[{"id":474,"href":"https:\/\/kayapartner.com\/de\/wp-json\/wp\/v2\/pages\/473\/revisions\/474"}],"wp:attachment":[{"href":"https:\/\/kayapartner.com\/de\/wp-json\/wp\/v2\/media?parent=473"}],"curies":[{"name":"wp","href":"https:\/\/api.w.org\/{rel}","templated":true}]}}