{"id":435,"date":"2020-07-28T14:22:21","date_gmt":"2020-07-28T11:22:21","guid":{"rendered":"https:\/\/kayapartner.com\/de\/?page_id=435"},"modified":"2020-07-28T14:22:21","modified_gmt":"2020-07-28T11:22:21","slug":"turkisches-immobilienrecht-grundstucksrecht-und-turkisches-staatsburgerschaftsrecht","status":"publish","type":"page","link":"https:\/\/kayapartner.com\/de\/turkisches-immobilienrecht-grundstucksrecht-und-turkisches-staatsburgerschaftsrecht\/","title":{"rendered":"T\u00dcRKISCHES IMMOBILIENRECHT, GRUNDST\u00dcCKSRECHT UND T\u00dcRKISCHES STAATSB\u00dcRGERSCHAFTSRECHT"},"content":{"rendered":"<p>In den letzten zwanzig Jahren florieren die Immobilien-Investitionen vor allem in Istanbul und in den St\u00e4dten der Marmara Region. Hierzu geh\u00f6ren der Flughafen Istanbul, die Umgebung vom Kanal \u0130stanbul, die Bezirke Had\u0131mk\u00f6y \u2013 Arnavutk\u00f6y, die St\u00e4dte Yalova, \u0130zmit ( Kocaeli ) Sakarya (Adapazari) und Bursa. Der t\u00fcrkische Immobiliensektor hat sich jedoch verlangsamt weil die Auswirkungen von COVID 19 zu Problemen im Baugesch\u00e4ft gef\u00fchrt haben.<\/p>\n<p>Die Rechtsanw\u00e4lte von Kaya &amp; Partner f\u00fcr Immobilienrecht und Grundst\u00fccksrecht versorgen die Mandanten mit relevanten Informationen \u00fcber das Baurecht und Immobilienrecht in der Marmararegion, einschliesslich der Orte Istanbul, Arnavutk\u00f6y, Istanbul, Yalova, Izmit (Kocaeli) Sakarya (Adapazari) ) und Bursa.<\/p>\n<p>Die t\u00fcrkischen Rechtsanw\u00e4lte f\u00fcr Immobilienrecht und Grundst\u00fccksrecht stellen sicher, dass K\u00e4ufer und Kunden die Vorteilen und Risiken sehen, wenn Sie in der T\u00fcrkei in\u00a0 Immobilien investieren. Wir vertreten und unterst\u00fctzen unsere Mandanten bei der \u00dcbertragung des Eigentums.<\/p>\n<p>Unsere Dienstleistungen:<\/p>\n<ul>\n<li>Vertretung \/ Unterst\u00fctzung t\u00fcrkischer und internationaler Mandanten f\u00fcr die \u00dcbertragung des Eigentums<\/li>\n<li>Rechtliche Anlageberatung<\/li>\n<li>Unabh\u00e4ngige \u00f6rtliche Begutachtung<\/li>\n<li>Anfrage beim Grundbuchamt<\/li>\n<li>Ordnungsgem\u00e4\u00dfe Sorgfalt auf dem Grundst\u00fcck und bei Immobilienagenturen. Umgang mit Vertr\u00e4gen.<\/li>\n<li>Kauf- und\/oder Verkaufabschluss von Immobilien<\/li>\n<li>Vertretung des Mandanten beim Notar oder Grundbuchamt<\/li>\n<li>Vervollst\u00e4ndigung von allen notwendigen Anmeldungen<\/li>\n<li>Rechtsbeistand bei Vermieter \u2013 Mieter Streitigkeiten w\u00e4hrend der Laufzeit des Mietvertrages oder bei K\u00fcndigung<\/li>\n<li>Prozessf\u00fchrung und Finanzberatung<\/li>\n<li>\u00dcbertragung des Eigentums auf Erben<\/li>\n<\/ul>\n<p>&nbsp;<\/p>\n<p><strong>KAUF VON T\u00dcRKISCHEN IMMOBILIEN<\/strong><\/p>\n<p>Unsere Immobilienanw\u00e4lte und Immobilienberater behandeln eine Vielzahl von Transaktionen einschlie\u00dflich aller Aspekte von Joint Ventures, Kauf und Verkauf von Grundst\u00fccken, Tankstellen, Hotels, Gewerbe, Einzelhandel, lange Mietvertr\u00e4ge, Baukredite und Vermietung von Wohn- und Gewerbeimmobilien.<\/p>\n<p>Wir arbeiten zusammen wir Immobilienmaklern und Immobilienberatungsunternehmen in den verschiedenen Provinzen der T\u00fcrkei.<\/p>\n<p><strong>ERWERB DER T\u00dcRK\u0130SCHEN STAATSB\u00dcRGERSCHAFT DURCH IMMOBILIENKAUF<\/strong><\/p>\n<p>Seit 2018 d\u00fcrfen ausl\u00e4ndische B\u00fcrger,\u00a0 die Immobilien im Wert von mindestens 250.000 Dollar (USD) kaufen sowie ihr Ehepartner und ihre Kinder unter 18 Jahren die t\u00fcrkische Staatsb\u00fcrgerschaft erhalten. Der Antrag wird an die Generaldirektion f\u00fcr Bev\u00f6lkerungs- und Staatsb\u00fcrgerschaftsangelegenheiten des Innenministeriums gestellt. Der Antragsteller muss zudem schriftlich garantieren, dass er die Immobilie f\u00fcr mindestens<\/p>\n<p>drei Jahre nicht verkauft. Nach dem Immobilienkauf im Wert von 250.000 Dollar erhalten ausl\u00e4ndische Investoren das Recht auf eine lebenslange t\u00fcrkische Staatsb\u00fcrgerschaft. \u00a0Vorher war der Mindestbetrag, der erforderlich war, um eine Staatsb\u00fcrgerschaft zu erhalten, 2.000.000 Dollar f\u00fcr Investitionen und 1.000.000 Dollar f\u00fcr Immobilieninvestitionen. Der Mindestbetrag f\u00fcr Bankeinlagen betrug 3.000.000 Dollar.<\/p>\n<p>Ausl\u00e4nder k\u00f6nnen die t\u00fcrkische Staatsb\u00fcrgerschaft erwerben wenn eine der nachfolgenden Bedingungen erf\u00fcllt wird:<\/p>\n<ol>\n<li>Ausl\u00e4nder, die eine Kapitalanlage im Wert von 500.000 Dollar verwirklichen<\/li>\n<li>Ausl\u00e4nder, die eine Immobilie im Wert von mindestens 250.000 Dollar kaufen und sich verpflichten, diese f\u00fcr mindestens drei Jahre nicht zu verkaufen<\/li>\n<li>Ausl\u00e4nder, die in einem t\u00fcrkischen Unternehmen mindestens 50 Personen besch\u00e4ftigen<\/li>\n<li>Ausl\u00e4nder, die 500.000 Dollar f\u00fcr mindestens drei Jahre in einer t\u00fcrkischen Bank festlegen<\/li>\n<li>Ausl\u00e4nder, die Staatsanleihen von mindestens 3.000.000 Dollar erwerben und diese f\u00fcr drei Jahre behalten<\/li>\n<\/ol>\n<p>&nbsp;<\/p>\n<p>Voraussetzungen f\u00fcr Ausl\u00e4nder, die Immobilien in der T\u00fcrkei kaufen, um die Staatsb\u00fcrgerschaft zu beantragen<\/p>\n<ul>\n<li>Kauf einer Immobilie im Wert von 250.000 US-Dollar<\/li>\n<li>Zahlung des Betrages per \u00dcberweisung<\/li>\n<li>Das Eigentum f\u00fcr mindestens 3 Jahre behalten<\/li>\n<\/ul>\n<p style=\"text-align: right;\">Kaya\u00a0 Partner Hukuki Dan\u0131\u015fmanl\u0131k<\/p>\n<p style=\"text-align: right;\">\u00a0\u00a0\u00a0\u00a0\u00a0\u00a0\u00a0\u00a0\u00a0\u00a0\u00a0\u00a0\u00a0\u00a0\u00a0\u00a0\u00a0\u00a0\u00a0\u00a0\u00a0\u00a0\u00a0\u00a0\u00a0\u00a0\u00a0\u00a0\u00a0\u00a0\u00a0\u00a0\u00a0\u00a0\u00a0\u00a0\u00a0\u00a0\u00a0\u00a0\u00a0\u00a0\u00a0\u00a0\u00a0\u00a0\u00a0\u00a0\u00a0\u00a0\u00a0\u00a0\u00a0\u00a0\u00a0\u00a0\u00a0\u00a0\u00a0\u00a0\u00a0\u00a0\u00a0\u00a0\u00a0\u00a0\u00a0\u00a0\u00a0\u00a0\u00a0\u00a0\u00a0\u00a0\u00a0\u00a0\u00a0\u00a0\u00a0\u00a0\u00a0\u00a0\u00a0\u00a0\u00a0\u00a0\u00a0\u00a0\u00a0\u00a0 Lawyers \u00a0\u2013 Rechtsberatung<\/p>\n<p>&nbsp;<\/p>\n<p style=\"text-align: center;\"><a href=\"http:\/\/www.kayapartner.com\/\"><strong>www.kayapartner.com<\/strong><\/a>\u00a0 \u00a0 \u00a0 \u00a0 \u00a0 \u00a0 \u00a0 \u00a0 \u00a0 \u00a0 \u00a0 \u00a0 \u00a0 \u00a0 \u00a0 \u00a0 \u00a0 \u00a0 \u00a0 \u00a0 \u00a0 \u00a0 \u00a0 \u00a0<a href=\"mailto:\">\u00a0info@kayapartner.com<\/a><\/p>\n<p>&nbsp;<\/p>\n<p>&nbsp;<\/p>\n<p>&nbsp;<\/p>\n<p>&nbsp;<\/p>\n","protected":false},"excerpt":{"rendered":"<p>In den letzten zwanzig Jahren florieren die Immobilien-Investitionen vor allem in Istanbul und in den St\u00e4dten der Marmara Region. Hierzu geh\u00f6ren der Flughafen Istanbul, die Umgebung vom Kanal \u0130stanbul, die Bezirke Had\u0131mk\u00f6y \u2013 Arnavutk\u00f6y, die St\u00e4dte Yalova, \u0130zmit ( Kocaeli ) Sakarya (Adapazari) und Bursa. Der t\u00fcrkische Immobiliensektor hat sich jedoch verlangsamt weil die Auswirkungen [&hellip;]<\/p>\n","protected":false},"author":2,"featured_media":0,"parent":0,"menu_order":0,"comment_status":"closed","ping_status":"closed","template":"","meta":[],"_links":{"self":[{"href":"https:\/\/kayapartner.com\/de\/wp-json\/wp\/v2\/pages\/435"}],"collection":[{"href":"https:\/\/kayapartner.com\/de\/wp-json\/wp\/v2\/pages"}],"about":[{"href":"https:\/\/kayapartner.com\/de\/wp-json\/wp\/v2\/types\/page"}],"author":[{"embeddable":true,"href":"https:\/\/kayapartner.com\/de\/wp-json\/wp\/v2\/users\/2"}],"replies":[{"embeddable":true,"href":"https:\/\/kayapartner.com\/de\/wp-json\/wp\/v2\/comments?post=435"}],"version-history":[{"count":1,"href":"https:\/\/kayapartner.com\/de\/wp-json\/wp\/v2\/pages\/435\/revisions"}],"predecessor-version":[{"id":436,"href":"https:\/\/kayapartner.com\/de\/wp-json\/wp\/v2\/pages\/435\/revisions\/436"}],"wp:attachment":[{"href":"https:\/\/kayapartner.com\/de\/wp-json\/wp\/v2\/media?parent=435"}],"curies":[{"name":"wp","href":"https:\/\/api.w.org\/{rel}","templated":true}]}}