{"id":427,"date":"2020-07-28T13:48:11","date_gmt":"2020-07-28T10:48:11","guid":{"rendered":"https:\/\/kayapartner.com\/de\/?page_id=427"},"modified":"2020-07-28T13:48:11","modified_gmt":"2020-07-28T10:48:11","slug":"falsches-gold-warnung-vor-betrugern","status":"publish","type":"page","link":"https:\/\/kayapartner.com\/de\/falsches-gold-warnung-vor-betrugern\/","title":{"rendered":"FALSCHES GOLD: WARNUNG VOR BETRUGERN"},"content":{"rendered":"<p><img loading=\"lazy\" class=\"alignnone  wp-image-428\" src=\"https:\/\/kayapartner.com\/de\/wp-content\/uploads\/2020\/07\/Falsches-Gold_110414_teaser_gr_thmerged-300x53.jpg\" alt=\"\" width=\"458\" height=\"81\" srcset=\"https:\/\/kayapartner.com\/de\/wp-content\/uploads\/2020\/07\/Falsches-Gold_110414_teaser_gr_thmerged-300x53.jpg 300w, https:\/\/kayapartner.com\/de\/wp-content\/uploads\/2020\/07\/Falsches-Gold_110414_teaser_gr_thmerged.jpg 480w\" sizes=\"(max-width: 458px) 100vw, 458px\" \/><\/p>\n<p>Goldschmuck ist immer noch ein beliebtes Mitbringsel aus dem T\u00fcrkeiurlaub. An der\u00a0<a href=\"http:\/\/www.vaybee.de\/tuerkeireise\/langzeiturlaub-tuerkei.html\">t\u00fcrkischen<span id=\"more-1022\"><\/span>\u00a0Riviera<\/a>\u00a0gibt es unz\u00e4hlige Goldschmieden und gro\u00dfe Schmuckmanufakturen. In letzter Zeit versuchen zunehmend Betr\u00fcger Touristen mit gef\u00e4lschtem\u00a0<a href=\"http:\/\/www.vaybee.de\/deutsch\/channel\/lifestyle\/goldschmuckproduzenten-strecken-gold-mit-keramik-100119.php\">Goldschmuck<\/a>\u00a0reinzulegen.<\/p>\n<p>Davor hat jetzt der Verband der Goldschmiede in Antalya gewarnt. Ferda Erdem, der Vorsitzende des Verbandes sagte, das Kriminelle versuchen Armb\u00e4nder und Ringe als echtes Gold zu verkaufen. Dabei werden die Opfer meist in Caf\u00e9s oder auf der Stra\u00dfe angesprochen.<\/p>\n<p>Die Betr\u00fcger sagen meist, dass sie in einer Notlage seien und den wertvollen Familienschmuck verkaufen m\u00fcssten. Der angeblich wertvolle\u00a0<a href=\"http:\/\/www.vaybee.de\/deutsch\/channel\/reise\/reise_49400.php\">t\u00fcrkische Goldschmuck<\/a>\u00a0stellt sich sp\u00e4ter als billige Imitation aus Kupfer oder Messing heraus, die nur mit einer d\u00fcnnen Goldschicht \u00fcberzogen sind.<\/p>\n<p>Unter dem Begriff Autobahngold ist diese Betrugsmasche in Deutschland schon l\u00e4nger bekannt. Dabei werden Autofahrer von den Betr\u00fcgern meist auf Parkpl\u00e4tzen angesprochen und Falschgoldringe oder -ketten angeboten.<\/p>\n","protected":false},"excerpt":{"rendered":"<p>Goldschmuck ist immer noch ein beliebtes Mitbringsel aus dem T\u00fcrkeiurlaub. An der\u00a0t\u00fcrkischen\u00a0Riviera\u00a0gibt es unz\u00e4hlige Goldschmieden und gro\u00dfe Schmuckmanufakturen. In letzter Zeit versuchen zunehmend Betr\u00fcger Touristen mit gef\u00e4lschtem\u00a0Goldschmuck\u00a0reinzulegen. Davor hat jetzt der Verband der Goldschmiede in Antalya gewarnt. Ferda Erdem, der Vorsitzende des Verbandes sagte, das Kriminelle versuchen Armb\u00e4nder und Ringe als echtes Gold zu verkaufen. [&hellip;]<\/p>\n","protected":false},"author":2,"featured_media":0,"parent":0,"menu_order":0,"comment_status":"closed","ping_status":"closed","template":"","meta":[],"_links":{"self":[{"href":"https:\/\/kayapartner.com\/de\/wp-json\/wp\/v2\/pages\/427"}],"collection":[{"href":"https:\/\/kayapartner.com\/de\/wp-json\/wp\/v2\/pages"}],"about":[{"href":"https:\/\/kayapartner.com\/de\/wp-json\/wp\/v2\/types\/page"}],"author":[{"embeddable":true,"href":"https:\/\/kayapartner.com\/de\/wp-json\/wp\/v2\/users\/2"}],"replies":[{"embeddable":true,"href":"https:\/\/kayapartner.com\/de\/wp-json\/wp\/v2\/comments?post=427"}],"version-history":[{"count":1,"href":"https:\/\/kayapartner.com\/de\/wp-json\/wp\/v2\/pages\/427\/revisions"}],"predecessor-version":[{"id":429,"href":"https:\/\/kayapartner.com\/de\/wp-json\/wp\/v2\/pages\/427\/revisions\/429"}],"wp:attachment":[{"href":"https:\/\/kayapartner.com\/de\/wp-json\/wp\/v2\/media?parent=427"}],"curies":[{"name":"wp","href":"https:\/\/api.w.org\/{rel}","templated":true}]}}