{"id":422,"date":"2020-07-28T13:44:55","date_gmt":"2020-07-28T10:44:55","guid":{"rendered":"https:\/\/kayapartner.com\/de\/?page_id=422"},"modified":"2020-07-28T13:44:55","modified_gmt":"2020-07-28T10:44:55","slug":"pressereise-in-die-turkei-endet-im-desaster-reisepasse-gestohlen","status":"publish","type":"page","link":"https:\/\/kayapartner.com\/de\/pressereise-in-die-turkei-endet-im-desaster-reisepasse-gestohlen\/","title":{"rendered":"PRESSEREISE IN DIE TURKEI ENDET IM DESASTER \u2013 REISEP\u00c4SSE GESTOHLEN"},"content":{"rendered":"<div class=\"mkdf-post-info-top\">\n<div class=\"mkdf-post-info-date entry-date published updated\"><a href=\"https:\/\/www.fashion-kitchen.com\/2019\/05\/pressereise-in-die-tuerkei-endet-im-desaster-reisepaesse-gestohlen.html\">DIENSTAG, 07. MAI 2019<\/a><\/div>\n<div class=\"mkdf-post-info-category\"><a href=\"https:\/\/www.fashion-kitchen.com\/kategorie\/reisen\" rel=\"category tag\">REISEN<\/a><\/div>\n<\/div>\n<div class=\"mkdf-post-text-main\">\n<p>Ich wei\u00df leider gar nicht wo ich anfangen soll. Seit Samstag haben sich die Ereignisse \u00fcberschlagen und es ist so viel passiert. Ich kann nur sagen, dass ich nun wieder gut zu Hause angekommen bin und diesem Alptraum entfliehen konnte. Aber am besten von vorne. Am Samstag bin ich, so wie \u00fcber 20 andere Blogger und Influencer, in die T\u00fcrkei nach Antalya geflogen, um an einer Pressereise teilzunehmen. Die Anreise verlief ohne Probleme und um 18:30 Uhr Ortszeit waren wir fast alle vollz\u00e4hlig von dem Reiseveranstalter in Empfang genommen worden.<\/p>\n<p>Hier wurde in einer Liste abgehakt und kurz die P\u00e4sse gecheckt, was auf gar keinen Fall un\u00fcblich oder merkw\u00fcrdig ist. In sehr vielen Urlaubsl\u00e4ndern wird der Pass (Personalausweis, Reisepass, F\u00fchrerschein) als Sicherheit sogar hinterlegt oder zumindest eine Kopie (am besten Fotos von allen wichtigen Dokumenten am Handy haben und auch Kopien auf Papier bei Reisen mitnehmen) davon angefertigt. Einer aus jeder Gruppe gab also seinen Pass ab und bekam daf\u00fcr einen Zettel, auf dem stand, dass wir nachher im Hotel alles wieder bekommen w\u00fcrden. F\u00fcr den Check-In und zur Registrierung muss die Reiseleitung aber die P\u00e4sse haben.<\/p>\n<h4>PRESSEREISE IN DIE T\u00dcRKEI ENDET IM DESASTER \u2013 REISEP\u00c4SSE GESTOHLEN<\/h4>\n<p>Ok, keiner dachte sich etwas dabei, da diese Vorgehensweise durchaus \u00fcblich ist. Eine der Damen von der Reiseleitung begleitete alle zum Bus, da die sieben fehlenden Personen wohl noch l\u00e4nger brauchen w\u00fcrden. Am Bus angekommen wurde alles Gep\u00e4ck verstaut und nach 30 Minuten Wartezeit wurde uns gesagt, dass wir jetzt eine Runde fahren m\u00fcssen, da wir schon zu lange den Busbahnhof-Parkplatz blockieren w\u00fcrden. Also drehte der Busfahrer eine Runde und wartete dann irgendwo am Stra\u00dfenrand. Wir fragten da schon nach, warum wir nicht einfach zum Hotel (welches 15 Minuten entfernt lag) fahren und die anderen nicht einfach sp\u00e4ter abgeholt werden w\u00fcrden. Darauf antwortete der Busfahrer, dass er die Anweisung zum Warten h\u00e4tte.<\/p>\n<p>Es verging eine weitere halbe Stunde, als wir dann die Info bekamen, dass es eine E-Mail gegeben habe, in der stand, dass sich das Hotel ge\u00e4ndert hat und wir jetzt von Antalya nach Alanya fahren m\u00fcssen. Keiner hatte zwar die E-Mail bekommen, aber nun gut, es war mittlerweile 21 Uhr durch und wir waren alle einfach nur m\u00fcde und ersch\u00f6pft. Die Fahrt zu dem Hotel nach Alanya dauerte \u00fcber zwei Stunden und um kurz vor Mitternacht kamen wir am Hotel an. Mittlerweile hatten die ersten schon mehrfach versucht die Reiseleitung zu erreichen, die erz\u00e4hlte, Sie w\u00e4re schon im Hotel in Antalya und dass der Busfahrer sie wohl missverstanden h\u00e4tte. Auch verschiedene andere Nummern und Kontakte wurden angerufen, aber entweder das Handy war aus oder es wurde gesagt, dass sie jetzt Feierabend h\u00e4tten.<\/p>\n<h4>WARUM FAHREN WIR DENN IN DIE FALSCHE RICHTUNG?<\/h4>\n<p>Auch im Hotel in Alanya wurde angerufen und es stellte sich raus, dass es gar keine Reservierung f\u00fcr uns gab. Nicht auf den Namen der Reiseveranstalter und auch nicht auf unsere Namen. Wir hielten also am Hotel und fragten vor Ort nochmals nach. Das Hotel hatte keine Buchungen. Die Busfahrer versuchten nun auch schon die Verantwortlichen zu erreichen, allerdings ohne Erfolg. Gott sei Dank hatten wir drei t\u00fcrkische Mitreisende dabei, die alles gedolmetscht haben und mit den Busfahrern sprechen konnten. Es stellte sich heraus, dass auch die Busfahrer geprellt werden sollten, denn ihnen wurde das Geld f\u00fcr die Fahrt auch am Hotel versprochen. Diese aber auf die Bezahlung bestanden und ansonsten nicht gefahren w\u00e4ren.<\/p>\n<p>Am Hotel standen wir gef\u00fchlt 2 Stunden. Es wurde mit allen m\u00f6glichen Personen und Instanzen (Polizei, Botschaft, Auslandsvertretung, usw.) telefoniert und versucht Informationen zu bekommen, allerdings ohne Erfolg. So langsam wurde uns klar, dass unsere Reisep\u00e4sse auf \u201eNimmer Wiedersehen\u201c weg waren. Zum Gl\u00fcck konnte eine mitreisende Bloggerin ein g\u00fcnstiges Hotel f\u00fcr uns in Alanya buchen, zu dem wir wenig sp\u00e4ter fuhren. Angekommen checkten wir ein und suchten um 2 Uhr nachts noch nach einer M\u00f6glichkeit etwas zu essen. Wir irrten etwas verloren auf der Stra\u00dfe umher und anscheinend wurde so ein einheimischer Reiseleiter auf uns aufmerksam, der uns helfen wollte. Er telefonierte mit einem Freund und brachte uns dann zu einem Restaurant. Hier wurden wir schon erwartet und konnten eine Kleinigkeit essen. In dem Restaurant war durch Zufall eine Polizeistreife, die wir ansprachen und fragten, ob wir gleich noch f\u00fcr die Anzeigen auf die Wache kommen sollten.<\/p>\n<h4>EIN ABSOLUTER HORRORTRIP UND ALPTRAUM<\/h4>\n<p>Um kurz nach 3 Uhr nachts standen wir dann mit 25 Leuten vor der Polizeiwache in Alanya. Leider war die Station nur noch mit der Nachtwache besetzt und man vertr\u00f6stete uns auf den n\u00e4chsten Tag. Um 4:30 Uhr waren wir dann alle wieder im Hotel und besprachen noch schnell das weitere Vorgehen. Alle brauchten etwas Schlaf und die Nerven lagen sowieso bei allen blank. Also ging es erst mal ins Bett.<\/p>\n<p>Am n\u00e4chsten Morgen trafen wir uns, um erneut zur Polizeiwache zu gehen. Denn die Auslandsvertretung, zu der wir zuerst wollten hatte nicht offen (Sonntag). Bei der Polizei wurden dann die Anzeigen wegen den gestohlenen Reisep\u00e4ssen aufgenommen und alle betroffenen verh\u00f6rt. Zudem wurden alle Infos und Beweise zu der dubiosen Firma bzw. des Reiseveranstalters aufgenommen. Anscheinend war die Dame, die uns am Flughafen in Empfang genommen hat aus Aserbaidschan und schon l\u00e4ngst \u00fcber alle Berge. Mit im Gep\u00e4ck die Reisep\u00e4sse. Nach knapp 8 Stunden hatten alle Betroffenen die richtigen Papiere + Anzeigen f\u00fcr die Ausreise aus der T\u00fcrkei. Auch die Deutsche Botschaft, bzw. Konsulat wurde \u00fcber den ganzen Fall informiert.<\/p>\n<h4>EIN REISEPASS BRINGT AUF DEM SCHWARZMARKT BIS ZU 30.000 EURO!<\/h4>\n<p>Anscheinend passiert der Diebstahl von Reisep\u00e4ssen h\u00e4ufig in Nicht-EU L\u00e4ndern und das k\u00f6nnte wohl damit zusammenh\u00e4ngen, dass man mit einem deutschen Reisepass unproblematisch reisen kann. Reisep\u00e4sse sind am Schwarzmarkt wohl sehr begehrt und werden zwischen 10.000 \u2013 30.000 Euro gehandelt. Es kristallisierte sich also immer und immer mehr heraus, dass dieser \u201eReiseveranstalter\u201c ein Betr\u00fcger war, der das alles im gro\u00dfen Stil abzog. Ganz zum Schluss bekamen wir auch noch die Infos, dass es sich wohl um einen Clan handeln soll und der Vater der Reiseleiterin schon polizeibekannt ist.<\/p>\n<p>Um 19 Uhr fuhren wir dann mit dem Bus wieder zwei Stunden zur\u00fcck nach Antalya, checkten in ein Hotel ein und gingen ins Bett. Mittlerweile war es wieder kurz vor Mitternacht und wir waren einfach fix und alle. Zwischendurch hatten wir noch unsere R\u00fcckfl\u00fcge nach Deutschland gebucht und machten uns am n\u00e4chsten Morgen um 7 Uhr auf zum Flughafen. Die Ausreise verlief ohne Probleme und auch bei der Passkontrolle gab es keine Beanstandungen.<\/p>\n<h4>SCHNELLSTM\u00d6GLICH WIEDER ZUR\u00dcCK NACH DEUTSCHLAND<\/h4>\n<p>Ich bin wirklich froh wieder zu Hause zu sein und alle anderen auch, denn die letzten Tage waren wie Szene aus einem schlechten Film. Ein Alptraum, man kann es leider nicht anders sagen. Aber jetzt noch ein paar Worte zu dem ganzen Chaos in den\u00a0<a href=\"https:\/\/www.instagram.com\/fashionkitchen\/\" target=\"_blank\" rel=\"noreferrer noopener\" aria-label=\"Sozialen Medien (\u00f6ffnet in neuem Tab)\">Sozialen Medien<\/a>. Ich hatte leider nur sehr schlechtes Internet und habe immer wieder nur Bruchst\u00fccke mitbekommen, was ich aber mitbekommen habe, hat mir die Kinnlade offen stehen lassen.<\/p>\n<p>Wir haben alle ganz bewusst nichts gepostet (oder hatten es zumindest so vor und ausgemacht), denn wir hatten wirklich Angst, nicht mehr nach Hause zu kommen. Meinungs- und Pressefreiheit ist in der T\u00fcrkei nicht so wie in Deutschland, deswegen wollten wir uns so lange bedeckt halten, bis wir wieder zur\u00fcck in Deutschland sind. Die politische Lage ist auch nicht gerade die Beste und wir wollten einfach nichts riskieren. Als es dann aber anfing, dass Personen Postings und Stories absetzten, die gar nicht dabei waren und rasende Reporter spielen wollten, haben sich einige zu Worte gemeldet.<\/p>\n<h4>FLUGTICKETS, HOTELBUCHUNGEN, ES WAR ALLES DA \u2013 BIS ZUR STORNIERUNG!<\/h4>\n<p>Ich finde es wirklich unglaublich, sich jetzt so ins Rampenlicht zu schieben und sich auf Kosten anderer \u201eFame\u201c verdienen zu wollen. \u201eHahaha, ich war so schlau und habe die Mail gleich gel\u00f6scht!\u201c \u201eWie dumm und naiv kann man bitte sein?\u201c \u201eMir w\u00e4re so etwas nicht passiert!\u201c usw. Ich frage mich, wie man ein paar tausend Kilometer weit weg solche Dinge sagen kann, wenn es einem in keinster Weise betrifft? Sich an dem Leid anderer zu erg\u00f6tzen und Profit daraus zu schlagen? F\u00fcr mich und meine Mitreisenden absolut unverst\u00e4ndlich und f\u00fcr uns auch wirklich gef\u00e4hrlich. Denn wir waren in der T\u00fcrkei in dieser Situation, nicht die anderen.<\/p>\n<p>Ich checkte die Fl\u00fcge, bekam die Tickets und auch ein Vertrag mit Stempel und Unterschrift wurde mir geschickt. Eine Bloggerin rief sogar bei den Hotels an und lie\u00df sich die Reservierung best\u00e4tigen. Bis zu diesem Zeitpunkt war es wohl auch so, dass alles gebucht war. Allerdings wurde dies alles wieder storniert und nur die Hinflug-Tickets behielten ihre G\u00fcltigkeit. Ich wunderte mich auch nicht, \u00fcber das gebrochene aber dennoch verh\u00e4ltnism\u00e4\u00dfig gute Deutsch in den E-Mails (ich bot auch an, dass wir in Englisch weiter schreiben k\u00f6nnten), denn ich verurteile niemanden, nur weil er nicht einwandfrei in deutscher Sprache und Schrift fit ist. (Auch hier wurde sich von einigen aus der Online Welt rassistisch ge\u00e4u\u00dfert! Was ich ziemlich heftig finde.) Es zeugt f\u00fcr mich eher von H\u00f6flichkeit und Respekt, wenn jemand versucht mit mir in meiner Muttersprache zu korrespondieren.<\/p>\n<h4>WARUM MISCHEN SICH LEUTE EIN, DIE NICHT DABEI WAREN?<\/h4>\n<p>Warum wir die Reise angetreten haben? Weil das nun mal dazu geh\u00f6rt, wenn man Blogger, Influencer, Instagrammer oder sonstiges ist. Da ist es an der Tagesordnung, dass man Pressereisen macht, auf Events geht, usw. Ich pers\u00f6nlich bin jemand, der alles doppelt und dreifach pr\u00fcft und sich wirklich absichert. Anfang April habe ich die besagte Einladung des Reiseveranstalters aus der T\u00fcrkei bekommen und war erst einmal skeptisch, denn ich bin ja kein wirklicher\u00a0<a href=\"https:\/\/www.fashion-kitchen.com\/kategorie\/reisen\" target=\"_blank\" rel=\"noreferrer noopener\" aria-label=\"Reiseblogger (\u00f6ffnet in neuem Tab)\">Reiseblogger<\/a>, freute mich aber, dass ich nach Jahren wieder mal in die T\u00fcrkei reisen k\u00f6nnte. Ich schrieb eine lange Liste mit allen Fragen und schickte sie an meine Kontaktperson. Ich bekam umgehend auf alle Fragen eine plausible Antwort. Es wurden Fl\u00fcge gebucht, Hotels reserviert und auch die Homepage + Tour schaute ich mir genau an. Ich zeigte alles auch befreundeten Reisebloggern, die auch nichts Dubioses an dem Allen finden konnten.<\/p>\n<p>Die Reisep\u00e4sse wurden uns also abgenommen (ich war nicht betroffen), weil diese auf dem Schwarzmarkt verkauft werden und man damit extrem viel Geld verdienen kann. Die Betr\u00fcger haben auch darauf geachtet, wie lange die P\u00e4sse noch g\u00fcltig sind, denn nur die mit einer langen G\u00fcltigkeit wurden einbehalten, allen anderen wurde der Pass wieder ausgeh\u00e4ndigt. Die Polizei in Alanya hat wirklich alle Hebel in Bewegung gesetzt, um den Fall zu l\u00f6sen und mittlerweile ist auch schon die Kriminalpolizei mit involviert. Die obersten Instanzen wurden eingeschaltet und sogar ein Bericht sollte am Montag in der t\u00fcrkischen Zeitung erscheinen, um vor diesen Betr\u00fcgern zu warnen und uns eine Sicherheit zu geben, wenn etwas doch nicht so ganz bei der Ausreise klappen sollte.<\/p>\n<h4>WIE KANN MAN NUR AUF SOWAS REIN FALLEN! MIR W\u00c4RE DAS NICHT PASSIERT!<\/h4>\n<p>Das Problem ist n\u00e4mlich, dass die Betroffenen nat\u00fcrlich noch mit ihrem Personalausweis h\u00e4tten ausreisen k\u00f6nnen, sie dann jedoch keinen neuen Reisepass in Deutschland h\u00e4tten beantragen d\u00fcrfen. Der Reisepass muss zuerst bei der t\u00fcrkischen Polizei als gestohlen gemeldet und eine Anzeige gemacht werden. Danach wird die deutsche Botschaft \/ Konsulat informiert und erst dann ist man so halbwegs auf der sicheren Seite. Wenn man diese Schritte nicht geht und mit seinem gestohlenen Ausweis wird irgendetwas angestellt, kann man daf\u00fcr verantwortlich gemacht und sogar verhaftet werden.<\/p>\n<p>Ohne unsere t\u00fcrkischsprachigen Mitreisenden w\u00e4ren wir allerdings komplett verloren gewesen. Denn es wird leider nur sehr wenig englisch und deutsch gesprochen und bei so heiklen Angelegenheiten ist eine Erkl\u00e4rung fast unm\u00f6glich. Die drei haben alles f\u00fcr uns geregelt und organsiert, daf\u00fcr kann ich mich gar nicht genug bedanken! Diese Tatsache, dass wir Muttersprachler an unserer Seite hatten, hat mir ein wenig Sicherheit gegeben.<\/p>\n<h4>OHNE UNSERE T\u00dcRKISCHSPRACHIGEN MITREISENDEN W\u00c4REN WIR VERLOREN GEWESEN.<\/h4>\n<p>Ja jetzt im Nachhinein macht irgendwie alles Sinn und man kommt sich dumm vor, aber man denkt immer, dass so etwas nur im Film passiert und man selbst nicht betroffen ist. Leider ist in diesem Fall nicht so gewesen, aber man kann es jetzt nicht mehr r\u00fcckg\u00e4ngig machen. Ich habe mir wirklich Vorw\u00fcrfe gemacht, dass ich nicht alles nochmal doppelt und dreifach gepr\u00fcft habe (was ich ja sowieso getan habe) und 70 E-Mails hin und her geschickt wurden. Aber auch viele andere sind den Betr\u00fcgern auf den Leim gegangen. Ich m\u00f6chte hiermit etwas sensibilisieren und zur Vorsicht aufrufen.<\/p>\n<p>Wir haben uns leider von hervorragenden F\u00e4lschungen (Flugtickets, Hotelbuchungen, Website, Busse mit Logo, usw.) blenden lassen. Aber anscheinend ist das Gesch\u00e4ft mit Reisep\u00e4ssen gerade wirklich sehr gro\u00df. Deswegen!\u00a0<strong>GEBT EUREN AUSWEIS ODER REISEPASS NICHT AUS DEN H\u00c4NDEN!<\/strong>\u00a0Fertigt am besten vor der Reise ein paar Kopien an, die Ihr dann bei Bedarf an das Hotel, den Reiseleiter oder sonstige Veranstalter aush\u00e4ndigen k\u00f6nnt. Wir waren zu gutgl\u00e4ubig und haben den Veranstaltern vertraut. Es sprachen einfach so viele Dinge daf\u00fcr. Und am Ende kann man immer sagen, ja ich h\u00e4tte es wissen m\u00fcssen.<\/p>\n<h4>GEBT EUREN AUSWEIS ODER REISEPASS NICHT AUS DEN H\u00c4NDEN!<\/h4>\n<p>Was ich aber zu keinem Zeitpunkt und bis jetzt auch nicht verstehen kann, sind Beschimpfunen und Beleidigungen. Ist es noch nicht schlimm genug, dass man in so einer Lage steckt? Muss man dann noch micht Hass und Boshaftigkeit nachtreten? Ich habe keine Worte f\u00fcr solche anonymen Nachrichten und Kommentaren, wie \u201edas geschieht dir Recht\u201c, \u201ejetzt wird deine Raffgier bestraft\u201c bis \u201eendlich bekommst du das was du verdienst\u201c! Ich w\u00fcnsche keinem auf dieser Welt, dass er einmal in so eine Situation kommt. Wir sind NUR mit einem \u201eReisepass Diebstahl\u201c davon gekommen. Es h\u00e4tte aber auch viel schlimmer ausgehen k\u00f6nnen. Sehr viel schlimmer. Also denkt einfach vorher erst einmal nach, bevor so minderbemittelte Aussage abgegeben werden. Denn Ihr k\u00f6nntet auch mal in so einer Situation stecken.<\/p>\n<p>F\u00fcr alle die demn\u00e4chst einen Urlaub in der T\u00fcrkei gebucht haben oder dorthin reisen m\u00f6chten. Ihr braucht absolut keine Angst haben und ich m\u00f6chte die T\u00fcrkei mit keinem Wort schlecht machen. Denn die t\u00fcrkische Polizei und alle Beh\u00f6rden und \u00c4mter haben uns sehr geholfen. Allerdings solltet Ihr einfach wirklich aufpassen und etwas sensibilisiert an die Reise heran gehen. Sollte doch einmal etwas passieren, dann beachtet die unten stehenden Punkte oder informiert Euch auf folgenden Seiten.<\/p>\n<h4><em>ZUS\u00c4TZLICH HOFFE ICH, DASS DAS HIER JETZT ALLES ETWAS LICHT INS DUNKLE GEBRACHT HAT UND SICH DIE AUFREGUNG GANZ SCHNELL WIEDER LEGT. VOR ALLEM SOLLTEN DIE, DIE F\u00dcSSE STILL HALTEN, DIE NICHT DABEI WAREN UND INFORMATIONEN VERBREITEN, DIE NICHT DER WAHRHEIT ENTSPRECHEN<\/em><\/h4>\n<p><img loading=\"lazy\" class=\"alignnone  wp-image-423\" src=\"https:\/\/kayapartner.com\/de\/wp-content\/uploads\/2020\/07\/Ekran-Al\u0131nt\u0131s\u0131-1-300x297.png\" alt=\"\" width=\"720\" height=\"713\" srcset=\"https:\/\/kayapartner.com\/de\/wp-content\/uploads\/2020\/07\/Ekran-Al\u0131nt\u0131s\u0131-1-300x297.png 300w, https:\/\/kayapartner.com\/de\/wp-content\/uploads\/2020\/07\/Ekran-Al\u0131nt\u0131s\u0131-1-150x150.png 150w, https:\/\/kayapartner.com\/de\/wp-content\/uploads\/2020\/07\/Ekran-Al\u0131nt\u0131s\u0131-1.png 616w\" sizes=\"(max-width: 720px) 100vw, 720px\" \/><\/p>\n<h4>WAS TUN, WENN DIE REISEP\u00c4SSE\/PERSONALAUSWEISE WEG SIND ODER GESTOHLEN WURDEN?<\/h4>\n<ul>\n<li>erst einmal Ruhe bewahren.<\/li>\n<li>die Polizei vor Ort aufsuchen und eine Anzeige machen, hier bekommt man auch das Formular f\u00fcr die Ausreise mit dem Personalausweis.<\/li>\n<li>die\u00a0<a href=\"https:\/\/www.auswaertiges-amt.de\/de\/ReiseUndSicherheit\/uebersicht\/199290#content_8\" target=\"_blank\" rel=\"noreferrer noopener\" aria-label=\"Auslandsvertretung (\u00f6ffnet in neuem Tab)\">Auslandsvertretung<\/a>\u00a0bzw.\u00a0<a href=\"https:\/\/tuerkei.diplo.de\/tr-de\" target=\"_blank\" rel=\"noreferrer noopener\" aria-label=\"die Botschaft (\u00f6ffnet in neuem Tab)\">die Botschaft<\/a>\u00a0kontaktieren, um den Verlust\/Diebstahl des Reisepasses\/Personalausweises anzuzeigen.<\/li>\n<li>sollte man nur einen Reisepass als einziges Ausweisdokument haben, muss man wohl das\u00a0<a href=\"https:\/\/tuerkei.diplo.de\/tr-de\/-\/1605746?openAccordionId=item-1604868-3-panel\">Konsulat<\/a>\u00a0vor Ort aufsuchen. Hier kann dann ein vorl\u00e4ufiges Ausweisdokument ausgestellt werden. Dieser Reiseausweis ist dann w\u00e4hrend der Reise g\u00fcltig. Aber nur da!<\/li>\n<li>den Reisepass\/Personalausweis beim Einwohnermeldeamt\/B\u00fcrgeramt sofort sperren lassen und gegebenenfalls einen neuen Ausweis beantragen.<\/li>\n<\/ul>\n<\/div>\n","protected":false},"excerpt":{"rendered":"<p>DIENSTAG, 07. MAI 2019 REISEN Ich wei\u00df leider gar nicht wo ich anfangen soll. Seit Samstag haben sich die Ereignisse \u00fcberschlagen und es ist so viel passiert. Ich kann nur sagen, dass ich nun wieder gut zu Hause angekommen bin und diesem Alptraum entfliehen konnte. Aber am besten von vorne. Am Samstag bin ich, so [&hellip;]<\/p>\n","protected":false},"author":2,"featured_media":0,"parent":0,"menu_order":0,"comment_status":"closed","ping_status":"closed","template":"","meta":[],"_links":{"self":[{"href":"https:\/\/kayapartner.com\/de\/wp-json\/wp\/v2\/pages\/422"}],"collection":[{"href":"https:\/\/kayapartner.com\/de\/wp-json\/wp\/v2\/pages"}],"about":[{"href":"https:\/\/kayapartner.com\/de\/wp-json\/wp\/v2\/types\/page"}],"author":[{"embeddable":true,"href":"https:\/\/kayapartner.com\/de\/wp-json\/wp\/v2\/users\/2"}],"replies":[{"embeddable":true,"href":"https:\/\/kayapartner.com\/de\/wp-json\/wp\/v2\/comments?post=422"}],"version-history":[{"count":1,"href":"https:\/\/kayapartner.com\/de\/wp-json\/wp\/v2\/pages\/422\/revisions"}],"predecessor-version":[{"id":424,"href":"https:\/\/kayapartner.com\/de\/wp-json\/wp\/v2\/pages\/422\/revisions\/424"}],"wp:attachment":[{"href":"https:\/\/kayapartner.com\/de\/wp-json\/wp\/v2\/media?parent=422"}],"curies":[{"name":"wp","href":"https:\/\/api.w.org\/{rel}","templated":true}]}}