{"id":412,"date":"2020-07-28T13:37:34","date_gmt":"2020-07-28T10:37:34","guid":{"rendered":"https:\/\/kayapartner.com\/de\/?page_id=412"},"modified":"2020-07-28T13:37:34","modified_gmt":"2020-07-28T10:37:34","slug":"antalya-fluge-nach-deutschland","status":"publish","type":"page","link":"https:\/\/kayapartner.com\/de\/antalya-fluge-nach-deutschland\/","title":{"rendered":"ANTALYA: FLUGE NACH DEUTSCHLAND"},"content":{"rendered":"<p>In Antalya wurden einzelne Fl\u00fcge von und nach Deutschland abgewickelt. Abfliegende Passagiere m\u00fcssen bereits drei Stunden vor Abflug einchecken, dabei wird kontaktlos Fieber gemessen. Nach Angaben von Flugg\u00e4sten gab es nach der Landung in Deutschland nur die \u00fcblichen Einreise-Formalit\u00e4ten. Fl\u00fcge in die T\u00fcrkei sind offenbar auch f\u00fcr Touristen m\u00f6glich und nicht nur f\u00fcr Inhaber eines Ikamet (Aufenthalts-Erlaubnis f\u00fcr dauernde Residenten). Wer bei der Ankunft in Antalya Symptome einer Erkrankung zeigt, wird in Quarant\u00e4ne genommen. (11.06.2020)<\/p>\n","protected":false},"excerpt":{"rendered":"<p>In Antalya wurden einzelne Fl\u00fcge von und nach Deutschland abgewickelt. Abfliegende Passagiere m\u00fcssen bereits drei Stunden vor Abflug einchecken, dabei wird kontaktlos Fieber gemessen. Nach Angaben von Flugg\u00e4sten gab es nach der Landung in Deutschland nur die \u00fcblichen Einreise-Formalit\u00e4ten. Fl\u00fcge in die T\u00fcrkei sind offenbar auch f\u00fcr Touristen m\u00f6glich und nicht nur f\u00fcr Inhaber eines [&hellip;]<\/p>\n","protected":false},"author":2,"featured_media":0,"parent":0,"menu_order":0,"comment_status":"closed","ping_status":"closed","template":"","meta":[],"_links":{"self":[{"href":"https:\/\/kayapartner.com\/de\/wp-json\/wp\/v2\/pages\/412"}],"collection":[{"href":"https:\/\/kayapartner.com\/de\/wp-json\/wp\/v2\/pages"}],"about":[{"href":"https:\/\/kayapartner.com\/de\/wp-json\/wp\/v2\/types\/page"}],"author":[{"embeddable":true,"href":"https:\/\/kayapartner.com\/de\/wp-json\/wp\/v2\/users\/2"}],"replies":[{"embeddable":true,"href":"https:\/\/kayapartner.com\/de\/wp-json\/wp\/v2\/comments?post=412"}],"version-history":[{"count":1,"href":"https:\/\/kayapartner.com\/de\/wp-json\/wp\/v2\/pages\/412\/revisions"}],"predecessor-version":[{"id":413,"href":"https:\/\/kayapartner.com\/de\/wp-json\/wp\/v2\/pages\/412\/revisions\/413"}],"wp:attachment":[{"href":"https:\/\/kayapartner.com\/de\/wp-json\/wp\/v2\/media?parent=412"}],"curies":[{"name":"wp","href":"https:\/\/api.w.org\/{rel}","templated":true}]}}