{"id":114,"date":"2019-09-24T11:21:37","date_gmt":"2019-09-24T08:21:37","guid":{"rendered":"http:\/\/kayapartner.com\/?page_id=114"},"modified":"2020-05-17T15:31:58","modified_gmt":"2020-05-17T12:31:58","slug":"firmen-profil","status":"publish","type":"page","link":"https:\/\/kayapartner.com\/de\/firmen-profil\/","title":{"rendered":"Firmenprofil"},"content":{"rendered":"<div class=\"wpb_text_column wpb_content_element \">\n<div class=\"wpb_wrapper\">\n<h2>Firmenprofil<\/h2>\n<p><strong>Kaya &amp; Partner<\/strong>\u00a0Rechtsberatung<\/p>\n<p><strong>Kaya &amp; Partner<\/strong>\u00a0wurde von Herrn Rechtsanwalt A. Vahit Kaya in Istanbul gegr\u00fcndet. Herr Kaya ist seit 1991 als Anwalt in der T\u00fcrkei t\u00e4tig.<\/p>\n<p>Die T\u00e4tigkeiten und das Studium der Mitarbeiter in Australien, Schweiz, Deutschland, Holland, \u00d6sterreich und England sowie die dadurch erworbenen internationalen Erfahrungen erleichtern die Kommunikation mit Kaya &amp; Partner\u00a0\u00a0 und erweitern so das Leistungsangebot. Wir vertreten auch viele Mandanten aus den Golfstaaten (GCC), einschlie\u00dflich UAE, Dubai, Oman, Kuwait, Saudi-Arabien, Bahrain und Irak.<\/p>\n<p>&nbsp;<\/p>\n<p><strong>Kaya &amp; Partner<\/strong>\u00a0Rechtsanw\u00e4lte sind Mitglied bei:<\/p>\n<p>EUROJURIS International<\/p>\n<p>PEOPIL,<\/p>\n<p>LawNet\u00a0 und APIL Grossbritanien<\/p>\n<p>LEGAROO\u00a0 Travel Legal Assistance<\/p>\n<p>LAWASIA The Law Association for Asia And The Pacific<\/p>\n<p>AAJ (The American Association for Justice)<\/p>\n<p>Istanbuler Anwaltskammer<\/p>\n<p>European Centre of Tort and Insurance Law<\/p>\n<p>Juristenvereinigung Osnabr\u00fcck<\/p>\n<p>Deutsch \u2013 T\u00fcrkische Juristenvereinigung<\/p>\n<p>AHK \u2013 IHK , LAWASIA and anwalt.de<\/p>\n<p>Deutscher Verkehrsgerichtstag \u2013 Deutsche Akademie f\u00fcr Verkehrswissenschaft \u2013 e.V.<\/p>\n<p>IETL Institute For European Traffic Law<\/p>\n<\/div>\n<\/div>\n","protected":false},"excerpt":{"rendered":"<p>Firmenprofil Kaya &amp; Partner\u00a0Rechtsberatung Kaya &amp; Partner\u00a0wurde von Herrn Rechtsanwalt A. Vahit Kaya in Istanbul gegr\u00fcndet. Herr Kaya ist seit 1991 als Anwalt in der T\u00fcrkei t\u00e4tig. Die T\u00e4tigkeiten und das Studium der Mitarbeiter in Australien, Schweiz, Deutschland, Holland, \u00d6sterreich und England sowie die dadurch erworbenen internationalen Erfahrungen erleichtern die Kommunikation mit Kaya &amp; Partner\u00a0\u00a0 [&hellip;]<\/p>\n","protected":false},"author":2,"featured_media":0,"parent":0,"menu_order":0,"comment_status":"closed","ping_status":"closed","template":"","meta":[],"_links":{"self":[{"href":"https:\/\/kayapartner.com\/de\/wp-json\/wp\/v2\/pages\/114"}],"collection":[{"href":"https:\/\/kayapartner.com\/de\/wp-json\/wp\/v2\/pages"}],"about":[{"href":"https:\/\/kayapartner.com\/de\/wp-json\/wp\/v2\/types\/page"}],"author":[{"embeddable":true,"href":"https:\/\/kayapartner.com\/de\/wp-json\/wp\/v2\/users\/2"}],"replies":[{"embeddable":true,"href":"https:\/\/kayapartner.com\/de\/wp-json\/wp\/v2\/comments?post=114"}],"version-history":[{"count":9,"href":"https:\/\/kayapartner.com\/de\/wp-json\/wp\/v2\/pages\/114\/revisions"}],"predecessor-version":[{"id":328,"href":"https:\/\/kayapartner.com\/de\/wp-json\/wp\/v2\/pages\/114\/revisions\/328"}],"wp:attachment":[{"href":"https:\/\/kayapartner.com\/de\/wp-json\/wp\/v2\/media?parent=114"}],"curies":[{"name":"wp","href":"https:\/\/api.w.org\/{rel}","templated":true}]}}