{"id":969,"date":"2020-06-13T11:40:49","date_gmt":"2020-06-13T08:40:49","guid":{"rendered":"https:\/\/kayapartner.com\/?page_id=969"},"modified":"2022-09-01T21:48:45","modified_gmt":"2022-09-01T18:48:45","slug":"%d8%ad%d8%a7%d9%84%d8%a9-%d8%aa%d9%82%d8%b1%d9%8a%d8%b1-%d9%85%d8%a8%d9%84%d8%ba-%d8%a7%d9%84%d8%a5%d9%8a%d8%ac%d8%a7%d8%b1","status":"publish","type":"page","link":"https:\/\/kayapartner.com\/ar\/%d8%ad%d8%a7%d9%84%d8%a9-%d8%aa%d9%82%d8%b1%d9%8a%d8%b1-%d9%85%d8%a8%d9%84%d8%ba-%d8%a7%d9%84%d8%a5%d9%8a%d8%ac%d8%a7%d8%b1\/","title":{"rendered":"\u062d\u0627\u0644\u0629 \u062a\u0642\u0631\u064a\u0631 \u0645\u0628\u0644\u063a \u0627\u0644\u0625\u064a\u062c\u0627\u0631"},"content":{"rendered":"<h3><strong>\u062d\u0627\u0644\u0629 \u062a\u0642\u0631\u064a\u0631 \u0645\u0628\u0644\u063a \u0627\u0644\u0625\u064a\u062c\u0627\u0631<\/strong><\/h3>\n<ul>\n<li>\n<h3><strong>\u0628\u0634\u0643\u0644 \u0639\u0627\u0645<\/strong><\/h3>\n<\/li>\n<\/ul>\n<p>\u0641\u064a \u0642\u0627\u0646\u0648\u0646 \u0627\u0644\u0627\u0644\u062a\u0632\u0627\u0645\u0627\u062a \u0627\u0644\u062a\u0631\u0643\u064a \u060c \u062a\u0645 \u062a\u0642\u064a\u064a\u0645 \u0633\u0639\u0631 \u0627\u0644\u0625\u064a\u062c\u0627\u0631 \u0639\u0644\u0649 \u0648\u062c\u0647 \u0627\u0644\u062a\u062d\u062f\u064a\u062f \u0645\u0646 \u062d\u064a\u062b \u0627\u0644\u0645\u0633\u0627\u0643\u0646 \u0648\u0623\u0645\u0627\u0643\u0646 \u0627\u0644\u0639\u0645\u0644 \u0627\u0644\u0645\u0633\u0642\u0648\u0641\u0629 \u060c \u0648\u062a\u0645 \u062a\u062d\u062f\u064a\u062f \u0627\u0644\u0632\u064a\u0627\u062f\u0627\u062a \u0641\u064a \u0627\u0644\u0625\u064a\u062c\u0627\u0631 \u0648\u0633\u0639\u0631 \u0627\u0644\u0625\u064a\u062c\u0627\u0631 \u0628\u0634\u0643\u0644 \u0645\u0646\u0641\u0635\u0644.<\/p>\n<p>\u0623\u0637\u0631\u0627\u0641 \u0627\u062a\u0641\u0627\u0642\u064a\u0629 \u0627\u0644\u0625\u064a\u062c\u0627\u0631 \u0647\u0645 \u0627\u0644\u0645\u0624\u062c\u0631 (\u0627\u0644\u0645\u0624\u062c\u0631) \u0648\u0627\u0644\u0645\u0633\u062a\u0623\u062c\u0631. \u0643\u0642\u0627\u0639\u062f\u0629 \u0639\u0627\u0645\u0629 \u060c \u064a\u0645\u0643\u0646 \u0644\u0644\u0623\u0637\u0631\u0627\u0641 \u062a\u062d\u062f\u064a\u062f \u0627\u0644\u0632\u064a\u0627\u062f\u0629 \u0641\u064a \u0633\u0639\u0631 \u0627\u0644\u0625\u064a\u062c\u0627\u0631 \u0643\u0645\u0627 \u064a\u062d\u0644\u0648 \u0644\u0647\u0645. \u0628\u0627\u0633\u062a\u062b\u0646\u0627\u0621 \u062a\u062d\u062f\u064a\u062f \u0633\u0639\u0631 \u0627\u0644\u0625\u064a\u062c\u0627\u0631 \u060c \u0644\u0627 \u064a\u0645\u0643\u0646 \u0625\u062c\u0631\u0627\u0621 \u0623\u064a \u062a\u063a\u064a\u064a\u0631\u0627\u062a \u0641\u064a \u0639\u0642\u0648\u062f \u0627\u0644\u0625\u064a\u062c\u0627\u0631 \u0636\u062f \u0627\u0644\u0645\u0633\u062a\u0623\u062c\u0631. \u0647\u0630\u0627 \u0647\u0648 \u0627\u0644\u062d\u0643\u0645 \u0627\u0644\u0625\u0644\u0632\u0627\u0645\u064a \u0644\u0644\u0642\u0627\u0646\u0648\u0646. \u0625\u0630\u0627 \u0644\u0645 \u064a\u062a\u0645\u0643\u0646 \u0627\u0644\u0637\u0631\u0641\u0627\u0646 \u0645\u0646 \u0627\u0644\u062a\u0648\u0635\u0644 \u0625\u0644\u0649 \u0627\u062a\u0641\u0627\u0642 \u0628\u0634\u0623\u0646 \u062a\u062d\u062f\u064a\u062f \u0633\u0639\u0631 \u0627\u0644\u0625\u064a\u062c\u0627\u0631 \u060c \u0641\u0633\u064a\u062a\u0645 \u0639\u0631\u0636 \u0642\u0636\u064a\u0629 \u062a\u062d\u062f\u064a\u062f \u0633\u0639\u0631 \u0627\u0644\u0625\u064a\u062c\u0627\u0631 \u0639\u0644\u0649 \u062c\u062f\u0648\u0644 \u0627\u0644\u0623\u0639\u0645\u0627\u0644. \u0641\u064a \u0647\u0630\u0647 \u0627\u0644\u062f\u0631\u0627\u0633\u0629 \u060c \u062f\u0631\u0633\u0646\u0627 \u0628\u0627\u0644\u062a\u0641\u0635\u064a\u0644 \u0627\u0644\u0634\u0631\u0648\u0637 \u0648\u0627\u0644\u0623\u0648\u0642\u0627\u062a \u0627\u0644\u062a\u064a \u064a\u062c\u0628 \u0641\u064a\u0647\u0627 \u0631\u0641\u0639 \u062f\u0639\u0648\u0649 \u062a\u062d\u062f\u064a\u062f \u0633\u0639\u0631 \u0627\u0644\u0625\u064a\u062c\u0627\u0631.<\/p>\n<ul>\n<li>\n<h3><strong>\u0627\u0644\u0634\u0631\u0648\u0637 \u0627\u0644\u0623\u0633\u0627\u0633\u064a\u0629<\/strong><\/h3>\n<\/li>\n<\/ul>\n<p><strong>\u00a0<\/strong><\/p>\n<h3><strong>2.a) \u0639\u0642\u062f \u0625\u064a\u062c\u0627\u0631 \u0633\u0627\u0631\u064a \u0627\u0644\u0645\u0641\u0639\u0648\u0644<\/strong><\/h3>\n<p>\u0644\u064a\u0633 \u0628\u0627\u0644\u0636\u0631\u0648\u0631\u0629 \u0623\u0646 \u064a\u0643\u0648\u0646 \u0639\u0642\u062f \u0627\u0644\u0625\u064a\u062c\u0627\u0631 \u0645\u0643\u062a\u0648\u0628\u064b\u0627 \u060c \u0628\u0644 \u064a\u0645\u0643\u0646 \u0623\u064a\u0636\u064b\u0627 \u0625\u062c\u0631\u0627\u0624\u0647 \u0634\u0641\u0647\u064a\u064b\u0627 \u0637\u0627\u0644\u0645\u0627 \u0623\u0646\u0647 \u064a\u0641\u064a \u0628\u0627\u0644\u0634\u0631\u0648\u0637 \u0627\u0644\u0644\u0627\u0632\u0645\u0629. \u0648\u0645\u0639 \u0630\u0644\u0643 \u060c \u064a\u062c\u0628 \u0627\u0644\u062a\u0623\u0643\u064a\u062f \u0639\u0644\u0649 \u0623\u0646\u0647 \u0645\u0646 \u0627\u0644\u0645\u0647\u0645 \u0625\u062c\u0631\u0627\u0624\u0647\u0627 \u0643\u062a\u0627\u0628\u064a\u064b\u0627 \u0645\u0646 \u0623\u062c\u0644 \u062a\u0648\u0641\u064a\u0631 \u0633\u0647\u0648\u0644\u0629 \u0627\u0644\u0625\u062b\u0628\u0627\u062a \u0648\u062c\u0639\u0644 \u0627\u0644\u0627\u062f\u0639\u0627\u0621\u0627\u062a \u0648\u0627\u0644\u0645\u0637\u0627\u0644\u0628 \u0648\u0627\u0636\u062d\u0629 \u0648\u0645\u0641\u0647\u0648\u0645\u0629. \u0646\u0638\u0631\u064b\u0627 \u0644\u0623\u0646 \u0639\u0646\u0627\u0635\u0631 \u0645\u062b\u0644 \u0633\u0639\u0631 \u0627\u0644\u0625\u064a\u062c\u0627\u0631 \u0648\u0628\u062f\u0627\u064a\u0629 \u0641\u062a\u0631\u0629 \u0627\u0644\u0625\u064a\u062c\u0627\u0631 \u062a\u0634\u0643\u0644 \u0627\u0644\u0639\u0646\u0627\u0635\u0631 \u0627\u0644\u0623\u0633\u0627\u0633\u064a\u0629 \u0644\u0644\u0639\u0642\u062f \u060c \u0641\u0625\u0646 \u0627\u0644\u0639\u0642\u062f \u0627\u0644\u0630\u064a \u0644\u0627 \u064a\u062a\u0636\u0645\u0646\u0647\u0627 \u0644\u0646 \u064a\u0639\u062a\u0628\u0631 \u0635\u0627\u0644\u062d\u064b\u0627 \u0648\u0628\u0627\u0644\u062a\u0627\u0644\u064a \u0644\u0627 \u064a\u0645\u0643\u0646 \u0631\u0641\u0639 \u062f\u0639\u0648\u0649 \u0642\u0636\u0627\u0626\u064a\u0629 \u0644\u062a\u062d\u062f\u064a\u062f \u0627\u0644\u0625\u064a\u062c\u0627\u0631.<\/p>\n<h3><strong>2. \u0628) \u0627\u0644\u0645\u0646\u0627\u0641\u0639 \u0627\u0644\u0642\u0627\u0646\u0648\u0646\u064a\u0629<\/strong><\/h3>\n<p>\u0641\u064a \u0627\u0644\u0642\u0631\u0627\u0631\u0627\u062a \u0627\u0644\u062a\u064a \u0627\u062a\u062e\u0630\u062a\u0647\u0627 \u0645\u062d\u0643\u0645\u0629 \u0627\u0644\u0646\u0642\u0636 \u0628\u0634\u0623\u0646 \u0647\u0630\u0647 \u0627\u0644\u0645\u0633\u0623\u0644\u0629 \u060c \u0644\u0648\u062d\u0638 \u0628\u0634\u0643\u0644 \u0639\u0627\u0645 \u0627\u0644\u0645\u0646\u0641\u0639\u0629 \u0627\u0644\u0642\u0627\u0646\u0648\u0646\u064a\u0629 \u0639\u0644\u0649 \u0627\u0644\u0646\u062d\u0648 \u0627\u0644\u062a\u0627\u0644\u064a: &#8220;\u0641\u064a \u0642\u0636\u064a\u0629 \u0627\u0644\u0641\u0635\u0644 \u060c \u064a\u062c\u0628 \u0639\u0644\u0649 \u0627\u0644\u0645\u062f\u0639\u064a \u0623\u0646 \u064a\u0624\u0643\u062f \u0623\u0646 \u0627\u0644\u0636\u0631\u0631 \u0627\u0644\u0646\u0627\u062c\u0645 \u0639\u0646 \u0627\u0644\u0648\u0636\u0639 \u0627\u0644\u062e\u0637\u064a\u0631 \u0623\u0648 \u0627\u0644\u0645\u062a\u0631\u062f\u062f \u0627\u0644\u0645\u0639\u0646\u064a \u0644\u0627 \u064a\u0645\u0643\u0646 \u0639\u0644\u0627\u062c\u0647 \u0625\u0644\u0627 \u0639\u0646 \u0637\u0631\u064a\u0642 \u0642\u0636\u064a\u0629 \u062a\u062d\u062f\u064a\u062f &#8220;.<\/p>\n<p>\u0644\u0630\u0644\u0643 \u060c \u0625\u0630\u0627 \u0644\u0645 \u064a\u0643\u0646 \u0644\u0644\u0645\u062f\u0639\u064a \u0645\u0635\u0644\u062d\u0629 \u0642\u0627\u0646\u0648\u0646\u064a\u0629 \u0641\u064a \u0631\u0641\u0639 \u062f\u0639\u0648\u0649 \u0642\u0636\u0627\u0626\u064a\u0629 \u0644\u062a\u062d\u062f\u064a\u062f \u0627\u0644\u0625\u064a\u062c\u0627\u0631 \u060c \u0641\u0633\u064a\u0631\u0641\u0636 \u0627\u0644\u0642\u0627\u0636\u064a \u0627\u0644\u062f\u0639\u0648\u0649.<\/p>\n<h3><strong>2. \u062c) \u0627\u0644\u0623\u0637\u0631\u0627\u0641<\/strong><\/h3>\n<p>\u0623\u0637\u0631\u0627\u0641 \u0642\u0636\u064a\u0629 \u062a\u062d\u062f\u064a\u062f \u0627\u0644\u0625\u064a\u062c\u0627\u0631 \u0647\u0645 \u0627\u0644\u0645\u0633\u062a\u0623\u062c\u0631 \u0648\u0627\u0644\u0645\u0624\u062c\u0631 \u0648\u0627\u0644\u0645\u0627\u0644\u0643 \u060c \u0648\u0641\u064a \u062d\u0627\u0644\u0629 \u0648\u0641\u0627\u062a\u0647\u0645 \u0648\u0631\u062b\u062a\u0647\u0645 \u0627\u0644\u0634\u0631\u0639\u064a\u064a\u0646.<\/p>\n<h3><strong>2. \u062f) \u0627\u0644\u0645\u062f\u0629<\/strong><\/h3>\n<p>\u0648\u0641\u0642\u064b\u0627 \u0644\u0646\u0635 \u0627\u0644\u0645\u0627\u062f\u0629 345 \u0645\u0646 \u0642\u0627\u0646\u0648\u0646 \u0627\u0644\u0627\u0644\u062a\u0632\u0627\u0645\u0627\u062a \u0627\u0644\u062a\u0631\u0643\u064a \u060c \u064a\u0645\u0643\u0646 \u0631\u0641\u0639 \u0647\u0630\u0647 \u0627\u0644\u062f\u0639\u0648\u0649 \u0641\u064a \u0623\u064a \u0648\u0642\u062a. \u0648\u0645\u0639 \u0630\u0644\u0643 \u060c \u0647\u0646\u0627\u0643 \u0634\u0631\u0637\u0627\u0646 \u0645\u062a\u0648\u0642\u0639\u0627\u0646 \u0645\u0646 \u0623\u062c\u0644 \u062a\u0646\u0641\u064a\u0630 \u0642\u0631\u0627\u0631 \u0627\u0644\u0645\u062d\u0643\u0645\u0629 \u0641\u064a \u0641\u062a\u0631\u0629 \u0627\u0644\u0625\u064a\u062c\u0627\u0631 \u0627\u0644\u062c\u062f\u064a\u062f\u0629. \u0648\u0641\u0642\u064b\u0627 \u0644\u0630\u0644\u0643 \u060c \u064a\u062c\u0628 \u0631\u0641\u0639 \u0647\u0630\u0647 \u0627\u0644\u062f\u0639\u0648\u0649 \u0625\u0645\u0627 \u0641\u064a \u0645\u0648\u0639\u062f \u0644\u0627 \u064a\u062a\u062c\u0627\u0648\u0632 30 \u064a\u0648\u0645\u064b\u0627 \u0642\u0628\u0644 \u0628\u062f\u0621 \u0627\u0644\u0641\u062a\u0631\u0629 \u0627\u0644\u062c\u062f\u064a\u062f\u0629 \u060c \u0623\u0648 \u064a\u062c\u0628 \u0631\u0641\u0639\u0647\u0627 \u062d\u062a\u0649 \u0646\u0647\u0627\u064a\u0629 \u0641\u062a\u0631\u0629 \u0627\u0644\u0625\u064a\u062c\u0627\u0631 \u0627\u0644\u062c\u062f\u064a\u062f\u0629 \u0627\u0644\u062a\u0627\u0644\u064a\u0629 \u060c \u0628\u0634\u0631\u0637 \u0623\u0646 \u064a\u0643\u0648\u0646 \u0627\u0644\u0645\u0624\u062c\u0631 \u0642\u062f \u0642\u062f\u0645 \u0625\u062e\u0637\u0627\u0631\u064b\u0627 \u0643\u062a\u0627\u0628\u064a\u064b\u0627 \u0644\u0644\u0645\u0633\u062a\u0623\u062c\u0631 \u0628\u0623\u0646 \u0633\u064a\u062a\u0645 \u0632\u064a\u0627\u062f\u0629 \u0633\u0639\u0631 \u0627\u0644\u0625\u064a\u062c\u0627\u0631 \u062e\u0644\u0627\u0644 \u0647\u0630\u0647 \u0627\u0644\u0641\u062a\u0631\u0629. \u0625\u0630\u0627 \u062a\u0645 \u0627\u0633\u062a\u064a\u0641\u0627\u0621 \u0623\u062d\u062f \u0647\u0630\u064a\u0646 \u0627\u0644\u0634\u0631\u0637\u064a\u0646 \u060c \u0641\u0625\u0646 \u0633\u0639\u0631 \u0627\u0644\u0625\u064a\u062c\u0627\u0631 \u0627\u0644\u0630\u064a \u062a\u062d\u062f\u062f\u0647 \u0627\u0644\u0645\u062d\u0643\u0645\u0629 \u0633\u064a\u0644\u0632\u0645 \u0627\u0644\u0645\u0633\u062a\u0623\u062c\u0631 \u0645\u0646 \u0628\u062f\u0627\u064a\u0629 \u0641\u062a\u0631\u0629 \u0627\u0644\u0625\u064a\u062c\u0627\u0631 \u0627\u0644\u062c\u062f\u064a\u062f\u0629 \u0647\u0630\u0647. \u062e\u0644\u0627\u0641 \u0630\u0644\u0643 \u060c \u0633\u064a\u062a\u0645 \u062a\u0637\u0628\u064a\u0642 \u0642\u0631\u0627\u0631 \u0627\u0644\u0645\u062d\u0643\u0645\u0629 \u0644\u0641\u062a\u0631\u0629 \u0627\u0644\u0625\u064a\u062c\u0627\u0631 \u0627\u0644\u062a\u0627\u0644\u064a\u0629.<\/p>\n<h3><strong>2. \u0647\u0640) \u0627\u0644\u0645\u062d\u0643\u0645\u0629 \u0627\u0644\u0645\u0641\u0648\u0636\u0629 \u0648\u0627\u0644\u0645\u062e\u062a\u0635\u0629<\/strong><\/h3>\n<p>\u0647\u0646\u0627 \u060c \u064a\u062c\u0628 \u0631\u0641\u0639 \u0627\u0644\u062f\u0639\u0648\u0649 \u0627\u0644\u0645\u0639\u0646\u064a\u0629 \u0641\u064a \u0645\u062d\u0643\u0645\u0629 \u0627\u0644\u0635\u0644\u062d \u0627\u0644\u0645\u062f\u0646\u064a\u0629 \u0641\u064a \u0627\u0644\u0645\u0643\u0627\u0646 \u0627\u0644\u0630\u064a \u064a\u0648\u062c\u062f \u0641\u064a\u0647 \u0627\u0644\u0639\u0642\u0627\u0631 \u0627\u0644\u062e\u0627\u0636\u0639 \u0644\u0639\u0642\u062f \u0627\u0644\u0625\u064a\u062c\u0627\u0631.<\/p>\n<ul>\n<li>\n<h3><strong>\u062a\u062d\u062f\u064a\u062f \u0633\u0639\u0631 \u0627\u0644\u0625\u064a\u062c\u0627\u0631<\/strong><\/h3>\n<\/li>\n<\/ul>\n<h3><strong>3. \u0623) \u0625\u0630\u0627 \u0643\u0627\u0646\u062a \u0641\u062a\u0631\u0629 \u0627\u0644\u0625\u064a\u062c\u0627\u0631 \u0623\u0642\u0644 \u0645\u0646 5 \u0633\u0646\u0648\u0627\u062a \u0648\u062a\u0645 \u0625\u0628\u0631\u0627\u0645 \u0627\u062a\u0641\u0627\u0642\u064a\u0629 \u0628\u064a\u0646 \u0627\u0644\u0637\u0631\u0641\u064a\u0646 \u0628\u0634\u0623\u0646 \u0633\u0639\u0631 \u0627\u0644\u0625\u064a\u062c\u0627\u0631:<\/strong><\/h3>\n<p>\u062a\u0639\u062a\u0628\u0631 \u0627\u062a\u0641\u0627\u0642\u064a\u0627\u062a \u0627\u0644\u0623\u0637\u0631\u0627\u0641 \u0628\u0634\u0623\u0646 \u0633\u0639\u0631 \u0627\u0644\u0625\u064a\u062c\u0627\u0631 \u0627\u0644\u0630\u064a \u0633\u064a\u062a\u0645 \u062a\u0637\u0628\u064a\u0642\u0647 \u0641\u064a \u0641\u062a\u0631\u0627\u062a \u0627\u0644\u0625\u064a\u062c\u0627\u0631 \u0627\u0644\u0645\u062c\u062f\u062f\u0629 \u0633\u0627\u0631\u064a\u0629 \u060c \u0628\u0634\u0631\u0637 \u0623\u0644\u0627 \u062a\u062a\u062c\u0627\u0648\u0632 \u0645\u0639\u062f\u0644 \u0627\u0644\u062a\u063a\u064a\u064a\u0631 \u0641\u064a \u0645\u0624\u0634\u0631 \u0623\u0633\u0639\u0627\u0631 \u0627\u0644\u0645\u0633\u062a\u0647\u0644\u0643 (CPI) \u0641\u064a \u0633\u0646\u0629 \u0627\u0644\u0625\u064a\u062c\u0627\u0631 \u0627\u0644\u0633\u0627\u0628\u0642\u0629 \u0648\u0641\u0642\u064b\u0627 \u0644\u0645\u062a\u0648\u0633\u0637\u0627\u062a \u0627\u0644\u0627\u062b\u0646\u064a \u0639\u0634\u0631 \u0634\u0647\u0631\u064b\u0627. \u0644\u0630\u0644\u0643 \u060c \u0625\u0630\u0627 \u0643\u0627\u0646\u062a \u0647\u0646\u0627\u0643 \u0632\u064a\u0627\u062f\u0629 \u0641\u064a \u0633\u0639\u0631 \u0627\u0644\u0625\u064a\u062c\u0627\u0631 \u0648\u0641\u0642\u064b\u0627 \u0644\u0647\u0630\u0627 \u0627\u0644\u0645\u0639\u062f\u0644 \u060c \u0641\u0633\u064a\u062a\u0645 \u0631\u0641\u0636\u0647\u0627 \u0646\u0638\u0631\u064b\u0627 \u0644\u0639\u062f\u0645 \u0648\u062c\u0648\u062f \u0641\u0627\u0626\u062f\u0629 \u0642\u0627\u0646\u0648\u0646\u064a\u0629 \u0641\u064a \u0627\u0644\u062f\u0639\u0648\u0649 \u0644\u062a\u062d\u062f\u064a\u062f \u0633\u0639\u0631 \u0627\u0644\u0625\u064a\u062c\u0627\u0631.<\/p>\n<p>\u0648\u0645\u0639 \u0630\u0644\u0643 \u060c \u0625\u0630\u0627 \u062a\u0645 \u0625\u062c\u0631\u0627\u0621 \u0632\u064a\u0627\u062f\u0629 \u0641\u064a \u0627\u0644\u0625\u064a\u062c\u0627\u0631 \u0623\u0639\u0644\u0649 \u0645\u0646 \u0645\u0639\u062f\u0644 \u0632\u064a\u0627\u062f\u0629 \u0645\u0624\u0634\u0631 \u0623\u0633\u0639\u0627\u0631 \u0627\u0644\u0645\u0633\u062a\u0647\u0644\u0643 \u0628\u0627\u0644\u0627\u062a\u0641\u0627\u0642 \u0628\u064a\u0646 \u0627\u0644\u0623\u0637\u0631\u0627\u0641 \u060c \u0641\u0647\u0646\u0627\u0643 \u0641\u0627\u0626\u062f\u0629 \u0642\u0627\u0646\u0648\u0646\u064a\u0629 \u0641\u064a \u0627\u0644\u062a\u0642\u062f\u0645 \u0625\u0644\u0649 \u0627\u0644\u0645\u062d\u0643\u0645\u0629 \u0648\u0642\u062f \u064a\u064f\u0637\u0644\u0628 \u062a\u062d\u062f\u064a\u062f \u0633\u0639\u0631 \u0627\u0644\u0625\u064a\u062c\u0627\u0631 \u0636\u0645\u0646 \u0627\u0644\u062d\u062f\u0648\u062f \u0627\u0644\u0642\u0627\u0646\u0648\u0646\u064a\u0629.<\/p>\n<h3><strong>3. \u0628) \u0625\u0630\u0627 \u0643\u0627\u0646\u062a \u0645\u062f\u0629 \u0627\u0644\u0625\u064a\u062c\u0627\u0631 \u0623\u0642\u0644 \u0645\u0646 5 \u0633\u0646\u0648\u0627\u062a \u0648\u0644\u0645 \u064a\u0643\u0646 \u0647\u0646\u0627\u0643 \u0627\u062a\u0641\u0627\u0642 \u0628\u064a\u0646 \u0627\u0644\u0637\u0631\u0641\u064a\u0646 \u0639\u0644\u0649 \u0633\u0639\u0631 \u0627\u0644\u0625\u064a\u062c\u0627\u0631:<\/strong><\/h3>\n<p>\u0641\u064a \u0627\u0644\u062d\u0627\u0644\u0627\u062a \u0627\u0644\u062a\u064a \u0644\u0627 \u062a\u062a\u0648\u0641\u0631 \u0641\u064a\u0647\u0627 \u0627\u0644\u0627\u062a\u0641\u0627\u0642\u064a\u0629 \u060c \u0642\u062f \u064a\u064f\u0637\u0644\u0628 \u062a\u062d\u062f\u064a\u062f \u0633\u0639\u0631 \u0627\u0644\u0625\u064a\u062c\u0627\u0631 \u0645\u0646 \u062e\u0644\u0627\u0644 \u0627\u0644\u062a\u0642\u062f\u0645 \u0625\u0644\u0649 \u0627\u0644\u0645\u062d\u0643\u0645\u0629. \u0623\u062b\u0646\u0627\u0621 \u062a\u062d\u062f\u064a\u062f \u0633\u0639\u0631 \u0627\u0644\u0625\u064a\u062c\u0627\u0631 \u060c \u0633\u062a\u0648\u0644\u064a \u0627\u0644\u0645\u062d\u0643\u0645\u0629 \u0627\u0644\u0627\u0646\u062a\u0628\u0627\u0647 \u0625\u0644\u0649 \u062d\u0642\u064a\u0642\u0629 \u0623\u0646 \u0633\u0639\u0631 \u0627\u0644\u0625\u064a\u062c\u0627\u0631 \u0623\u0642\u0644 \u0645\u0646 \u0645\u0639\u062f\u0644 \u0632\u064a\u0627\u062f\u0629 \u0645\u0624\u0634\u0631 \u0623\u0633\u0639\u0627\u0631 \u0627\u0644\u0645\u0633\u062a\u0647\u0644\u0643 \u0644\u0641\u062a\u0631\u0629 \u0627\u0644\u0625\u064a\u062c\u0627\u0631 \u0627\u0644\u0633\u0627\u0628\u0642\u0629.<\/p>\n<h3><strong>3. \u062c) \u0625\u0630\u0627 \u0643\u0627\u0646 \u0647\u0646\u0627\u0643 \u0639\u0642\u062f \u0625\u064a\u062c\u0627\u0631 \u0644\u0623\u0643\u062b\u0631 \u0645\u0646 \u062e\u0645\u0633 \u0633\u0646\u0648\u0627\u062a<\/strong><\/h3>\n<p>\u0641\u064a \u0647\u0630\u0647 \u0627\u0644\u062d\u0627\u0644\u0629 \u060c \u0628\u063a\u0636 \u0627\u0644\u0646\u0638\u0631 \u0639\u0645\u0627 \u0625\u0630\u0627 \u0643\u0627\u0646 \u0647\u0646\u0627\u0643 \u0627\u062a\u0641\u0627\u0642 \u0639\u0644\u0649 \u0633\u0639\u0631 \u0627\u0644\u0625\u064a\u062c\u0627\u0631 \u0628\u064a\u0646 \u0627\u0644\u0637\u0631\u0641\u064a\u0646 \u060c \u064a\u0645\u0643\u0646 \u0631\u0641\u0639 \u062f\u0639\u0648\u0649 \u0642\u0636\u0627\u0626\u064a\u0629 \u0644\u062a\u062d\u062f\u064a\u062f \u0633\u0639\u0631 \u0627\u0644\u0625\u064a\u062c\u0627\u0631 \u0641\u064a \u0623\u064a \u062d\u0627\u0644. \u0641\u064a \u0647\u0630\u0647 \u0627\u0644\u062d\u0627\u0644\u0629 \u060c \u0628\u064a\u0646\u0645\u0627 \u062a\u062d\u062f\u062f \u0627\u0644\u0645\u062d\u0643\u0645\u0629 \u0633\u0639\u0631 \u0627\u0644\u0625\u064a\u062c\u0627\u0631 \u060c \u0633\u062a\u062d\u062f\u062f \u0627\u0644\u0645\u062d\u0643\u0645\u0629 \u0627\u0644\u0645\u0645\u062a\u0644\u0643\u0627\u062a \u063a\u064a\u0631 \u0627\u0644\u0645\u0646\u0642\u0648\u0644\u0629 \u0627\u0644\u0633\u0627\u0628\u0642\u0629 \u060c \u0648\u062d\u0642\u0648\u0642 \u0627\u0644\u0645\u0644\u0643\u064a\u0629 \u0648\u063a\u064a\u0631\u0647\u0627 \u0645\u0646 \u0627\u0644\u0642\u0636\u0627\u064a\u0627 \u060c \u0628\u063a\u0636 \u0627\u0644\u0646\u0638\u0631 \u0639\u0646 \u0645\u0639\u062f\u0644 \u0632\u064a\u0627\u062f\u0629 \u0645\u0624\u0634\u0631 \u0623\u0633\u0639\u0627\u0631 \u0627\u0644\u0645\u0633\u062a\u0647\u0644\u0643 \u0644\u0641\u062a\u0631\u0629 \u0627\u0644\u0625\u064a\u062c\u0627\u0631 \u0627\u0644\u0633\u0627\u0628\u0642\u0629.<\/p>\n<h3><strong>3. \u062f) \u0641\u064a \u0639\u0642\u0648\u062f \u0627\u0644\u0625\u064a\u062c\u0627\u0631 \u0627\u0644\u0645\u062d\u062f\u062f\u0629 \u0628\u0627\u0644\u0639\u0645\u0644\u0629 \u0627\u0644\u0623\u062c\u0646\u0628\u064a\u0629<\/strong><\/h3>\n<p>\u0625\u0630\u0627 \u062a\u0645 \u062a\u062d\u062f\u064a\u062f \u0645\u0628\u0644\u063a \u0627\u0644\u0625\u064a\u062c\u0627\u0631 \u0628\u0627\u0644\u0639\u0645\u0644\u0629 \u0627\u0644\u0623\u062c\u0646\u0628\u064a\u0629 \u0641\u064a \u0627\u0644\u0639\u0642\u062f \u060c \u0641\u0644\u0627 \u064a\u0645\u0643\u0646 \u0625\u062c\u0631\u0627\u0621 \u0623\u064a \u062a\u063a\u064a\u064a\u0631 \u0641\u064a \u0633\u0639\u0631 \u0627\u0644\u0625\u064a\u062c\u0627\u0631 \u062d\u062a\u0649 \u0645\u0631\u0648\u0631 \u062e\u0645\u0633 \u0633\u0646\u0648\u0627\u062a. \u0648\u0645\u0639 \u0630\u0644\u0643 \u060c \u0642\u062f\u0645 \u0627\u0644\u0642\u0627\u0646\u0648\u0646 \u0627\u0633\u062a\u062b\u0646\u0627\u0621 \u0644\u0647\u0630\u0627 \u0627\u0644\u0648\u0636\u0639. \u064a\u0633\u0645\u0649\u061b \u0625\u0630\u0627 \u0643\u0627\u0646\u062a \u0647\u0646\u0627\u0643 \u0635\u0639\u0648\u0628\u0629 \u0643\u0628\u064a\u0631\u0629 \u0641\u064a \u0627\u0644\u0623\u062f\u0627\u0621 \u060c \u0641\u064a\u0645\u0643\u0646 \u0625\u062c\u0631\u0627\u0621 \u0627\u0644\u062a\u063a\u064a\u064a\u0631 \u0641\u064a \u0633\u0639\u0631 \u0627\u0644\u0625\u064a\u062c\u0627\u0631 \u0642\u0628\u0644 \u0646\u0647\u0627\u064a\u0629 5 \u0633\u0646\u0648\u0627\u062a. \u0639\u0646\u062f \u062a\u062d\u062f\u064a\u062f \u0633\u0639\u0631 \u0627\u0644\u0625\u064a\u062c\u0627\u0631 \u0628\u0639\u062f \u062e\u0645\u0633 \u0633\u0646\u0648\u0627\u062a \u060c \u0644\u0646 \u062a\u0644\u062a\u0632\u0645 \u0627\u0644\u0645\u062d\u0643\u0645\u0629 \u0628\u0633\u0639\u0631 CPI \u060c \u0645\u0639 \u0627\u0644\u0623\u062e\u0630 \u0641\u064a \u0627\u0644\u0627\u0639\u062a\u0628\u0627\u0631 \u0627\u0644\u062a\u063a\u064a\u0631\u0627\u062a \u0641\u064a \u0642\u064a\u0645\u0629 \u0627\u0644\u0639\u0645\u0644\u0629 \u0627\u0644\u0623\u062c\u0646\u0628\u064a\u0629 \u060c \u0648\u0644\u0643\u0646\u0647\u0627 \u0633\u062a\u062d\u062f\u062f \u0633\u0639\u0631 \u0627\u0644\u0625\u064a\u062c\u0627\u0631 \u0645\u0646 \u062e\u0644\u0627\u0644 \u0645\u0631\u0627\u0639\u0627\u0629 \u0627\u0644\u0645\u0645\u062a\u0644\u0643\u0627\u062a \u063a\u064a\u0631 \u0627\u0644\u0645\u0646\u0642\u0648\u0644\u0629 \u0627\u0644\u0633\u0627\u0628\u0642\u0629 \u0648\u0627\u0644\u062a\u0642\u0644\u0628\u0627\u062a \u0641\u064a \u0627\u0644\u0633\u0648\u0642 .<\/p>\n<p style=\"text-align: right;\"><strong>Haziran 2020, Kad\u0131k\u00f6y<\/strong><\/p>\n<p style=\"text-align: right;\"><strong>Av. Abdulvahit KAYA &amp; Av. Dilay RE\u015e\u0130TO\u011eLU<\/strong><\/p>\n<p style=\"text-align: right;\"><strong>Kaya &amp; Partner Hukuki Dan\u0131\u015fmanl\u0131k<\/strong><\/p>\n<p style=\"text-align: right;\"><strong>\u00a0\u00a0\u00a0\u00a0\u00a0 Lawyers\u00a0 \u2013 \u00a0Rechtsberatung<\/strong><\/p>\n<p style=\"text-align: right;\"><strong>\u00a0\u00a0\u00a0\u00a0\u00a0\u00a0 Istanbul \/ Turkey<\/strong><\/p>\n<p>&nbsp;<\/p>\n<p style=\"text-align: center;\"><a href=\"https:\/\/www.kayapartner.com\/\"><strong>www.kayapartner.com<\/strong><\/a><strong>\u00a0\u00a0\u00a0\u00a0\u00a0\u00a0\u00a0\u00a0\u00a0\u00a0\u00a0\u00a0\u00a0\u00a0\u00a0\u00a0\u00a0\u00a0\u00a0\u00a0\u00a0\u00a0\u00a0\u00a0\u00a0\u00a0\u00a0\u00a0\u00a0\u00a0\u00a0\u00a0\u00a0\u00a0\u00a0\u00a0\u00a0\u00a0\u00a0\u00a0\u00a0\u00a0\u00a0\u00a0\u00a0\u00a0\u00a0\u00a0\u00a0\u00a0\u00a0\u00a0\u00a0\u00a0\u00a0\u00a0\u00a0\u00a0\u00a0\u00a0\u00a0\u00a0\u00a0\u00a0<\/strong><a href=\"mailto:\"><strong>info@kayapartner.com<\/strong><\/a><\/p>\n<p>&nbsp;<\/p>\n","protected":false},"excerpt":{"rendered":"<p>\u062d\u0627\u0644\u0629 \u062a\u0642\u0631\u064a\u0631 \u0645\u0628\u0644\u063a \u0627\u0644\u0625\u064a\u062c\u0627\u0631 \u0628\u0634\u0643\u0644 \u0639\u0627\u0645 \u0641\u064a \u0642\u0627\u0646\u0648\u0646 \u0627\u0644\u0627\u0644\u062a\u0632\u0627\u0645\u0627\u062a \u0627\u0644\u062a\u0631\u0643\u064a \u060c \u062a\u0645 \u062a\u0642\u064a\u064a\u0645 \u0633\u0639\u0631 \u0627\u0644\u0625\u064a\u062c\u0627\u0631 \u0639\u0644\u0649 \u0648\u062c\u0647 \u0627\u0644\u062a\u062d\u062f\u064a\u062f \u0645\u0646 \u062d\u064a\u062b \u0627\u0644\u0645\u0633\u0627\u0643\u0646 \u0648\u0623\u0645\u0627\u0643\u0646 \u0627\u0644\u0639\u0645\u0644 \u0627\u0644\u0645\u0633\u0642\u0648\u0641\u0629 \u060c \u0648\u062a\u0645 \u062a\u062d\u062f\u064a\u062f \u0627\u0644\u0632\u064a\u0627\u062f\u0627\u062a \u0641\u064a \u0627\u0644\u0625\u064a\u062c\u0627\u0631 \u0648\u0633\u0639\u0631 \u0627\u0644\u0625\u064a\u062c\u0627\u0631 \u0628\u0634\u0643\u0644 \u0645\u0646\u0641\u0635\u0644. \u0623\u0637\u0631\u0627\u0641 \u0627\u062a\u0641\u0627\u0642\u064a\u0629 \u0627\u0644\u0625\u064a\u062c\u0627\u0631 \u0647\u0645 \u0627\u0644\u0645\u0624\u062c\u0631 (\u0627\u0644\u0645\u0624\u062c\u0631) \u0648\u0627\u0644\u0645\u0633\u062a\u0623\u062c\u0631. \u0643\u0642\u0627\u0639\u062f\u0629 \u0639\u0627\u0645\u0629 \u060c \u064a\u0645\u0643\u0646 \u0644\u0644\u0623\u0637\u0631\u0627\u0641 \u062a\u062d\u062f\u064a\u062f \u0627\u0644\u0632\u064a\u0627\u062f\u0629 \u0641\u064a \u0633\u0639\u0631 \u0627\u0644\u0625\u064a\u062c\u0627\u0631 \u0643\u0645\u0627 \u064a\u062d\u0644\u0648 \u0644\u0647\u0645. \u0628\u0627\u0633\u062a\u062b\u0646\u0627\u0621 [&hellip;]<\/p>\n","protected":false},"author":2,"featured_media":0,"parent":0,"menu_order":0,"comment_status":"closed","ping_status":"closed","template":"","meta":[],"_links":{"self":[{"href":"https:\/\/kayapartner.com\/ar\/wp-json\/wp\/v2\/pages\/969"}],"collection":[{"href":"https:\/\/kayapartner.com\/ar\/wp-json\/wp\/v2\/pages"}],"about":[{"href":"https:\/\/kayapartner.com\/ar\/wp-json\/wp\/v2\/types\/page"}],"author":[{"embeddable":true,"href":"https:\/\/kayapartner.com\/ar\/wp-json\/wp\/v2\/users\/2"}],"replies":[{"embeddable":true,"href":"https:\/\/kayapartner.com\/ar\/wp-json\/wp\/v2\/comments?post=969"}],"version-history":[{"count":3,"href":"https:\/\/kayapartner.com\/ar\/wp-json\/wp\/v2\/pages\/969\/revisions"}],"predecessor-version":[{"id":1197,"href":"https:\/\/kayapartner.com\/ar\/wp-json\/wp\/v2\/pages\/969\/revisions\/1197"}],"wp:attachment":[{"href":"https:\/\/kayapartner.com\/ar\/wp-json\/wp\/v2\/media?parent=969"}],"curies":[{"name":"wp","href":"https:\/\/api.w.org\/{rel}","templated":true}]}}