{"id":285,"date":"2020-04-25T12:30:28","date_gmt":"2020-04-25T09:30:28","guid":{"rendered":"https:\/\/kayapartner.com\/?page_id=285"},"modified":"2022-09-02T00:24:38","modified_gmt":"2022-09-01T21:24:38","slug":"%d9%81%d9%8a%d8%af%d9%8a%d9%88","status":"publish","type":"page","link":"https:\/\/kayapartner.com\/ar\/%d9%81%d9%8a%d8%af%d9%8a%d9%88\/","title":{"rendered":"\u0641\u064a\u062f\u064a\u0648"},"content":{"rendered":"<h1 class=\"title style-scope ytd-video-primary-info-renderer\"><\/h1>\n<h1><strong>\u0627\u0644\u0639\u0645\u0644\u0629 \u0627\u0644\u0645\u0634\u0641\u0631\u0629 \u0648\u0627\u0644\u0642\u0627\u0646\u0648\u0646 \u0627\u0644\u062f\u0648\u0644\u064a \u0648\u0627\u0644\u0625\u0646\u0641\u0627\u0630 \u0641\u064a \u0627\u0644\u062e\u0627\u0631\u062c \u0648\u062f\u064a \u0628\u0627\u0643\u0631 \u0648\u062f\u064a\u0627\u0631\u062f\u064a\u0631 \u0641\u0627\u0647\u064a\u062a \u0643\u0627\u064a\u0627 \u0648\u0625\u064a\u0641\u064a\u0646 \u062f\u064a\u0643\u0646<\/strong><\/h1>\n<p><iframe loading=\"lazy\" title=\"KR\u0130PTO PARA, ULUSLARARASI HUKUK, YURTDI\u015eINDA \u0130CRA , D.BAKIR VE D\u0130YARDER AV. VAH\u0130T KAYA -EV\u0130N D\u0130KEN\" width=\"500\" height=\"281\" src=\"https:\/\/www.youtube.com\/embed\/MPBWB5NYMdg?feature=oembed\" frameborder=\"0\" allow=\"accelerometer; autoplay; clipboard-write; encrypted-media; gyroscope; picture-in-picture\" allowfullscreen><\/iframe><\/p>\n<h1><\/h1>\n<h1><!--more-->\u0627\u0644\u062a\u0639\u0644\u064a\u0645 \u0627\u0644\u0642\u0627\u0646\u0648\u0646\u064a \u0641\u064a \u0627\u0644\u062e\u0627\u0631\u062c \u0648\u0627\u0644\u0639\u0648\u0644\u0645\u0629 \u0648\u0627\u0644\u0642\u0627\u0646\u0648\u0646<\/h1>\n<h1><\/h1>\n<p><iframe loading=\"lazy\" title=\"Av. Vahit KAYA Yurtd\u0131\u015f\u0131nda Hukuk E\u011fitimi , Globalle\u015fme ve Hukuk (Kaya Partner)\" width=\"500\" height=\"375\" src=\"https:\/\/www.youtube.com\/embed\/jndKKhyeXaQ?feature=oembed\" frameborder=\"0\" allow=\"accelerometer; autoplay; clipboard-write; encrypted-media; gyroscope; picture-in-picture\" allowfullscreen><\/iframe><\/p>\n<h1><\/h1>\n<h1><!--more-->\u0645\u0639\u0644\u0648\u0645\u0627\u062a \u0639\u0627\u0645\u0629 \u0639\u0646 \u0627\u0644\u0646\u0641\u0642\u0629<\/h1>\n<h1 class=\"title style-scope ytd-video-primary-info-renderer\"><\/h1>\n<p><iframe loading=\"lazy\" title=\"Nafakaya Dair Genel Bilgiler (Kaya Partner)\" width=\"500\" height=\"281\" src=\"https:\/\/www.youtube.com\/embed\/G1fCypByME0?feature=oembed\" frameborder=\"0\" allow=\"accelerometer; autoplay; clipboard-write; encrypted-media; gyroscope; picture-in-picture\" allowfullscreen><\/iframe><\/p>\n<p>&nbsp;<\/p>\n<h1><!--more--><strong>\u0645\u0639\u0644\u0648\u0645\u0627\u062a \u0639\u0627\u0645\u0629 \u0639\u0646 \u062d\u0627\u0644\u0627\u062a \u0627\u0644\u0637\u0644\u0627\u0642<\/strong><\/h1>\n<p><iframe loading=\"lazy\" title=\"Bo\u015fanma Davalar\u0131 Hakk\u0131nda Genel Bilgiler (Kaya Partner)\" width=\"500\" height=\"281\" src=\"https:\/\/www.youtube.com\/embed\/4OO4JtJOuRw?feature=oembed\" frameborder=\"0\" allow=\"accelerometer; autoplay; clipboard-write; encrypted-media; gyroscope; picture-in-picture\" allowfullscreen><\/iframe><\/p>\n<p>&nbsp;<\/p>\n<h1><!--more-->\u0627\u0644\u0645\u0638\u0627\u0644\u0645 \u0627\u0644\u0645\u062a\u0639\u0644\u0642\u0629 \u0628\u0627\u0644\u0646\u0641\u0642\u0629 \u0627\u0644\u0645\u0624\u0642\u062a\u0629 \u0648\u063a\u064a\u0631 \u0627\u0644\u0645\u062d\u062f\u062f\u0629<\/h1>\n<p><iframe loading=\"lazy\" title=\"S\u00fcreli ve S\u00fcresiz Nafakaya \u0130li\u015fkin Ma\u011fduriyetler (Kaya Partner)\" width=\"500\" height=\"281\" src=\"https:\/\/www.youtube.com\/embed\/E5dy4UfCWak?feature=oembed\" frameborder=\"0\" allow=\"accelerometer; autoplay; clipboard-write; encrypted-media; gyroscope; picture-in-picture\" allowfullscreen><\/iframe><\/p>\n<p>&nbsp;<\/p>\n<h1><!--more-->\u0627\u0644\u0646\u0641\u0642\u0629 \u0627\u0644\u062f\u0627\u0626\u0645\u0629 \u062a\u0624\u0630\u064a<\/h1>\n<p><iframe loading=\"lazy\" title=\"S\u00fcreli ve S\u00fcresiz Nafaka - Ulusal Kanal  (Kaya Partner)\" width=\"500\" height=\"281\" src=\"https:\/\/www.youtube.com\/embed\/KErgTcuq7dM?feature=oembed\" frameborder=\"0\" allow=\"accelerometer; autoplay; clipboard-write; encrypted-media; gyroscope; picture-in-picture\" allowfullscreen><\/iframe><\/p>\n<p>&nbsp;<\/p>\n<p>&nbsp;<\/p>\n","protected":false},"excerpt":{"rendered":"<p>\u0627\u0644\u0639\u0645\u0644\u0629 \u0627\u0644\u0645\u0634\u0641\u0631\u0629 \u0648\u0627\u0644\u0642\u0627\u0646\u0648\u0646 \u0627\u0644\u062f\u0648\u0644\u064a \u0648\u0627\u0644\u0625\u0646\u0641\u0627\u0630 \u0641\u064a \u0627\u0644\u062e\u0627\u0631\u062c \u0648\u062f\u064a \u0628\u0627\u0643\u0631 \u0648\u062f\u064a\u0627\u0631\u062f\u064a\u0631 \u0641\u0627\u0647\u064a\u062a \u0643\u0627\u064a\u0627 \u0648\u0625\u064a\u0641\u064a\u0646 \u062f\u064a\u0643\u0646<\/p>\n","protected":false},"author":2,"featured_media":0,"parent":0,"menu_order":0,"comment_status":"closed","ping_status":"closed","template":"","meta":[],"_links":{"self":[{"href":"https:\/\/kayapartner.com\/ar\/wp-json\/wp\/v2\/pages\/285"}],"collection":[{"href":"https:\/\/kayapartner.com\/ar\/wp-json\/wp\/v2\/pages"}],"about":[{"href":"https:\/\/kayapartner.com\/ar\/wp-json\/wp\/v2\/types\/page"}],"author":[{"embeddable":true,"href":"https:\/\/kayapartner.com\/ar\/wp-json\/wp\/v2\/users\/2"}],"replies":[{"embeddable":true,"href":"https:\/\/kayapartner.com\/ar\/wp-json\/wp\/v2\/comments?post=285"}],"version-history":[{"count":34,"href":"https:\/\/kayapartner.com\/ar\/wp-json\/wp\/v2\/pages\/285\/revisions"}],"predecessor-version":[{"id":1237,"href":"https:\/\/kayapartner.com\/ar\/wp-json\/wp\/v2\/pages\/285\/revisions\/1237"}],"wp:attachment":[{"href":"https:\/\/kayapartner.com\/ar\/wp-json\/wp\/v2\/media?parent=285"}],"curies":[{"name":"wp","href":"https:\/\/api.w.org\/{rel}","templated":true}]}}