{"id":261,"date":"2020-04-24T22:42:48","date_gmt":"2020-04-24T19:42:48","guid":{"rendered":"https:\/\/kayapartner.com\/?page_id=261"},"modified":"2022-09-02T00:01:13","modified_gmt":"2022-09-01T21:01:13","slug":"%d9%82%d9%8a%d9%88%d8%af-%d8%b9%d9%84%d9%89-%d8%aa%d9%88%d8%b2%d9%8a%d8%b9-%d8%a7%d9%84%d8%a3%d8%b1%d8%a8%d8%a7%d8%ad-%d9%81%d9%8a-%d8%b9%d9%85%d9%84%d9%8a%d8%a9-covid-19","status":"publish","type":"page","link":"https:\/\/kayapartner.com\/ar\/%d9%82%d9%8a%d9%88%d8%af-%d8%b9%d9%84%d9%89-%d8%aa%d9%88%d8%b2%d9%8a%d8%b9-%d8%a7%d9%84%d8%a3%d8%b1%d8%a8%d8%a7%d8%ad-%d9%81%d9%8a-%d8%b9%d9%85%d9%84%d9%8a%d8%a9-covid-19\/","title":{"rendered":"\u0642\u064a\u0648\u062f \u0639\u0644\u0649 \u062a\u0648\u0632\u064a\u0639 \u0627\u0644\u0623\u0631\u0628\u0627\u062d \u0641\u064a \u0639\u0645\u0644\u064a\u0629 COVID-19"},"content":{"rendered":"<p><strong>\u00a0 \u00a0 \u00a0 \u00a0 \u00a0 \u00a0 \u00a0 \u00a0 \u00a0 \u00a0 \u00a0 \u00a0 \u00a0 \u00a0 \u00a0 \u00a0 \u00a0 \u00a0 \u00a0 \u00a0 \u00a0<\/strong><\/p>\n<p>\u062a\u0645 \u062a\u0642\u064a\u064a\u062f \u062a\u0648\u0632\u064a\u0639 \u0627\u0644\u0623\u0631\u0628\u0627\u062d &#8211; COVID 19 (\u0642\u0627\u0646\u0648\u0646 \u0645\u062d\u0644\u064a)<\/p>\n<p>\u0641\u064a \u0646\u0637\u0627\u0642 \u0627\u0644\u062a\u062f\u0627\u0628\u064a\u0631 \u0627\u0644\u0645\u062a\u062e\u0630\u0629 \u0628\u0633\u0628\u0628 COVID-19 \u060c \u062a\u0645 \u0646\u0634\u0631 \u0627\u0644\u0642\u0627\u0646\u0648\u0646 \u0631\u0642\u0645 7244 \u0628\u0634\u0623\u0646 \u0627\u0644\u062d\u062f \u0645\u0646 \u0622\u062b\u0627\u0631 \u0648\u0628\u0627\u0621 \u0641\u064a\u0631\u0648\u0633 \u0643\u0648\u0631\u0648\u0646\u0627 \u0627\u0644\u062c\u062f\u064a\u062f (COVID-19) \u0639\u0644\u0649 \u0627\u0644\u062d\u064a\u0627\u0629 \u0627\u0644\u0627\u0642\u062a\u0635\u0627\u062f\u064a\u0629 \u0648\u0627\u0644\u0627\u062c\u062a\u0645\u0627\u0639\u064a\u0629 \u0648\u062a\u0639\u062f\u064a\u0644 \u0628\u0639\u0636 \u0627\u0644\u0642\u0648\u0627\u0646\u064a\u0646 \u0641\u064a \u0627\u0644\u062c\u0631\u064a\u062f\u0629 \u0627\u0644\u0631\u0633\u0645\u064a\u0629 \u0631\u0642\u0645 31102 \u0641\u064a 17 \u0623\u0628\u0631\u064a\u0644 2020 \u0648\u062f\u062e\u0644\u062a \u062d\u064a\u0632 \u0627\u0644\u062a\u0646\u0641\u064a\u0630. \u0648\u0641\u0642\u064b\u0627 \u0644\u0647\u0630\u0627 \u0627\u0644\u0642\u0627\u0646\u0648\u0646 \u0627\u0644\u0634\u0627\u0645\u0644 \u060c \u062a\u0645 \u0641\u0631\u0636 \u0642\u064a\u0648\u062f \u0639\u0644\u0649 \u062a\u0648\u0632\u064a\u0639 \u0627\u0644\u0623\u0631\u0628\u0627\u062d \u0643\u0645\u0627 \u0633\u0646\u0648\u0636\u062d \u0623\u062f\u0646\u0627\u0647.<br \/>\n\u062a\u0646\u0635 \u0627\u0644\u0645\u0627\u062f\u0629 12 \u0645\u0646 \u0642\u0627\u0646\u0648\u0646 Omnibus \u0639\u0644\u0649 \u0625\u0636\u0627\u0641\u0629 \u0645\u0627\u062f\u0629 \u0645\u0624\u0642\u062a\u0629 \u0625\u0644\u0649 \u0627\u0644\u0642\u0627\u0646\u0648\u0646 \u0627\u0644\u062a\u062c\u0627\u0631\u064a \u0627\u0644\u062a\u0631\u0643\u064a \u0631\u0642\u0645 6102 \u0628\u0634\u0623\u0646 \u062a\u0642\u064a\u064a\u062f \u062a\u0648\u0632\u064a\u0639 \u0623\u0631\u0628\u0627\u062d \u0623\u0631\u0628\u0627\u062d \u0627\u0644\u0634\u0631\u0643\u0627\u062a \u0627\u0644\u0631\u0623\u0633\u0645\u0627\u0644\u064a\u0629 \u0641\u064a \u0639\u0627\u0645 2019 \u0648\u0645\u0627 \u0642\u0628\u0644\u0647. \u0648\u0639\u0644\u064a\u0647 \u060c \u0644\u0646 \u062a\u062a\u0645\u0643\u0646 \u0627\u0644\u0634\u0631\u0643\u0627\u062a \u0627\u0644\u0631\u0623\u0633\u0645\u0627\u0644\u064a\u0629 \u0645\u0646 \u0627\u062a\u062e\u0627\u0630 \u0642\u0631\u0627\u0631 \u0628\u0634\u0623\u0646 \u062a\u0648\u0632\u064a\u0639 25\u066a \u0643\u062d\u062f \u0623\u0642\u0635\u0649 \u0645\u0646 \u0635\u0627\u0641\u064a \u0627\u0644\u0631\u0628\u062d \u0644\u0639\u0627\u0645 2019 \u062d\u062a\u0649 30 \u0633\u0628\u062a\u0645\u0628\u0631 2020 \u060c \u0648\u0644\u0646 \u062a\u062a\u0645\u0643\u0646 \u0645\u0646 \u062a\u0648\u0632\u064a\u0639 \u0623\u0631\u0628\u0627\u062d \u0627\u0644\u0633\u0646\u0648\u0627\u062a \u0627\u0644\u0633\u0627\u0628\u0642\u0629 \u0648\u0627\u0644\u0627\u062d\u062a\u064a\u0627\u0637\u064a\u0627\u062a \u0627\u0644\u0645\u062c\u0627\u0646\u064a\u0629 \u060c \u0648\u0644\u0646 \u062a\u0643\u0648\u0646 \u0642\u0627\u062f\u0631\u0629 \u0639\u0644\u0649 \u0630\u0644\u0643. \u0644\u062a\u0641\u0648\u064a\u0636 \u0645\u062c\u0644\u0633 \u0627\u0644\u0625\u062f\u0627\u0631\u0629 \u0628\u062a\u0648\u0632\u064a\u0639 \u0633\u0644\u0641 \u0623\u0631\u0628\u0627\u062d. \u064a\u062c\u0648\u0632 \u062a\u0645\u062f\u064a\u062f \u0627\u0644\u0641\u062a\u0631\u0629 \u0627\u0644\u0645\u062d\u062f\u062f\u0629 \u0641\u064a 30 \u0633\u0628\u062a\u0645\u0628\u0631 2020 \u0623\u0648 \u062a\u0642\u0635\u064a\u0631\u0647\u0627 \u0644\u0645\u062f\u0629 \u062b\u0644\u0627\u062b\u0629 \u0623\u0634\u0647\u0631 \u0625\u0630\u0627 \u0631\u0623\u0649 \u0627\u0644\u0631\u0626\u064a\u0633 \u0630\u0644\u0643 \u0636\u0631\u0648\u0631\u064a\u064b\u0627.<br \/>\n\u0648\u0641\u0642\u064b\u0627 \u0644\u0644\u0645\u0627\u062f\u0629 \u0646\u0641\u0633\u0647\u0627 \u060c \u0625\u0630\u0627 \u0642\u0631\u0631\u062a \u0627\u0644\u062c\u0645\u0639\u064a\u0629 \u0627\u0644\u0639\u0627\u0645\u0629 \u062a\u0648\u0632\u064a\u0639 \u0623\u0631\u0628\u0627\u062d \u0639\u0646 \u0627\u0644\u0641\u062a\u0631\u0629 \u0627\u0644\u0645\u062d\u0627\u0633\u0628\u064a\u0629 \u0644\u0639\u0627\u0645 2019 \u060c \u0648\u0644\u0643\u0646 \u0644\u0645 \u064a\u062a\u0645 \u0633\u062f\u0627\u062f \u0627\u0644\u0645\u0633\u0627\u0647\u0645\u064a\u0646 \u0628\u0639\u062f \u0623\u0648 \u062a\u0645 \u0633\u062f\u0627\u062f \u0645\u062f\u0641\u0648\u0639\u0627\u062a \u062c\u0632\u0626\u064a\u0629 \u060c \u0641\u0625\u0646 \u0645\u062f\u0641\u0648\u0639\u0627\u062a \u0627\u0644\u062c\u0632\u0621 \u062a\u062a\u062c\u0627\u0648\u0632 25 \u066a \u0645\u0646 \u0635\u0627\u0641\u064a \u0631\u0628\u062d 2019 \u0639\u0646 \u064a\u062c\u0628 \u062a\u0623\u062c\u064a\u0644 \u0627\u0644\u0641\u062a\u0631\u0629 \u062d\u062a\u0649 30 \u0633\u0628\u062a\u0645\u0628\u0631 2020.<br \/>\n\u062a\u064f\u0639\u0641\u0649 \u0627\u0644\u062f\u0648\u0644\u0629 \u060c \u0648\u0627\u0644\u0625\u062f\u0627\u0631\u0629 \u0627\u0644\u0625\u0642\u0644\u064a\u0645\u064a\u0629 \u0627\u0644\u062e\u0627\u0635\u0629 \u060c \u0648\u0627\u0644\u0628\u0644\u062f\u064a\u0629 \u060c \u0648\u0627\u0644\u0642\u0631\u064a\u0629 \u060c \u0648\u0627\u0644\u0643\u064a\u0627\u0646\u0627\u062a \u0627\u0644\u0627\u0639\u062a\u0628\u0627\u0631\u064a\u0629 \u0627\u0644\u0639\u0627\u0645\u0629 \u0627\u0644\u0623\u062e\u0631\u0649 \u0648\u0627\u0644\u0634\u0631\u0643\u0627\u062a \u0627\u0644\u062a\u064a \u064a\u0645\u062a\u0644\u0643 \u0641\u064a\u0647\u0627 \u0627\u0644\u0645\u0627\u0644 \u0627\u0644\u0639\u0627\u0645 \u0623\u0643\u062b\u0631 \u0645\u0646 \u062e\u0645\u0633\u064a\u0646 \u0628\u0627\u0644\u0645\u0627\u0626\u0629 \u0645\u0646 \u0631\u0623\u0633 \u0645\u0627\u0644\u0647\u0627 \u060c \u0648\u0628\u0634\u0643\u0644 \u0645\u0628\u0627\u0634\u0631 \u0623\u0648 \u063a\u064a\u0631 \u0645\u0628\u0627\u0634\u0631 \u0623\u0643\u062b\u0631 \u0645\u0646 \u062e\u0645\u0633\u064a\u0646 \u0628\u0627\u0644\u0645\u0627\u0626\u0629 \u0645\u0646 \u0631\u0623\u0633 \u0627\u0644\u0645\u0627\u0644 \u060c \u0645\u0646 \u0627\u0644\u0631\u0628\u062d \u0627\u0644\u0645\u0630\u0643\u0648\u0631 \u0642\u064a\u0648\u062f \u0627\u0644\u062a\u0648\u0632\u064a\u0639.<\/p>\n<p>\u0641\u064a \u0627\u0644\u0623\u0633\u0627\u0633 \u0627\u0644\u0645\u0646\u0637\u0642\u064a \u0644\u0644\u0645\u0627\u062f\u0629 \u0630\u0627\u062a \u0627\u0644\u0635\u0644\u0629 \u0645\u0646 \u0642\u0627\u0646\u0648\u0646 Omnibus \u060c \u0630\u0643\u0631 \u0623\u0646\u0647 \u0643\u0633\u064a\u0627\u0633\u0629 \u0627\u062d\u062a\u0631\u0627\u0632\u064a\u0629 \u062a\u0645 \u062a\u0628\u0646\u064a\u0647\u0627 \u0636\u062f \u0627\u0644\u062e\u0637\u0631 \u0627\u0644\u0630\u064a \u064a\u0634\u0643\u0644\u0647 Covid-19 \u0639\u0644\u0649 \u0627\u0644\u062d\u064a\u0627\u0629 \u0627\u0644\u0627\u0642\u062a\u0635\u0627\u062f\u064a\u0629 \u060c \u062a\u0645 \u0648\u0636\u0639 \u0627\u0644\u0644\u0648\u0627\u0626\u062d \u0630\u0627\u062a \u0627\u0644\u0635\u0644\u0629 \u0645\u0646 \u0623\u062c\u0644 \u0639\u062f\u0645 \u062a\u0642\u0644\u064a\u0644 \u0645\u0648\u0627\u0631\u062f \u0627\u0644\u0634\u0631\u0643\u0629 \u0639\u0646 \u0637\u0631\u064a\u0642 \u062a\u0648\u0632\u064a\u0639 \u0627\u0644\u0623\u0631\u0628\u0627\u062d \u0627\u0644\u0646\u0642\u062f\u064a\u0629 \u060c \u0644\u062d\u0645\u0627\u064a\u0629 \u0647\u064a\u0627\u0643\u0644 \u0627\u0644\u0623\u0633\u0647\u0645 \u0627\u0644\u062d\u0627\u0644\u064a\u0629 \u0644\u0644\u0634\u0631\u0643\u0627\u062a \u0648\u0628\u0627\u0644\u062a\u0627\u0644\u064a \u062a\u062c\u0646\u0628 \u0627\u0644\u062d\u0627\u062c\u0629 \u0625\u0644\u0649 \u062a\u0645\u0648\u064a\u0644 \u0625\u0636\u0627\u0641\u064a.<br \/>\n\u0645\u0627\u0630\u0627 \u064a\u0648\u062c\u062f \u0641\u064a \u0627\u0644\u062a\u063a\u064a\u064a\u0631 \u0641\u064a \u0633\u0637\u0648\u0631\u061f<br \/>\n\u0648\u0641\u0642\u064b\u0627 \u0644\u0642\u0627\u0646\u0648\u0646 Omnibus \u060c \u0641\u0625\u0646 \u0627\u0644\u062f\u0648\u0644\u0629 \u0648\u0627\u0644\u0625\u062f\u0627\u0631\u0627\u062a \u0627\u0644\u0625\u0642\u0644\u064a\u0645\u064a\u0629 \u0627\u0644\u062e\u0627\u0635\u0629 \u0648\u0627\u0644\u0628\u0644\u062f\u064a\u0627\u062a \u0648\u0627\u0644\u0642\u0631\u0649 \u0648\u0627\u0644\u0643\u064a\u0627\u0646\u0627\u062a \u0627\u0644\u0642\u0627\u0646\u0648\u0646\u064a\u0629 \u0627\u0644\u0639\u0627\u0645\u0629 \u0627\u0644\u0623\u062e\u0631\u0649 \u0648\u0627\u0644\u0634\u0631\u0643\u0627\u062a \u0627\u0644\u0631\u0623\u0633\u0645\u0627\u0644\u064a\u0629 \u060c \u0628\u0627\u0633\u062a\u062b\u0646\u0627\u0621 \u0627\u0644\u0634\u0631\u0643\u0627\u062a \u0627\u0644\u062a\u064a \u062a\u0645\u062a\u0644\u0643 \u0627\u0644\u0623\u0645\u0648\u0627\u0644 \u0627\u0644\u0639\u0627\u0645\u0629 \u0623\u0643\u062b\u0631 \u0645\u0646 \u062e\u0645\u0633\u064a\u0646 \u0628\u0627\u0644\u0645\u0627\u0626\u0629 \u0645\u0646 \u0631\u0623\u0633 \u0645\u0627\u0644\u0647\u0627 \u060c \u0628\u0634\u0643\u0644 \u0645\u0628\u0627\u0634\u0631 \u0623\u0648 \u063a\u064a\u0631 \u0645\u0628\u0627\u0634\u0631 \u060c \u0623\u0643\u062b\u0631 \u0645\u0646 \u062e\u0645\u0633\u064a\u0646 \u0628\u0627\u0644\u0645\u0627\u0626\u0629 \u0645\u0646 \u0631\u0623\u0633 \u0627\u0644\u0645\u0627\u0644 \u0645\u062d\u062a\u0641\u0638 \u0628\u0647 \u062d\u062a\u0649 30.09.2020.<br \/>\n1. \u0644\u0627 \u064a\u0645\u0643\u0646 \u0623\u0646 \u064a\u062a\u062c\u0627\u0648\u0632 \u0645\u0642\u062f\u0627\u0631 \u0627\u0644\u0623\u0631\u0628\u0627\u062d \u0627\u0644\u062a\u064a \u064a\u0645\u0643\u0646 \u062a\u0648\u0632\u064a\u0639\u0647\u0627 25\u066a \u0645\u0646 \u0635\u0627\u0641\u064a \u0631\u0628\u062d \u0639\u0627\u0645 2019 \u060c<br \/>\n2. \u0627\u0644\u0623\u0631\u0628\u0627\u062d \u0627\u0644\u0645\u062d\u062a\u062c\u0632\u0629 \u0648\u0627\u0644\u0627\u062d\u062a\u064a\u0627\u0637\u064a\u0627\u062a \u0627\u0644\u0645\u062c\u0627\u0646\u064a\u0629 \u0644\u0627 \u062a\u062e\u0636\u0639 \u0644\u0644\u062a\u0648\u0632\u064a\u0639 \u060c<br \/>\n3. \u0644\u0627 \u064a\u062c\u0648\u0632 \u0644\u0645\u062c\u0644\u0633 \u0627\u0644\u0625\u062f\u0627\u0631\u0629 \u0623\u0646 \u064a\u0635\u0631\u062d \u0644\u0647 \u0628\u062a\u0648\u0632\u064a\u0639 \u0623\u0631\u0628\u0627\u062d \u0645\u0642\u062f\u0645\u0627 \u0645\u0646 \u0642\u0628\u0644 \u0627\u0644\u062c\u0645\u0639\u064a\u0629 \u0627\u0644\u0639\u0627\u0645\u0629.<br \/>\n4. \u0625\u0630\u0627 \u062a\u0645 \u0627\u062a\u062e\u0627\u0630 \u0642\u0631\u0627\u0631 \u062a\u0648\u0632\u064a\u0639 \u0623\u0631\u0628\u0627\u062d \u0639\u0646 \u0627\u0644\u0641\u062a\u0631\u0629 \u0627\u0644\u0645\u062d\u0627\u0633\u0628\u064a\u0629 \u0644\u0639\u0627\u0645 2019 \u0645\u0646 \u0642\u0628\u0644 \u0627\u0644\u062c\u0645\u0639\u064a\u0629 \u0627\u0644\u0639\u0645\u0648\u0645\u064a\u0629 \u0642\u0628\u0644 \u062f\u062e\u0648\u0644 \u0627\u0644\u0642\u0627\u0646\u0648\u0646 \u062d\u064a\u0632 \u0627\u0644\u062a\u0646\u0641\u064a\u0630 \u060c \u0648\u0644\u0643\u0646 \u0644\u0645 \u064a\u062a\u0645 \u0633\u062f\u0627\u062f \u0627\u0644\u0645\u0633\u0627\u0647\u0645\u064a\u0646 \u0628\u0639\u062f \u0623\u0648 \u062a\u0645 \u0633\u062f\u0627\u062f \u0645\u062f\u0641\u0648\u0639\u0627\u062a \u062c\u0632\u0626\u064a\u0629 \u060c \u0641\u0625\u0646 \u0645\u062f\u0641\u0648\u0639\u0627\u062a \u0627\u0644\u062c\u0632\u0621 \u0627\u0644\u0630\u064a \u064a\u062a\u062c\u0627\u0648\u0632 25\u066a \u0645\u0646 \u0633\u064a\u062a\u0645 \u062a\u0623\u062c\u064a\u0644 \u0635\u0627\u0641\u064a \u0627\u0644\u0631\u0628\u062d \u0644\u0639\u0627\u0645 2019.<br \/>\n\u0627\u0644\u0631\u0626\u064a\u0633 \u0645\u062e\u0648\u0644 \u0628\u062a\u0645\u062f\u064a\u062f \u0623\u0648 \u062a\u0642\u0635\u064a\u0631 \u0627\u0644\u0641\u062a\u0631\u0629 \u0627\u0644\u0645\u062d\u062f\u062f\u0629 \u0628\u062b\u0644\u0627\u062b\u0629 \u0623\u0634\u0647\u0631. \u0628\u0627\u0644\u0625\u0636\u0627\u0641\u0629 \u0625\u0644\u0649 \u0630\u0644\u0643 \u060c \u062a\u0645 \u062a\u0641\u0648\u064a\u0636 \u0648\u0632\u0627\u0631\u0629 \u0627\u0644\u062a\u062c\u0627\u0631\u0629 \u0644\u062a\u062d\u062f\u064a\u062f \u0627\u0644\u0627\u0633\u062a\u062b\u0646\u0627\u0621\u0627\u062a \u0627\u0644\u062e\u0627\u0635\u0629 \u0628\u0627\u0644\u0645\u0627\u062f\u0629 \u0627\u0644\u0645\u0624\u0642\u062a\u0629 \u0627\u0644\u0645\u0636\u0627\u0641\u0629 \u0625\u0644\u0649 \u0627\u0644\u0642\u0627\u0646\u0648\u0646 \u0627\u0644\u062a\u062c\u0627\u0631\u064a \u0627\u0644\u062a\u0631\u0643\u064a \u060c \u0648\u0643\u0630\u0644\u0643 \u0627\u0644\u0625\u062c\u0631\u0627\u0621\u0627\u062a \u0648\u0627\u0644\u0645\u0628\u0627\u062f\u0626 \u0627\u0644\u0645\u062a\u0639\u0644\u0642\u0629 \u0628\u0627\u0644\u062a\u0646\u0641\u064a\u0630 \u060c \u0645\u0646 \u062e\u0644\u0627\u0644 \u0627\u0644\u062d\u0635\u0648\u0644 \u0639\u0644\u0649 \u0631\u0623\u064a \u0648\u0632\u0627\u0631\u0629 \u0627\u0644\u062e\u0632\u0627\u0646\u0629 \u0648\u0627\u0644\u0645\u0627\u0644\u064a\u0629.<br \/>\n\u0648\u0630\u0643\u0631 \u0623\u0646 \u0633\u0628\u0628 \u0627\u0644\u062a\u063a\u064a\u064a\u0631 \u0644\u0645 \u064a\u0643\u0646 \u062a\u0642\u0644\u064a\u0644 \u0645\u0648\u0627\u0631\u062f \u0627\u0644\u0634\u0631\u0643\u0629 \u0639\u0646 \u0637\u0631\u064a\u0642 \u062a\u0648\u0632\u064a\u0639 \u0623\u0631\u0628\u0627\u062d \u0646\u0642\u062f\u064a\u0629 \u060c \u0643\u0634\u0631\u0637 \u0644\u0633\u064a\u0627\u0633\u0629 \u0627\u0644\u062d\u064a\u0637\u0629 \u060c \u0644\u062d\u0645\u0627\u064a\u0629 \u0647\u064a\u0627\u0643\u0644 \u0627\u0644\u0623\u0633\u0647\u0645 \u0627\u0644\u062d\u0627\u0644\u064a\u0629 \u0644\u0644\u0634\u0631\u0643\u0627\u062a \u0648\u062a\u062c\u0646\u0628 \u0627\u0644\u062d\u0627\u062c\u0629 \u0625\u0644\u0649 \u062a\u0645\u0648\u064a\u0644 \u0625\u0636\u0627\u0641\u064a.<\/p>\n<p>\u0646\u062a\u064a\u062c\u0629 \u0644\u060c<\/p>\n<p>\u0646\u0639\u062a\u0642\u062f \u0623\u0646 \u0627\u0644\u0634\u0631\u0643\u0627\u062a \u064a\u062c\u0628 \u0623\u0646 \u062a\u062a\u0635\u0631\u0641 \u0645\u0646 \u062e\u0644\u0627\u0644 \u062a\u0642\u064a\u064a\u0645 \u0627\u0644\u0642\u0636\u0627\u064a\u0627 \u0627\u0644\u062a\u0627\u0644\u064a\u0629 \u0636\u0645\u0646 \u0646\u0637\u0627\u0642 \u0627\u0644\u0642\u064a\u062f \u0627\u0644\u0645\u0630\u0643\u0648\u0631.<br \/>\n1. \u0644\u0627 \u064a\u0642\u0648\u0636 \u0627\u0644\u062a\u0642\u064a\u064a\u062f \u0634\u0631\u0637 \u0623\u0646 \u064a\u062a\u0635\u0631\u0641 \u0623\u0639\u0636\u0627\u0621 \u0645\u062c\u0644\u0633 \u0627\u0644\u0625\u062f\u0627\u0631\u0629 \u0628\u062d\u0643\u0645\u0629 \u0648\u062d\u0630\u0631 \u0641\u064a \u062d\u0645\u0627\u064a\u0629 \u062d\u0642\u0648\u0642 \u0627\u0644\u0645\u0644\u0643\u064a\u0629 \u0628\u0634\u0643\u0644 \u0639\u0627\u0645 \u0628\u0645\u0648\u062c\u0628 \u0642\u0627\u0646\u0648\u0646 \u0627\u0644\u062a\u062c\u0627\u0631\u0629 \u0648\u0627\u0644\u0633\u064a\u0627\u062d\u0629. \u0641\u064a \u0647\u0630\u0627 \u0627\u0644\u0635\u062f\u062f \u060c \u062d\u062a\u0649 \u0625\u0630\u0627 \u0643\u0627\u0646 \u0647\u0646\u0627\u0643 \u0631\u0628\u062d \u064a\u062a\u0645 \u062a\u0648\u0632\u064a\u0639\u0647 \u0648\u0641\u0642\u064b\u0627 \u0644\u0644\u0628\u064a\u0627\u0646\u0627\u062a \u0627\u0644\u0645\u0627\u0644\u064a\u0629 \u0644\u0646\u0647\u0627\u064a\u0629 \u0627\u0644\u0639\u0627\u0645 2019 \u060c \u064a\u062c\u0628 \u0625\u0639\u062f\u0627\u062f \u0645\u064a\u0632\u0627\u0646\u064a\u0629 \u0639\u0645\u0648\u0645\u064a\u0629 \u0645\u0624\u0642\u062a\u0629 \u0642\u0628\u0644 \u062a\u0627\u0631\u064a\u062e \u0627\u0644\u062c\u0645\u0639\u064a\u0629 \u0627\u0644\u0639\u0627\u0645\u0629 \u0648\u064a\u062c\u0628 \u062a\u062d\u062f\u064a\u062f \u062d\u0627\u0644\u0629 \u062d\u0642\u0648\u0642 \u0627\u0644\u0645\u0644\u0643\u064a\u0629 \u0648\u0627\u0644\u062a\u062f\u0641\u0642\u0627\u062a \u0627\u0644\u0646\u0642\u062f\u064a\u0629 \u0627\u0644\u062d\u0627\u0644\u064a\u0629 \u0644\u0644\u0634\u0631\u0643\u0629 \u0648 \u064a\u062c\u0628 \u062a\u0642\u064a\u064a\u0645 \u0645\u0627 \u0625\u0630\u0627 \u0643\u0627\u0646 \u062a\u0648\u0632\u064a\u0639 \u0623\u0631\u0628\u0627\u062d \u0627\u0644\u0641\u062a\u0631\u0629 \u0627\u0644\u0635\u0627\u0641\u064a\u0629 \u0627\u0644\u0645\u062d\u062f\u0648\u062f \u0628\u0646\u0633\u0628\u0629 25 \u066a \u0633\u064a\u0643\u0648\u0646 \u0644\u0647 \u062a\u0623\u062b\u064a\u0631 \u0633\u0644\u0628\u064a \u0639\u0644\u0649 \u0627\u0644\u0634\u0631\u0643\u0629.<br \/>\n2. \u0628\u0645\u0627 \u0623\u0646 \u0642\u0631\u0627\u0631\u0627\u062a \u062a\u0648\u0632\u064a\u0639 \u0627\u0644\u0623\u0631\u0628\u0627\u062d \u0644\u064a\u0633\u062a \u0645\u0639\u0627\u0645\u0644\u0627\u062a \u062e\u0627\u0636\u0639\u0629 \u0644\u0644\u062a\u0633\u062c\u064a\u0644 \u060c \u0641\u0625\u0646\u0647 \u064a\u0642\u0639 \u0639\u0644\u0649 \u0639\u0627\u062a\u0642 \u0645\u062c\u0644\u0633 \u0627\u0644\u0625\u062f\u0627\u0631\u0629 \u0648\u0627\u0644\u0645\u0633\u0627\u0647\u0645\u064a\u0646 \u0645\u0633\u0624\u0648\u0644\u064a\u0629 \u0627\u062a\u062e\u0627\u0630 \u0627\u0644\u0642\u0631\u0627\u0631\u0627\u062a \u0648\u0641\u0642\u064b\u0627 \u0644\u0644\u0642\u0627\u0646\u0648\u0646 \u060c \u0628\u063a\u0636 \u0627\u0644\u0646\u0638\u0631 \u0639\u0646 \u0645\u0645\u0627\u0631\u0633\u0627\u062a \u0627\u0644\u0633\u062c\u0644 \u0627\u0644\u062a\u062c\u0627\u0631\u064a.<br \/>\n3. \u0625\u0630\u0627 \u062a\u0645 \u0627\u062a\u062e\u0627\u0630 \u0642\u0631\u0627\u0631 \u062a\u0648\u0632\u064a\u0639 \u0623\u0631\u0628\u0627\u062d \u0639\u0646 \u0627\u0644\u0641\u062a\u0631\u0629 \u0627\u0644\u0645\u062d\u0627\u0633\u0628\u064a\u0629 \u0644\u0639\u0627\u0645 2019 \u0645\u0646 \u0642\u0628\u0644 \u0627\u0644\u062c\u0645\u0639\u064a\u0629 \u0627\u0644\u0639\u0627\u0645\u0629 \u0642\u0628\u0644 \u062f\u062e\u0648\u0644 \u0627\u0644\u0642\u0627\u0646\u0648\u0646 \u062d\u064a\u0632 \u0627\u0644\u062a\u0646\u0641\u064a\u0630 \u060c \u0648\u0644\u0643\u0646 \u0625\u0630\u0627 \u0644\u0645 \u064a\u062a\u0645 \u0627\u0644\u062f\u0641\u0639 \u0644\u0644\u0645\u0633\u0627\u0647\u0645\u064a\u0646 \u0628\u0639\u062f \u0623\u0648 \u062a\u0645 \u0633\u062f\u0627\u062f \u0645\u062f\u0641\u0648\u0639\u0627\u062a \u062c\u0632\u0626\u064a\u0629 \u060c \u0641\u0633\u064a\u062a\u0645 \u0627\u062a\u062e\u0627\u0630 \u0642\u0631\u0627\u0631 \u062c\u062f\u064a\u062f \u0641\u064a 30.09 2020 \u064a\u062c\u0628 \u062a\u0623\u062c\u064a\u0644\u0647 \u062d\u062a\u0649 \u062a\u0627\u0631\u064a\u062e \u0627\u0644\u0627\u0633\u062a\u062d\u0642\u0627\u0642.<br \/>\n\u0625\u0630\u0627 \u0643\u0646\u062a \u0628\u062d\u0627\u062c\u0629 \u0625\u0644\u0649 \u0645\u0632\u064a\u062f \u0645\u0646 \u0627\u0644\u0645\u0639\u0644\u0648\u0645\u0627\u062a \u0627\u0644\u062a\u0641\u0635\u064a\u0644\u064a\u0629 \u0623\u0648 \u0627\u0644\u0634\u0631\u062d \u062d\u0648\u0644 \u0647\u0630\u0627 \u0627\u0644\u0645\u0648\u0636\u0648\u0639 \u060c \u0641\u064a\u0645\u0643\u0646\u0643 \u0627\u0644\u0648\u0635\u0648\u0644 \u0625\u0644\u0649 \u0641\u0631\u064a\u0642 \u0642\u0627\u0646\u0648\u0646 \u0627\u0644\u0634\u0631\u0643\u0627\u062a \u0644\u062f\u064a\u0646\u0627 \u0639\u0628\u0631 info@kayapartner.com.<\/p>\n<p style=\"text-align: left;\"><strong>Av. A. Vahit KAYA -LLM, MBA<\/strong><br \/>\n<strong>Av. Y. Orhun KAMAN \u2013 LLB<\/strong><\/p>\n<p style=\"text-align: left;\"><strong>Dumlup\u0131nar Mah. Pelin Sok. No:51 Yenitepe\u2013Nuho\u011flu Rezidans 2 Etap B Blok Kat:16 D:159 34720 Fikirtepe-Kad\u0131k\u00f6y\/ISTANBUL<\/strong><br \/>\n<strong>Tel: (+90) 216 519 60 30 \/ 31 Fax: (+90) 216 519 60 32 info@kayapartner.com www.kayapartner.com<\/strong><\/p>\n<p><a href=\"https:\/\/kayapartner.com\/KarPayi-Dagitimina-Sinirlama-Getirildi-COVID-19-EvdeHukuk-23-4.20.pdf\"><img loading=\"lazy\" class=\"alignnone wp-image-278\" src=\"https:\/\/kayapartner.com\/wp-content\/uploads\/2020\/04\/pdf.png\" alt=\"\" width=\"39\" height=\"39\" srcset=\"https:\/\/kayapartner.com\/ar\/wp-content\/uploads\/2020\/04\/pdf.png 256w, https:\/\/kayapartner.com\/ar\/wp-content\/uploads\/2020\/04\/pdf-150x150.png 150w\" sizes=\"(max-width: 39px) 100vw, 39px\" \/><\/a><a href=\"https:\/\/kayapartner.com\/KarPayi-Dagitimina-Sinirlama-Getirildi-COVID-19-EvdeHukuk-23-4.20.docx\"><img loading=\"lazy\" class=\"alignnone wp-image-280\" src=\"https:\/\/kayapartner.com\/wp-content\/uploads\/2020\/04\/word-300x225.jpg\" alt=\"\" width=\"50\" height=\"37\" srcset=\"https:\/\/kayapartner.com\/ar\/wp-content\/uploads\/2020\/04\/word-300x225.jpg 300w, https:\/\/kayapartner.com\/ar\/wp-content\/uploads\/2020\/04\/word.jpg 480w\" sizes=\"(max-width: 50px) 100vw, 50px\" \/><\/a><\/p>\n","protected":false},"excerpt":{"rendered":"<p>\u00a0 \u00a0 \u00a0 \u00a0 \u00a0 \u00a0 \u00a0 \u00a0 \u00a0 \u00a0 \u00a0 \u00a0 \u00a0 \u00a0 \u00a0 \u00a0 \u00a0 \u00a0 \u00a0 \u00a0 \u00a0 \u062a\u0645 \u062a\u0642\u064a\u064a\u062f \u062a\u0648\u0632\u064a\u0639 \u0627\u0644\u0623\u0631\u0628\u0627\u062d &#8211; COVID 19 (\u0642\u0627\u0646\u0648\u0646 \u0645\u062d\u0644\u064a) \u0641\u064a \u0646\u0637\u0627\u0642 \u0627\u0644\u062a\u062f\u0627\u0628\u064a\u0631 \u0627\u0644\u0645\u062a\u062e\u0630\u0629 \u0628\u0633\u0628\u0628 COVID-19 \u060c \u062a\u0645 \u0646\u0634\u0631 \u0627\u0644\u0642\u0627\u0646\u0648\u0646 \u0631\u0642\u0645 7244 \u0628\u0634\u0623\u0646 \u0627\u0644\u062d\u062f \u0645\u0646 \u0622\u062b\u0627\u0631 \u0648\u0628\u0627\u0621 \u0641\u064a\u0631\u0648\u0633 \u0643\u0648\u0631\u0648\u0646\u0627 \u0627\u0644\u062c\u062f\u064a\u062f (COVID-19) \u0639\u0644\u0649 \u0627\u0644\u062d\u064a\u0627\u0629 \u0627\u0644\u0627\u0642\u062a\u0635\u0627\u062f\u064a\u0629 \u0648\u0627\u0644\u0627\u062c\u062a\u0645\u0627\u0639\u064a\u0629 [&hellip;]<\/p>\n","protected":false},"author":2,"featured_media":0,"parent":0,"menu_order":0,"comment_status":"closed","ping_status":"closed","template":"","meta":[],"_links":{"self":[{"href":"https:\/\/kayapartner.com\/ar\/wp-json\/wp\/v2\/pages\/261"}],"collection":[{"href":"https:\/\/kayapartner.com\/ar\/wp-json\/wp\/v2\/pages"}],"about":[{"href":"https:\/\/kayapartner.com\/ar\/wp-json\/wp\/v2\/types\/page"}],"author":[{"embeddable":true,"href":"https:\/\/kayapartner.com\/ar\/wp-json\/wp\/v2\/users\/2"}],"replies":[{"embeddable":true,"href":"https:\/\/kayapartner.com\/ar\/wp-json\/wp\/v2\/comments?post=261"}],"version-history":[{"count":16,"href":"https:\/\/kayapartner.com\/ar\/wp-json\/wp\/v2\/pages\/261\/revisions"}],"predecessor-version":[{"id":1226,"href":"https:\/\/kayapartner.com\/ar\/wp-json\/wp\/v2\/pages\/261\/revisions\/1226"}],"wp:attachment":[{"href":"https:\/\/kayapartner.com\/ar\/wp-json\/wp\/v2\/media?parent=261"}],"curies":[{"name":"wp","href":"https:\/\/api.w.org\/{rel}","templated":true}]}}